{"id":186224,"date":"2024-05-09T21:56:23","date_gmt":"2024-05-09T21:56:23","guid":{"rendered":"https:\/\/aldeco.pt\/staging\/product\/santorini\/"},"modified":"2024-09-20T14:07:36","modified_gmt":"2024-09-20T14:07:36","slug":"santorini","status":"publish","type":"product","link":"https:\/\/staging.aldeco.pt\/pt-pt\/product\/santorini\/","title":{"rendered":"SANTORINI"},"content":{"rendered":"<p>Linda transpar\u00eancia multicolorida ideal para cortinas luminosas. As cores criam riscas que se misturam umas com as outras, criando um degrad\u00e9 suave. Este tecido est\u00e1 dispon\u00edvel em cores 5 tropicais, como Coral, Aqua, Saphire, Areia e Blue Sky.<\/p>\n","protected":false},"excerpt":{"rendered":"<p>Linda transpar\u00eancia multicolorida ideal para cortinas luminosas. As cores criam riscas que se misturam umas com as outras, criando um degrad\u00e9 suave. Este tecido est\u00e1 dispon\u00edvel em cores 5 tropicais, como Coral, Aqua, Saphire, Areia e Blue Sky.<\/p>\n<h2>Santorini, linda transpar\u00eancia multicolorida ideal para cortinas luminosas. As cores criam riscas que se misturam umas com as outras, criando um degrad\u00e9 suave. Este tecido est\u00e1 dispon\u00edvel em cores 5 tropicais, como Coral, Aqua, Saphire, Areia e Blue Sky.<\/h2>\n<p><img fetchpriority=\"high\" decoding=\"async\" class=\"alignnone wp-image-188822 size-medium\" src=\"https:\/\/aldeco.pt\/staging\/wp-content\/uploads\/2024\/03\/T018820001-300x280.jpg\" alt=\"Santorini - Aldeco\" width=\"300\" height=\"280\" \/><\/p>\n<p><a href=\"https:\/\/www.instagram.com\/aldeco_interiorfabrics\/\">https:\/\/www.instagram.com\/aldeco_interiorfabrics\/<\/a><\/p>\n<p><a href=\"https:\/\/aldeco.pt\/staging\/product\/santorini\/?attribute_pa_aldeco-color=02-saphire-touch\">https:\/\/aldeco.pt\/staging\/product\/santorini\/?attribute_pa_aldeco-color=02-saphire-touch<\/a><\/p>\n","protected":false},"featured_media":177959,"template":"","meta":[],"product_brand":[],"product_cat":[13160],"product_tag":[],"class_list":{"0":"post-186224","1":"product","2":"type-product","3":"status-publish","4":"has-post-thumbnail","6":"product_cat-abitare-by-aldeco-pt-pt","7":"pa_cleanability-8282","8":"pa_composition-ext-100-pl-pt-pt","9":"pa_interior-fabrics-1-pt-pt","10":"pa_line-tecidos","11":"pa_lithfastness-9680","12":"pa_outdoor-0-pt-pt","13":"pa_range-transparente","14":"pa_rapport-horizontal-0-pt-pt","15":"pa_rapport-vertical-41-5-pt-pt","18":"first","19":"instock","20":"purchasable","21":"product-type-variable"},"acf":[],"_links":{"self":[{"href":"https:\/\/staging.aldeco.pt\/pt-pt\/wp-json\/wp\/v2\/product\/186224","targetHints":{"allow":["GET"]}}],"collection":[{"href":"https:\/\/staging.aldeco.pt\/pt-pt\/wp-json\/wp\/v2\/product"}],"about":[{"href":"https:\/\/staging.aldeco.pt\/pt-pt\/wp-json\/wp\/v2\/types\/product"}],"version-history":[{"count":2,"href":"https:\/\/staging.aldeco.pt\/pt-pt\/wp-json\/wp\/v2\/product\/186224\/revisions"}],"predecessor-version":[{"id":200718,"href":"https:\/\/staging.aldeco.pt\/pt-pt\/wp-json\/wp\/v2\/product\/186224\/revisions\/200718"}],"wp:featuredmedia":[{"embeddable":true,"href":"https:\/\/staging.aldeco.pt\/pt-pt\/wp-json\/wp\/v2\/media\/177959"}],"wp:attachment":[{"href":"https:\/\/staging.aldeco.pt\/pt-pt\/wp-json\/wp\/v2\/media?parent=186224"}],"wp:term":[{"taxonomy":"product_brand","embeddable":true,"href":"https:\/\/staging.aldeco.pt\/pt-pt\/wp-json\/wp\/v2\/product_brand?post=186224"},{"taxonomy":"product_cat","embeddable":true,"href":"https:\/\/staging.aldeco.pt\/pt-pt\/wp-json\/wp\/v2\/product_cat?post=186224"},{"taxonomy":"product_tag","embeddable":true,"href":"https:\/\/staging.aldeco.pt\/pt-pt\/wp-json\/wp\/v2\/product_tag?post=186224"}],"curies":[{"name":"wp","href":"https:\/\/api.w.org\/{rel}","templated":true}]}}