{"id":186205,"date":"2024-05-09T21:54:11","date_gmt":"2024-05-09T21:54:11","guid":{"rendered":"https:\/\/aldeco.pt\/staging\/product\/sally\/"},"modified":"2024-10-07T10:38:07","modified_gmt":"2024-10-07T10:38:07","slug":"sally","status":"publish","type":"product","link":"https:\/\/staging.aldeco.pt\/pt-pt\/product\/sally\/","title":{"rendered":"SALLY"},"content":{"rendered":"<p>Sally \u00e9 um tecido jacquard para cortina com um micro-motivo geom\u00e9trico muito discreto e elegante. Este tecido de 330 cm de largura composto por linho poli\u00e9ster tem um look muito natural e encontra-se dispon\u00edvel em 3 tons suaves.<\/p>\n","protected":false},"excerpt":{"rendered":"<p>Sally \u00e9 um tecido jacquard para cortina com um micro-motivo geom\u00e9trico muito discreto e elegante. Este tecido de 330 cm de largura composto por linho poli\u00e9ster tem um look muito natural e encontra-se dispon\u00edvel em 3 tons suaves.<\/p>\n<h2>Sally \u00e9 um tecido jacquard para cortina com um micro-motivo geom\u00e9trico muito discreto e elegante. Este tecido de 330 cm de largura composto por linho poli\u00e9ster tem um look muito natural e encontra-se dispon\u00edvel em 3 tons suaves.<\/h2>\n<p><img fetchpriority=\"high\" decoding=\"async\" class=\"alignnone wp-image-188766 size-medium\" src=\"https:\/\/aldeco.pt\/staging\/wp-content\/uploads\/2024\/03\/T017770001-300x225.jpg\" alt=\"Sally - Aldeco\" width=\"300\" height=\"225\" \/><\/p>\n<p><a href=\"https:\/\/www.instagram.com\/aldeco_interiorfabrics\/\">https:\/\/www.instagram.com\/aldeco_interiorfabrics\/<\/a><\/p>\n<p><a href=\"https:\/\/aldeco.pt\/staging\/product\/sally\/?attribute_pa_aldeco-color=1-white\">https:\/\/aldeco.pt\/staging\/product\/sally\/?attribute_pa_aldeco-color=1-white<\/a><\/p>\n","protected":false},"featured_media":145703,"template":"","meta":[],"product_brand":[],"product_cat":[6145],"product_tag":[],"class_list":{"0":"post-186205","1":"product","2":"type-product","3":"status-publish","4":"has-post-thumbnail","6":"product_cat-aldeco-2-pt-pt-2","7":"pa_cleanability-8282","8":"pa_composition-ext-25-pl-75-li-pt-pt","9":"pa_interior-fabrics-1-pt-pt","10":"pa_line-tecidos","11":"pa_lithfastness-3-4-pt-pt","12":"pa_outdoor-0-pt-pt","13":"pa_range-jacquard-pt-pt","14":"pa_range-transparente","15":"pa_rapport-vertical-11009","18":"first","19":"instock","20":"purchasable","21":"product-type-variable"},"acf":[],"_links":{"self":[{"href":"https:\/\/staging.aldeco.pt\/pt-pt\/wp-json\/wp\/v2\/product\/186205","targetHints":{"allow":["GET"]}}],"collection":[{"href":"https:\/\/staging.aldeco.pt\/pt-pt\/wp-json\/wp\/v2\/product"}],"about":[{"href":"https:\/\/staging.aldeco.pt\/pt-pt\/wp-json\/wp\/v2\/types\/product"}],"version-history":[{"count":3,"href":"https:\/\/staging.aldeco.pt\/pt-pt\/wp-json\/wp\/v2\/product\/186205\/revisions"}],"predecessor-version":[{"id":202102,"href":"https:\/\/staging.aldeco.pt\/pt-pt\/wp-json\/wp\/v2\/product\/186205\/revisions\/202102"}],"wp:featuredmedia":[{"embeddable":true,"href":"https:\/\/staging.aldeco.pt\/pt-pt\/wp-json\/wp\/v2\/media\/145703"}],"wp:attachment":[{"href":"https:\/\/staging.aldeco.pt\/pt-pt\/wp-json\/wp\/v2\/media?parent=186205"}],"wp:term":[{"taxonomy":"product_brand","embeddable":true,"href":"https:\/\/staging.aldeco.pt\/pt-pt\/wp-json\/wp\/v2\/product_brand?post=186205"},{"taxonomy":"product_cat","embeddable":true,"href":"https:\/\/staging.aldeco.pt\/pt-pt\/wp-json\/wp\/v2\/product_cat?post=186205"},{"taxonomy":"product_tag","embeddable":true,"href":"https:\/\/staging.aldeco.pt\/pt-pt\/wp-json\/wp\/v2\/product_tag?post=186205"}],"curies":[{"name":"wp","href":"https:\/\/api.w.org\/{rel}","templated":true}]}}