{"id":186203,"date":"2024-05-09T21:57:18","date_gmt":"2024-05-09T21:57:18","guid":{"rendered":"https:\/\/aldeco.pt\/staging\/product\/sealife-velvet\/"},"modified":"2024-08-07T13:41:34","modified_gmt":"2024-08-07T13:41:34","slug":"sealife-velvet","status":"publish","type":"product","link":"https:\/\/staging.aldeco.pt\/pt-pt\/product\/sealife-velvet\/","title":{"rendered":"SEALIFE VELVET"},"content":{"rendered":"<p>Sealife Velvet \u00e9 uma das estrelas desta cole\u00e7\u00e3o. Representamos a pr\u00f3pria vida e a preocupa\u00e7\u00e3o com as quest\u00f5es ambientais atuais e do futuro. Os corais s\u00e3o muito sens\u00edveis e aben\u00e7oam-nos com as mais belas e espantosas cores quando os oceanos est\u00e3o limpos, mas se o ambiente estiver polu\u00eddo, os corais morrem e perdem as suas cores maravilhosas. Neste veludo estampado de corpo pesado, oferecemos um fundo muito natural e a sua largura dupla torna-o extremamente vers\u00e1til, perfeito para estofo, reposteiros e colchas.<\/p>\n","protected":false},"excerpt":{"rendered":"<p>Sealife Velvet \u00e9 uma das estrelas desta cole\u00e7\u00e3o. Representamos a pr\u00f3pria vida e a preocupa\u00e7\u00e3o com as quest\u00f5es ambientais atuais e do futuro. Os corais s\u00e3o muito sens\u00edveis e aben\u00e7oam-nos com as mais belas e espantosas cores quando os oceanos est\u00e3o limpos, mas se o ambiente estiver polu\u00eddo, os corais morrem e perdem as suas cores maravilhosas. Neste veludo estampado de corpo pesado, oferecemos um fundo muito natural e a sua largura dupla torna-o extremamente vers\u00e1til, perfeito para estofo, reposteiros e colchas. <\/p>\n<h2>Sealife Velvet \u00e9 uma das estrelas desta cole\u00e7\u00e3o. Representamos a pr\u00f3pria vida e a preocupa\u00e7\u00e3o com as quest\u00f5es ambientais atuais e do futuro.<\/h2>\n<p><img fetchpriority=\"high\" decoding=\"async\" class=\"alignnone wp-image-188836 size-medium\" src=\"https:\/\/aldeco.pt\/staging\/wp-content\/uploads\/2024\/01\/T192060001-3-300x200.jpg\" alt=\"Sealife Velvet - Aldeco\" width=\"300\" height=\"200\"><\/p>\n<p><a href=\"https:\/\/www.instagram.com\/aldeco_interiorfabrics\/\">https:\/\/www.instagram.com\/aldeco_interiorfabrics\/<\/a><a href=\"https:\/\/aldeco.pt\/staging\/product\/sealife-velvet\/?attribute_pa_aldeco-color=01-aqua-mist\">https:\/\/aldeco.pt\/staging\/product\/sealife-velvet\/?attribute_pa_aldeco-color=01-aqua-mist<\/a><\/p>\n","protected":false},"featured_media":156863,"template":"","meta":[],"product_brand":[],"product_cat":[6145],"product_tag":[],"class_list":{"0":"post-186203","1":"product","2":"type-product","3":"status-publish","4":"has-post-thumbnail","6":"product_cat-aldeco-2-pt-pt-2","7":"pa_cleanability-8282","8":"pa_composition-ext-100-pl-pt-pt","9":"pa_interior-fabrics-1-pt-pt","10":"pa_line-tecidos","11":"pa_lithfastness-5-pt-pt","12":"pa_outdoor-0-pt-pt","13":"pa_range-dobby-pt-pt","14":"pa_range-tinto-em-peca","15":"pa_range-veludo","16":"pa_rapport-horizontal-57-pt-pt","17":"pa_rapport-vertical-46-pt-pt","18":"pa_special-treatments-fabrics-1-pt-pt","21":"first","22":"instock","23":"purchasable","24":"product-type-variable"},"acf":[],"_links":{"self":[{"href":"https:\/\/staging.aldeco.pt\/pt-pt\/wp-json\/wp\/v2\/product\/186203","targetHints":{"allow":["GET"]}}],"collection":[{"href":"https:\/\/staging.aldeco.pt\/pt-pt\/wp-json\/wp\/v2\/product"}],"about":[{"href":"https:\/\/staging.aldeco.pt\/pt-pt\/wp-json\/wp\/v2\/types\/product"}],"version-history":[{"count":2,"href":"https:\/\/staging.aldeco.pt\/pt-pt\/wp-json\/wp\/v2\/product\/186203\/revisions"}],"predecessor-version":[{"id":198574,"href":"https:\/\/staging.aldeco.pt\/pt-pt\/wp-json\/wp\/v2\/product\/186203\/revisions\/198574"}],"wp:featuredmedia":[{"embeddable":true,"href":"https:\/\/staging.aldeco.pt\/pt-pt\/wp-json\/wp\/v2\/media\/156863"}],"wp:attachment":[{"href":"https:\/\/staging.aldeco.pt\/pt-pt\/wp-json\/wp\/v2\/media?parent=186203"}],"wp:term":[{"taxonomy":"product_brand","embeddable":true,"href":"https:\/\/staging.aldeco.pt\/pt-pt\/wp-json\/wp\/v2\/product_brand?post=186203"},{"taxonomy":"product_cat","embeddable":true,"href":"https:\/\/staging.aldeco.pt\/pt-pt\/wp-json\/wp\/v2\/product_cat?post=186203"},{"taxonomy":"product_tag","embeddable":true,"href":"https:\/\/staging.aldeco.pt\/pt-pt\/wp-json\/wp\/v2\/product_tag?post=186203"}],"curies":[{"name":"wp","href":"https:\/\/api.w.org\/{rel}","templated":true}]}}