{"id":186165,"date":"2024-05-09T21:55:55","date_gmt":"2024-05-09T21:55:55","guid":{"rendered":"https:\/\/aldeco.pt\/staging\/product\/samoa-fr\/"},"modified":"2024-10-07T14:30:23","modified_gmt":"2024-10-07T14:30:23","slug":"samoa-fr","status":"publish","type":"product","link":"https:\/\/staging.aldeco.pt\/pt-pt\/product\/samoa-fr\/","title":{"rendered":"SAMOA FR"},"content":{"rendered":"<p>SAMOA FR \u00e9 um tecido de linho muito pesado. Tem uma estrutura muito grossa e apar\u00eancia natural. Este linho panam\u00e1 \u00e9 adequado para estofo resistente e est\u00e1 dispon\u00edvel em 9 cores essenciais. As cores foram cuidadosamente desenvolvidas para combinar com os diferentes designs desta cole\u00e7\u00e3o, bem como cole\u00e7\u00f5es anteriores.<\/p>\n","protected":false},"excerpt":{"rendered":"<p>\u00c9 um tecido de linho muito pesado. Tem uma estrutura muito grossa e apar\u00eancia natural. Este linho panam\u00e1 \u00e9 adequado para estofo resistente e est\u00e1 dispon\u00edvel em 9 cores essenciais. As cores foram cuidadosamente desenvolvidas para combinar com os diferentes designs desta cole\u00e7\u00e3o, bem como cole\u00e7\u00f5es anteriores.<\/p>\n<h2>SAMOA FR \u00e9 um tecido de linho muito pesado. Tem uma estrutura muito grossa e apar\u00eancia natural. Este linho panam\u00e1 \u00e9 adequado para estofo resistente e est\u00e1 dispon\u00edvel em 9 cores essenciais. As cores foram cuidadosamente desenvolvidas para combinar com os diferentes designs desta cole\u00e7\u00e3o, bem como cole\u00e7\u00f5es anteriores.<\/h2>\n<p><img fetchpriority=\"high\" decoding=\"async\" class=\"alignnone wp-image-188817 size-medium\" src=\"https:\/\/aldeco.pt\/staging\/wp-content\/uploads\/2024\/01\/T192490001-4-300x200.jpg\" alt=\"Samoa FR - Aldeco\" width=\"300\" height=\"200\" \/><\/p>\n<p><a href=\"https:\/\/www.instagram.com\/aldeco_interiorfabrics\/\">https:\/\/www.instagram.com\/aldeco_interiorfabrics\/<\/a><a href=\"https:\/\/aldeco.pt\/staging\/product\/samoa-fr\/?attribute_pa_aldeco-color=01-natural-white\">https:\/\/aldeco.pt\/staging\/product\/samoa-fr\/?attribute_pa_aldeco-color=01-natural-white<\/a><\/p>\n","protected":false},"featured_media":156843,"template":"","meta":[],"product_brand":[],"product_cat":[6145],"product_tag":[],"class_list":{"0":"post-186165","1":"product","2":"type-product","3":"status-publish","4":"has-post-thumbnail","6":"product_cat-aldeco-2-pt-pt-2","7":"pa_cleanability-8282","8":"pa_composition-ext-90-li-10-ny-pt-pt","9":"pa_contract-fabrics-1-pt-pt","10":"pa_interior-fabrics-1-pt-pt","11":"pa_line-tecidos","12":"pa_lithfastness-4-6-pt-pt","13":"pa_outdoor-0-pt-pt","14":"pa_range-liso","15":"pa_rapport-vertical-11009","18":"first","19":"instock","20":"purchasable","21":"product-type-variable"},"acf":[],"_links":{"self":[{"href":"https:\/\/staging.aldeco.pt\/pt-pt\/wp-json\/wp\/v2\/product\/186165","targetHints":{"allow":["GET"]}}],"collection":[{"href":"https:\/\/staging.aldeco.pt\/pt-pt\/wp-json\/wp\/v2\/product"}],"about":[{"href":"https:\/\/staging.aldeco.pt\/pt-pt\/wp-json\/wp\/v2\/types\/product"}],"version-history":[{"count":3,"href":"https:\/\/staging.aldeco.pt\/pt-pt\/wp-json\/wp\/v2\/product\/186165\/revisions"}],"predecessor-version":[{"id":202141,"href":"https:\/\/staging.aldeco.pt\/pt-pt\/wp-json\/wp\/v2\/product\/186165\/revisions\/202141"}],"wp:featuredmedia":[{"embeddable":true,"href":"https:\/\/staging.aldeco.pt\/pt-pt\/wp-json\/wp\/v2\/media\/156843"}],"wp:attachment":[{"href":"https:\/\/staging.aldeco.pt\/pt-pt\/wp-json\/wp\/v2\/media?parent=186165"}],"wp:term":[{"taxonomy":"product_brand","embeddable":true,"href":"https:\/\/staging.aldeco.pt\/pt-pt\/wp-json\/wp\/v2\/product_brand?post=186165"},{"taxonomy":"product_cat","embeddable":true,"href":"https:\/\/staging.aldeco.pt\/pt-pt\/wp-json\/wp\/v2\/product_cat?post=186165"},{"taxonomy":"product_tag","embeddable":true,"href":"https:\/\/staging.aldeco.pt\/pt-pt\/wp-json\/wp\/v2\/product_tag?post=186165"}],"curies":[{"name":"wp","href":"https:\/\/api.w.org\/{rel}","templated":true}]}}