{"id":186065,"date":"2024-05-09T21:53:13","date_gmt":"2024-05-09T21:53:13","guid":{"rendered":"https:\/\/aldeco.pt\/staging\/product\/sal-in-outdoor\/"},"modified":"2024-08-06T11:21:06","modified_gmt":"2024-08-06T11:21:06","slug":"sal-in-outdoor","status":"publish","type":"product","link":"https:\/\/staging.aldeco.pt\/pt-pt\/product\/sal-in-outdoor\/","title":{"rendered":"SAL IN\/OUTDOOR"},"content":{"rendered":"<p>Tecido panam\u00e1 de efeito mesclado vers\u00e1til para ambientes In\/Outdoor.<br \/>\nEncontra-se dispon\u00edvel em 19 cores.<\/p>\n","protected":false},"excerpt":{"rendered":"<p>Tecido panam\u00e1 de efeito mesclado vers\u00e1til para ambientes In\/Outdoor.<br \/>\nEncontra-se dispon\u00edvel em 19 cores.<\/p>\n<h2>Sal In\/Outdoor \u00e9 um tecido panam\u00e1 de efeito mesclado vers\u00e1til para ambientes In\/Outdoor.<br \/>\nEncontra-se dispon\u00edvel em 19 cores.<\/h2>\n<p><img fetchpriority=\"high\" decoding=\"async\" class=\"alignnone wp-image-188761 size-medium\" src=\"https:\/\/aldeco.pt\/staging\/wp-content\/uploads\/2024\/01\/T191460001-3-300x212.jpg\" alt=\"Sal In\/Outdoor - Aldeco\" width=\"300\" height=\"212\"><\/p>\n<p><a href=\"https:\/\/www.instagram.com\/aldeco_interiorfabrics\/\">https:\/\/www.instagram.com\/aldeco_interiorfabrics\/<\/a><\/p>\n<p><a href=\"https:\/\/aldeco.pt\/staging\/product\/sal-in-outdoor\/?attribute_pa_aldeco-color=01-white-nude\">https:\/\/aldeco.pt\/staging\/product\/sal-in-outdoor\/?attribute_pa_aldeco-color=01-white-nude<\/a><\/p>\n","protected":false},"featured_media":156799,"template":"","meta":[],"product_brand":[],"product_cat":[6145],"product_tag":[],"class_list":{"0":"post-186065","1":"product","2":"type-product","3":"status-publish","4":"has-post-thumbnail","6":"product_cat-aldeco-2-pt-pt-2","7":"pa_cleanability-8282","8":"pa_composition-ext-100-pp-pt-pt","9":"pa_contract-fabrics-1-pt-pt","10":"pa_indoor-fabrics-1-pt-pt","11":"pa_interior-fabrics-1-pt-pt","12":"pa_line-tecidos","13":"pa_lithfastness-7-pt-pt","14":"pa_outdoor-0-pt-pt","15":"pa_range-panama-pt-pt","16":"pa_rapport-vertical-11009","17":"pa_special-treatments-fabrics-1-pt-pt","20":"first","21":"instock","22":"purchasable","23":"product-type-variable"},"acf":[],"_links":{"self":[{"href":"https:\/\/staging.aldeco.pt\/pt-pt\/wp-json\/wp\/v2\/product\/186065","targetHints":{"allow":["GET"]}}],"collection":[{"href":"https:\/\/staging.aldeco.pt\/pt-pt\/wp-json\/wp\/v2\/product"}],"about":[{"href":"https:\/\/staging.aldeco.pt\/pt-pt\/wp-json\/wp\/v2\/types\/product"}],"version-history":[{"count":1,"href":"https:\/\/staging.aldeco.pt\/pt-pt\/wp-json\/wp\/v2\/product\/186065\/revisions"}],"predecessor-version":[{"id":193532,"href":"https:\/\/staging.aldeco.pt\/pt-pt\/wp-json\/wp\/v2\/product\/186065\/revisions\/193532"}],"wp:featuredmedia":[{"embeddable":true,"href":"https:\/\/staging.aldeco.pt\/pt-pt\/wp-json\/wp\/v2\/media\/156799"}],"wp:attachment":[{"href":"https:\/\/staging.aldeco.pt\/pt-pt\/wp-json\/wp\/v2\/media?parent=186065"}],"wp:term":[{"taxonomy":"product_brand","embeddable":true,"href":"https:\/\/staging.aldeco.pt\/pt-pt\/wp-json\/wp\/v2\/product_brand?post=186065"},{"taxonomy":"product_cat","embeddable":true,"href":"https:\/\/staging.aldeco.pt\/pt-pt\/wp-json\/wp\/v2\/product_cat?post=186065"},{"taxonomy":"product_tag","embeddable":true,"href":"https:\/\/staging.aldeco.pt\/pt-pt\/wp-json\/wp\/v2\/product_tag?post=186065"}],"curies":[{"name":"wp","href":"https:\/\/api.w.org\/{rel}","templated":true}]}}