{"id":186058,"date":"2024-05-09T21:52:03","date_gmt":"2024-05-09T21:52:03","guid":{"rendered":"https:\/\/aldeco.pt\/staging\/product\/sagres-blackout-fr\/"},"modified":"2024-10-08T16:11:55","modified_gmt":"2024-10-08T16:11:55","slug":"sagres-blackout-fr","status":"publish","type":"product","link":"https:\/\/staging.aldeco.pt\/pt-pt\/product\/sagres-blackout-fr\/","title":{"rendered":"SAGRES BLACKOUT FR"},"content":{"rendered":"<p>\u00c9 um tecido 100% blackout que oferece total privacidade e repouso. Este blackout \u00e9 ign\u00edfugo certificado segundo v\u00e1rias normas internacionais sendo ideal para projectos e contract. Tem um look elegante e suave, tem certifica\u00e7\u00e3o ac\u00fastica e OEKO-TEX Standard 100, simplesmente perfeito para isolar espa\u00e7os a n\u00edvel de luz e som. Est\u00e1 dispon\u00edvel em 15 cores indispens\u00e1veis.<\/p>\n","protected":false},"excerpt":{"rendered":"<p>\u00c9 um tecido 100% blackout que oferece total privacidade e repouso. Este blackout \u00e9 ign\u00edfugo certificado segundo v\u00e1rias normas internacionais sendo ideal para projectos e contract. Tem um look elegante e suave, tem certifica\u00e7\u00e3o ac\u00fastica e OEKO-TEX Standard 100, simplesmente perfeito para isolar espa\u00e7os a n\u00edvel de luz e som. Est\u00e1 dispon\u00edvel em 15 cores indispens\u00e1veis.<\/p>\n<h2>Sagres Blackout FR \u00e9 um tecido 100% blackout que oferece total privacidade e repouso. Este blackout \u00e9 ign\u00edfugo certificado segundo v\u00e1rias normas internacionais sendo ideal para projectos e contract.<\/h2>\n<p><img fetchpriority=\"high\" decoding=\"async\" class=\"alignnone wp-image-188750 size-medium\" src=\"https:\/\/aldeco.pt\/staging\/wp-content\/uploads\/2024\/03\/T017370001-300x200.jpg\" alt=\"Sagres Blackout FR - Aldeco\" width=\"300\" height=\"200\" \/><\/p>\n<p><a href=\"https:\/\/www.instagram.com\/aldeco_interiorfabrics\/\">https:\/\/www.instagram.com\/aldeco_interiorfabrics\/<\/a><\/p>\n<p><a href=\"https:\/\/aldeco.pt\/staging\/product\/sagres-blackout-fr\/?attribute_pa_aldeco-color=1\">https:\/\/aldeco.pt\/staging\/product\/sagres-blackout-fr\/?attribute_pa_aldeco-color=1<\/a><\/p>\n","protected":false},"featured_media":156778,"template":"","meta":[],"product_brand":[],"product_cat":[6145],"product_tag":[],"class_list":{"0":"post-186058","1":"product","2":"type-product","3":"status-publish","4":"has-post-thumbnail","6":"product_cat-aldeco-2-pt-pt-2","7":"pa_cleanability-8282","8":"pa_composition-ext-100-pl-fr-pt-pt","9":"pa_contract-fabrics-1-pt-pt","10":"pa_interior-fabrics-1-pt-pt","11":"pa_line-tecidos","12":"pa_lithfastness-5-pt-pt","13":"pa_outdoor-0-pt-pt","14":"pa_range-blackout-pt-pt","15":"pa_range-coated-pt-pt","16":"pa_rapport-vertical-11009","17":"pa_special-treatments-fabrics-1-pt-pt","20":"first","21":"instock","22":"purchasable","23":"product-type-variable"},"acf":[],"_links":{"self":[{"href":"https:\/\/staging.aldeco.pt\/pt-pt\/wp-json\/wp\/v2\/product\/186058","targetHints":{"allow":["GET"]}}],"collection":[{"href":"https:\/\/staging.aldeco.pt\/pt-pt\/wp-json\/wp\/v2\/product"}],"about":[{"href":"https:\/\/staging.aldeco.pt\/pt-pt\/wp-json\/wp\/v2\/types\/product"}],"version-history":[{"count":2,"href":"https:\/\/staging.aldeco.pt\/pt-pt\/wp-json\/wp\/v2\/product\/186058\/revisions"}],"predecessor-version":[{"id":202248,"href":"https:\/\/staging.aldeco.pt\/pt-pt\/wp-json\/wp\/v2\/product\/186058\/revisions\/202248"}],"wp:featuredmedia":[{"embeddable":true,"href":"https:\/\/staging.aldeco.pt\/pt-pt\/wp-json\/wp\/v2\/media\/156778"}],"wp:attachment":[{"href":"https:\/\/staging.aldeco.pt\/pt-pt\/wp-json\/wp\/v2\/media?parent=186058"}],"wp:term":[{"taxonomy":"product_brand","embeddable":true,"href":"https:\/\/staging.aldeco.pt\/pt-pt\/wp-json\/wp\/v2\/product_brand?post=186058"},{"taxonomy":"product_cat","embeddable":true,"href":"https:\/\/staging.aldeco.pt\/pt-pt\/wp-json\/wp\/v2\/product_cat?post=186058"},{"taxonomy":"product_tag","embeddable":true,"href":"https:\/\/staging.aldeco.pt\/pt-pt\/wp-json\/wp\/v2\/product_tag?post=186058"}],"curies":[{"name":"wp","href":"https:\/\/api.w.org\/{rel}","templated":true}]}}