{"id":186048,"date":"2024-05-09T21:48:46","date_gmt":"2024-05-09T21:48:46","guid":{"rendered":"https:\/\/aldeco.pt\/staging\/product\/safety-velvet-fr-stopfire\/"},"modified":"2024-08-06T11:21:08","modified_gmt":"2024-08-06T11:21:08","slug":"safety-velvet-fr-stopfire","status":"publish","type":"product","link":"https:\/\/staging.aldeco.pt\/pt-pt\/product\/safety-velvet-fr-stopfire\/","title":{"rendered":"SAFETY VELVET FR STOPFIRE"},"content":{"rendered":"<p>Com um toque extremamente sedoso e confort\u00e1vel, apresentamos este veludo dispon\u00edvel em 24 cores. 100.000 Martindale. Apresentamos tamb\u00e9m a vers\u00e3o ign\u00edfuga deste tecido: STOPFIRE. Podem ser desenvolvidas cores especiais a partir de 300m.<\/p>\n","protected":false},"excerpt":{"rendered":"<p>Com um toque extremamente sedoso e confort\u00e1vel, apresentamos este veludo dispon\u00edvel em 24 cores. 100.000 Martindale. Apresentamos tamb\u00e9m a vers\u00e3o ign\u00edfuga deste tecido: STOPFIRE. Podem ser desenvolvidas cores especiais a partir de 300m.<\/p>\n<h2>Safety Velvet FR Stopfire com um toque extremamente sedoso e confort\u00e1vel, apresentamos este veludo dispon\u00edvel em 24 cores. 100.000 Martindale. Apresentamos tamb\u00e9m a vers\u00e3o ign\u00edfuga deste tecido: STOPFIRE. Podem ser desenvolvidas cores especiais a partir de 300m.<\/h2>\n<p><img fetchpriority=\"high\" decoding=\"async\" class=\"alignnone wp-image-90477 size-medium\" src=\"https:\/\/aldeco.pt\/staging\/wp-content\/uploads\/2024\/01\/T019220020-3-300x240.jpg\" alt=\"Safety Velvet FR Stopfire - Aldeco\" width=\"300\" height=\"240\"><\/p>\n<p><a href=\"https:\/\/www.instagram.com\/aldeco_interiorfabrics\/\">https:\/\/www.instagram.com\/aldeco_interiorfabrics\/<\/a><\/p>\n<p><a href=\"https:\/\/aldeco.pt\/staging\/product\/safety-velvet-fr-stopfire\/?attribute_pa_aldeco-color=01-vanilla\">https:\/\/aldeco.pt\/staging\/product\/safety-velvet-fr-stopfire\/?attribute_pa_aldeco-color=01-vanilla<\/a><\/p>\n","protected":false},"featured_media":76589,"template":"","meta":[],"product_brand":[],"product_cat":[6145],"product_tag":[],"class_list":{"0":"post-186048","1":"product","2":"type-product","3":"status-publish","4":"has-post-thumbnail","6":"product_cat-aldeco-2-pt-pt-2","7":"pa_cleanability-8282","8":"pa_composition-ext-100-pl-fr-pt-pt","9":"pa_contract-fabrics-1-pt-pt","10":"pa_interior-fabrics-1-pt-pt","11":"pa_line-tecidos","12":"pa_lithfastness-4-6-pt-pt","13":"pa_outdoor-0-pt-pt","14":"pa_range-veludo","15":"pa_rapport-vertical-11009","18":"first","19":"instock","20":"purchasable","21":"product-type-variable"},"acf":[],"_links":{"self":[{"href":"https:\/\/staging.aldeco.pt\/pt-pt\/wp-json\/wp\/v2\/product\/186048","targetHints":{"allow":["GET"]}}],"collection":[{"href":"https:\/\/staging.aldeco.pt\/pt-pt\/wp-json\/wp\/v2\/product"}],"about":[{"href":"https:\/\/staging.aldeco.pt\/pt-pt\/wp-json\/wp\/v2\/types\/product"}],"version-history":[{"count":1,"href":"https:\/\/staging.aldeco.pt\/pt-pt\/wp-json\/wp\/v2\/product\/186048\/revisions"}],"predecessor-version":[{"id":193536,"href":"https:\/\/staging.aldeco.pt\/pt-pt\/wp-json\/wp\/v2\/product\/186048\/revisions\/193536"}],"wp:featuredmedia":[{"embeddable":true,"href":"https:\/\/staging.aldeco.pt\/pt-pt\/wp-json\/wp\/v2\/media\/76589"}],"wp:attachment":[{"href":"https:\/\/staging.aldeco.pt\/pt-pt\/wp-json\/wp\/v2\/media?parent=186048"}],"wp:term":[{"taxonomy":"product_brand","embeddable":true,"href":"https:\/\/staging.aldeco.pt\/pt-pt\/wp-json\/wp\/v2\/product_brand?post=186048"},{"taxonomy":"product_cat","embeddable":true,"href":"https:\/\/staging.aldeco.pt\/pt-pt\/wp-json\/wp\/v2\/product_cat?post=186048"},{"taxonomy":"product_tag","embeddable":true,"href":"https:\/\/staging.aldeco.pt\/pt-pt\/wp-json\/wp\/v2\/product_tag?post=186048"}],"curies":[{"name":"wp","href":"https:\/\/api.w.org\/{rel}","templated":true}]}}