{"id":185945,"date":"2024-05-09T21:50:27","date_gmt":"2024-05-09T21:50:27","guid":{"rendered":"https:\/\/aldeco.pt\/staging\/product\/safim-fr\/"},"modified":"2024-09-20T13:40:36","modified_gmt":"2024-09-20T13:40:36","slug":"safim-fr","status":"publish","type":"product","link":"https:\/\/staging.aldeco.pt\/pt-pt\/product\/safim-fr\/","title":{"rendered":"SAFIM FR"},"content":{"rendered":"<p>Tecido de cetim muito elegante e suave. O seu aspeto requintado aliado \u00e0s suas propriedades ign\u00edfugas tornam-no ideal para os seus projetos. Ideal para estofo ligeiro, decora\u00e7\u00e3o e contract este cetim est\u00e1 dispon\u00edvel em 30 cores.<\/p>\n","protected":false},"excerpt":{"rendered":"<p>Tecido de cetim muito elegante e suave. O seu aspeto requintado aliado \u00e0s suas propriedades ign\u00edfugas tornam-no ideal para os seus projetos. Ideal para estofo ligeiro, decora\u00e7\u00e3o e contract este cetim est\u00e1 dispon\u00edvel em 30 cores.<\/p>\n<h2>Safim FR,\u00e9 um tecido de cetim muito elegante e suave. O seu aspeto requintado aliado \u00e0s suas propriedades ign\u00edfugas tornam-no ideal para os seus projetos. Ideal para estofo ligeiro, decora\u00e7\u00e3o e contract este cetim est\u00e1 dispon\u00edvel em 30 cores.<\/h2>\n<p>&nbsp;<\/p>\n<p><img fetchpriority=\"high\" decoding=\"async\" class=\"alignnone wp-image-160159 size-medium\" src=\"https:\/\/aldeco.pt\/staging\/wp-content\/uploads\/2024\/05\/T017170022-300x280.jpg\" alt=\"Safim FR - Aldeco\" width=\"300\" height=\"280\" \/><\/p>\n<p style=\"text-align: left;\"><a href=\"https:\/\/www.instagram.com\/aldeco_interiorfabrics\/\">https:\/\/www.instagram.com\/aldeco_interiorfabrics\/<\/a><\/p>\n<p><a href=\"https:\/\/aldeco.pt\/staging\/product\/safim-fr\/?attribute_pa_aldeco-color=1\">https:\/\/aldeco.pt\/staging\/product\/safim-fr\/?attribute_pa_aldeco-color=1<\/a><\/p>\n","protected":false},"featured_media":76399,"template":"","meta":[],"product_brand":[],"product_cat":[6145],"product_tag":[],"class_list":{"0":"post-185945","1":"product","2":"type-product","3":"status-publish","4":"has-post-thumbnail","6":"product_cat-aldeco-2-pt-pt-2","7":"pa_cleanability-8282","8":"pa_composition-ext-100-pl-fr-pt-pt","9":"pa_contract-fabrics-1-pt-pt","10":"pa_interior-fabrics-1-pt-pt","11":"pa_line-tecidos","12":"pa_lithfastness-4-5-pt-pt","13":"pa_outdoor-0-pt-pt","14":"pa_range-cetim","15":"pa_rapport-vertical-11009","18":"first","19":"instock","20":"purchasable","21":"product-type-variable"},"acf":[],"_links":{"self":[{"href":"https:\/\/staging.aldeco.pt\/pt-pt\/wp-json\/wp\/v2\/product\/185945","targetHints":{"allow":["GET"]}}],"collection":[{"href":"https:\/\/staging.aldeco.pt\/pt-pt\/wp-json\/wp\/v2\/product"}],"about":[{"href":"https:\/\/staging.aldeco.pt\/pt-pt\/wp-json\/wp\/v2\/types\/product"}],"version-history":[{"count":2,"href":"https:\/\/staging.aldeco.pt\/pt-pt\/wp-json\/wp\/v2\/product\/185945\/revisions"}],"predecessor-version":[{"id":200709,"href":"https:\/\/staging.aldeco.pt\/pt-pt\/wp-json\/wp\/v2\/product\/185945\/revisions\/200709"}],"wp:featuredmedia":[{"embeddable":true,"href":"https:\/\/staging.aldeco.pt\/pt-pt\/wp-json\/wp\/v2\/media\/76399"}],"wp:attachment":[{"href":"https:\/\/staging.aldeco.pt\/pt-pt\/wp-json\/wp\/v2\/media?parent=185945"}],"wp:term":[{"taxonomy":"product_brand","embeddable":true,"href":"https:\/\/staging.aldeco.pt\/pt-pt\/wp-json\/wp\/v2\/product_brand?post=185945"},{"taxonomy":"product_cat","embeddable":true,"href":"https:\/\/staging.aldeco.pt\/pt-pt\/wp-json\/wp\/v2\/product_cat?post=185945"},{"taxonomy":"product_tag","embeddable":true,"href":"https:\/\/staging.aldeco.pt\/pt-pt\/wp-json\/wp\/v2\/product_tag?post=185945"}],"curies":[{"name":"wp","href":"https:\/\/api.w.org\/{rel}","templated":true}]}}