{"id":185929,"date":"2024-05-09T21:47:25","date_gmt":"2024-05-09T21:47:25","guid":{"rendered":"https:\/\/aldeco.pt\/staging\/product\/safety-velvet\/"},"modified":"2024-08-06T11:21:09","modified_gmt":"2024-08-06T11:21:09","slug":"safety-velvet","status":"publish","type":"product","link":"https:\/\/staging.aldeco.pt\/pt-pt\/product\/safety-velvet\/","title":{"rendered":"SAFETY VELVET"},"content":{"rendered":"<p>Com um toque extremamente sedoso e confort\u00e1vel, apresentamos este veludo dispon\u00edvel em 24 cores. 100.000 Martindale. Apresentamos tamb\u00e9m a vers\u00e3o ign\u00edfuga deste tecido: STOPFIRE. Podem ser desenvolvidas cores especiais a partir de 300m.<\/p>\n","protected":false},"excerpt":{"rendered":"<p>Com um toque extremamente sedoso e confort\u00e1vel, apresentamos este veludo dispon\u00edvel em 24 cores. 100.000 Martindale. Apresentamos tamb\u00e9m a vers\u00e3o ign\u00edfuga deste tecido: STOPFIRE. Podem ser desenvolvidas cores especiais a partir de 300m.<\/p>\n<h2>Safety Velvet com um toque extremamente sedoso e confort\u00e1vel, apresentamos este veludo dispon\u00edvel em 24 cores. 100.000 Martindale. Apresentamos tamb\u00e9m a vers\u00e3o ign\u00edfuga deste tecido: STOPFIRE. Podem ser desenvolvidas cores especiais a partir de 300m.<\/h2>\n<p><img fetchpriority=\"high\" decoding=\"async\" class=\"alignnone wp-image-90539 size-medium\" src=\"https:\/\/aldeco.pt\/staging\/wp-content\/uploads\/2024\/01\/T019210008-3-300x240.jpg\" alt=\"Safety Velvet - Aldeco\" width=\"300\" height=\"240\"><\/p>\n<p><a href=\"https:\/\/www.instagram.com\/aldeco_interiorfabrics\/\">https:\/\/www.instagram.com\/aldeco_interiorfabrics\/<\/a><\/p>\n<p><a href=\"https:\/\/aldeco.pt\/staging\/product\/safety-velvet\/?attribute_pa_aldeco-color=01-vanilla\">https:\/\/aldeco.pt\/staging\/product\/safety-velvet\/?attribute_pa_aldeco-color=01-vanilla<\/a><\/p>\n","protected":false},"featured_media":76625,"template":"","meta":[],"product_brand":[],"product_cat":[6145],"product_tag":[],"class_list":{"0":"post-185929","1":"product","2":"type-product","3":"status-publish","4":"has-post-thumbnail","6":"product_cat-aldeco-2-pt-pt-2","7":"pa_cleanability-8282","8":"pa_composition-ext-100-pl-pt-pt","9":"pa_interior-fabrics-1-pt-pt","10":"pa_line-tecidos","11":"pa_lithfastness-4-6-pt-pt","12":"pa_outdoor-0-pt-pt","13":"pa_range-veludo","14":"pa_rapport-vertical-11009","17":"first","18":"instock","19":"purchasable","20":"product-type-variable"},"acf":[],"_links":{"self":[{"href":"https:\/\/staging.aldeco.pt\/pt-pt\/wp-json\/wp\/v2\/product\/185929","targetHints":{"allow":["GET"]}}],"collection":[{"href":"https:\/\/staging.aldeco.pt\/pt-pt\/wp-json\/wp\/v2\/product"}],"about":[{"href":"https:\/\/staging.aldeco.pt\/pt-pt\/wp-json\/wp\/v2\/types\/product"}],"version-history":[{"count":1,"href":"https:\/\/staging.aldeco.pt\/pt-pt\/wp-json\/wp\/v2\/product\/185929\/revisions"}],"predecessor-version":[{"id":193537,"href":"https:\/\/staging.aldeco.pt\/pt-pt\/wp-json\/wp\/v2\/product\/185929\/revisions\/193537"}],"wp:featuredmedia":[{"embeddable":true,"href":"https:\/\/staging.aldeco.pt\/pt-pt\/wp-json\/wp\/v2\/media\/76625"}],"wp:attachment":[{"href":"https:\/\/staging.aldeco.pt\/pt-pt\/wp-json\/wp\/v2\/media?parent=185929"}],"wp:term":[{"taxonomy":"product_brand","embeddable":true,"href":"https:\/\/staging.aldeco.pt\/pt-pt\/wp-json\/wp\/v2\/product_brand?post=185929"},{"taxonomy":"product_cat","embeddable":true,"href":"https:\/\/staging.aldeco.pt\/pt-pt\/wp-json\/wp\/v2\/product_cat?post=185929"},{"taxonomy":"product_tag","embeddable":true,"href":"https:\/\/staging.aldeco.pt\/pt-pt\/wp-json\/wp\/v2\/product_tag?post=185929"}],"curies":[{"name":"wp","href":"https:\/\/api.w.org\/{rel}","templated":true}]}}