{"id":185927,"date":"2024-05-09T21:46:28","date_gmt":"2024-05-09T21:46:28","guid":{"rendered":"https:\/\/aldeco.pt\/staging\/product\/safe-fr\/"},"modified":"2024-09-30T08:09:36","modified_gmt":"2024-09-30T08:09:36","slug":"safe-fr","status":"publish","type":"product","link":"https:\/\/staging.aldeco.pt\/pt-pt\/product\/safe-fr\/","title":{"rendered":"SAFE FR"},"content":{"rendered":"<p>\u00c9 um tecido tipo organza para cortina, muito leve e elegante. Este tecido em poli\u00e9ster Trevira\u00ae CS \u00e9 certificado como retardante de chama e est\u00e1 dispon\u00edvel em 3 cores.<\/p>\n","protected":false},"excerpt":{"rendered":"<p>\u00c9 um tecido tipo organza para cortina, muito leve e elegante. Este tecido em poli\u00e9ster Trevira\u00ae CS \u00e9 certificado como retardante de chama e est\u00e1 dispon\u00edvel em 3 cores.<\/p>\n<h2>Safe FR \u00e9 um tecido tipo organza para cortina, muito leve e elegante. Este tecido em poli\u00e9ster Trevira\u00ae CS \u00e9 certificado como retardante de chama e est\u00e1 dispon\u00edvel em 3 cores.<\/h2>\n<p><img fetchpriority=\"high\" decoding=\"async\" class=\"alignnone wp-image-188738 size-medium\" src=\"https:\/\/aldeco.pt\/staging\/wp-content\/uploads\/2024\/03\/T016880001-300x280.jpg\" alt=\"Safe FR - Aldeco\" width=\"300\" height=\"280\" \/><\/p>\n<p><a href=\"https:\/\/www.instagram.com\/aldeco_interiorfabrics\/\">https:\/\/www.instagram.com\/aldeco_interiorfabrics\/<\/a><\/p>\n<p><a href=\"https:\/\/aldeco.pt\/staging\/product\/safe-fr\/?attribute_pa_aldeco-color=1-white\">https:\/\/aldeco.pt\/staging\/product\/safe-fr\/?attribute_pa_aldeco-color=1-white<\/a><\/p>\n<p>&nbsp;<\/p>\n","protected":false},"featured_media":145643,"template":"","meta":[],"product_brand":[],"product_cat":[6145],"product_tag":[],"class_list":{"0":"post-185927","1":"product","2":"type-product","3":"status-publish","4":"has-post-thumbnail","6":"product_cat-aldeco-2-pt-pt-2","7":"pa_cleanability-8282","8":"pa_composition-ext-100-pl-fr-pt-pt","9":"pa_contract-fabrics-1-pt-pt","10":"pa_interior-fabrics-1-pt-pt","11":"pa_line-tecidos","12":"pa_lithfastness-9680","13":"pa_outdoor-0-pt-pt","14":"pa_range-liso","15":"pa_range-transparente","16":"pa_rapport-vertical-11009","17":"pa_special-treatments-fabrics-1-pt-pt","20":"first","21":"instock","22":"purchasable","23":"product-type-variable"},"acf":[],"_links":{"self":[{"href":"https:\/\/staging.aldeco.pt\/pt-pt\/wp-json\/wp\/v2\/product\/185927","targetHints":{"allow":["GET"]}}],"collection":[{"href":"https:\/\/staging.aldeco.pt\/pt-pt\/wp-json\/wp\/v2\/product"}],"about":[{"href":"https:\/\/staging.aldeco.pt\/pt-pt\/wp-json\/wp\/v2\/types\/product"}],"version-history":[{"count":2,"href":"https:\/\/staging.aldeco.pt\/pt-pt\/wp-json\/wp\/v2\/product\/185927\/revisions"}],"predecessor-version":[{"id":200907,"href":"https:\/\/staging.aldeco.pt\/pt-pt\/wp-json\/wp\/v2\/product\/185927\/revisions\/200907"}],"wp:featuredmedia":[{"embeddable":true,"href":"https:\/\/staging.aldeco.pt\/pt-pt\/wp-json\/wp\/v2\/media\/145643"}],"wp:attachment":[{"href":"https:\/\/staging.aldeco.pt\/pt-pt\/wp-json\/wp\/v2\/media?parent=185927"}],"wp:term":[{"taxonomy":"product_brand","embeddable":true,"href":"https:\/\/staging.aldeco.pt\/pt-pt\/wp-json\/wp\/v2\/product_brand?post=185927"},{"taxonomy":"product_cat","embeddable":true,"href":"https:\/\/staging.aldeco.pt\/pt-pt\/wp-json\/wp\/v2\/product_cat?post=185927"},{"taxonomy":"product_tag","embeddable":true,"href":"https:\/\/staging.aldeco.pt\/pt-pt\/wp-json\/wp\/v2\/product_tag?post=185927"}],"curies":[{"name":"wp","href":"https:\/\/api.w.org\/{rel}","templated":true}]}}