{"id":185825,"date":"2024-05-09T21:45:51","date_gmt":"2024-05-09T21:45:51","guid":{"rendered":"https:\/\/aldeco.pt\/staging\/product\/routine-wlb\/"},"modified":"2024-10-08T10:49:38","modified_gmt":"2024-10-08T10:49:38","slug":"routine-wlb","status":"publish","type":"product","link":"https:\/\/staging.aldeco.pt\/pt-pt\/product\/routine-wlb\/","title":{"rendered":"ROUTINE WLB"},"content":{"rendered":"<p>ROUTINE WLB \u00e9 um tecido de cortina leve e suave, dispon\u00edvel em 13 cores muito elegantes.<br \/>\nJ\u00e1 dispon\u00edvel com fio de chumbo ecol\u00f3gico para uma ca\u00edda perfeita.<\/p>\n","protected":false},"excerpt":{"rendered":"<p>\u00c9 um tecido de cortina leve e suave, dispon\u00edvel em 13 cores muito elegantes.<br \/>\nJ\u00e1 dispon\u00edvel com fio de chumbo ecol\u00f3gico para uma ca\u00edda perfeita.<\/p>\n<h2>ROUTINE WLB \u00e9 um tecido de cortina leve e suave, dispon\u00edvel em 13 cores muito elegantes.<br \/>\nJ\u00e1 dispon\u00edvel com fio de chumbo ecol\u00f3gico para uma ca\u00edda perfeita.<\/h2>\n<p><img fetchpriority=\"high\" decoding=\"async\" class=\"alignnone wp-image-188730 size-medium\" src=\"https:\/\/aldeco.pt\/staging\/wp-content\/uploads\/2024\/01\/T192260002-7-300x200.jpg\" alt=\"Routine Wlb - Aldeco\" width=\"300\" height=\"200\" \/><\/p>\n<p><a href=\"https:\/\/www.instagram.com\/aldeco_interiorfabrics\/\">https:\/\/www.instagram.com\/aldeco_interiorfabrics\/<\/a><\/p>\n<p><a href=\"https:\/\/aldeco.pt\/staging\/product\/routine-wlb\/?attribute_pa_aldeco-color=01-pure-white\">https:\/\/aldeco.pt\/staging\/product\/routine-wlb\/?attribute_pa_aldeco-color=01-pure-white<\/a><\/p>\n","protected":false},"featured_media":156735,"template":"","meta":[],"product_brand":[],"product_cat":[6153],"product_tag":[],"class_list":{"0":"post-185825","1":"product","2":"type-product","3":"status-publish","4":"has-post-thumbnail","6":"product_cat-aldeco-smarter-pt-pt","7":"pa_cleanability-8282","8":"pa_composition-ext-100-pl-pt-pt","9":"pa_interior-fabrics-1-pt-pt","10":"pa_line-tecidos","11":"pa_lithfastness-4-5-pt-pt","12":"pa_outdoor-0-pt-pt","13":"pa_range-liso","14":"pa_range-transparente","15":"pa_rapport-vertical-11009","18":"first","19":"instock","20":"purchasable","21":"product-type-variable"},"acf":[],"_links":{"self":[{"href":"https:\/\/staging.aldeco.pt\/pt-pt\/wp-json\/wp\/v2\/product\/185825","targetHints":{"allow":["GET"]}}],"collection":[{"href":"https:\/\/staging.aldeco.pt\/pt-pt\/wp-json\/wp\/v2\/product"}],"about":[{"href":"https:\/\/staging.aldeco.pt\/pt-pt\/wp-json\/wp\/v2\/types\/product"}],"version-history":[{"count":2,"href":"https:\/\/staging.aldeco.pt\/pt-pt\/wp-json\/wp\/v2\/product\/185825\/revisions"}],"predecessor-version":[{"id":202203,"href":"https:\/\/staging.aldeco.pt\/pt-pt\/wp-json\/wp\/v2\/product\/185825\/revisions\/202203"}],"wp:featuredmedia":[{"embeddable":true,"href":"https:\/\/staging.aldeco.pt\/pt-pt\/wp-json\/wp\/v2\/media\/156735"}],"wp:attachment":[{"href":"https:\/\/staging.aldeco.pt\/pt-pt\/wp-json\/wp\/v2\/media?parent=185825"}],"wp:term":[{"taxonomy":"product_brand","embeddable":true,"href":"https:\/\/staging.aldeco.pt\/pt-pt\/wp-json\/wp\/v2\/product_brand?post=185825"},{"taxonomy":"product_cat","embeddable":true,"href":"https:\/\/staging.aldeco.pt\/pt-pt\/wp-json\/wp\/v2\/product_cat?post=185825"},{"taxonomy":"product_tag","embeddable":true,"href":"https:\/\/staging.aldeco.pt\/pt-pt\/wp-json\/wp\/v2\/product_tag?post=185825"}],"curies":[{"name":"wp","href":"https:\/\/api.w.org\/{rel}","templated":true}]}}