{"id":185823,"date":"2024-05-09T21:41:17","date_gmt":"2024-05-09T21:41:17","guid":{"rendered":"https:\/\/aldeco.pt\/staging\/product\/resistance-easy-clean-fr\/"},"modified":"2024-08-07T11:42:24","modified_gmt":"2024-08-07T11:42:24","slug":"resistance-easy-clean-fr","status":"publish","type":"product","link":"https:\/\/staging.aldeco.pt\/pt-pt\/product\/resistance-easy-clean-fr\/","title":{"rendered":"RESISTANCE EASY CLEAN FR"},"content":{"rendered":"<p>Chenille naturalmente macio como um veludo aliado a uma resist\u00eancia e durabilidade imbat\u00edveis e de f\u00e1cil limpeza. Este tecido \u00e9 ecol\u00f3gico porque cumpre a norma OEKO-TEX 100, n\u00e3o possui subst\u00e2ncias nocivas para o ambiente. Devido ao seu elevado sucesso adicionamos 14 novas cores. Agora dispon\u00edvel em 28 cores.<\/p>\n","protected":false},"excerpt":{"rendered":"<p>Chenille naturalmente macio como um veludo aliado a uma resist\u00eancia e durabilidade imbat\u00edveis e de f\u00e1cil limpeza. Este tecido \u00e9 ecol\u00f3gico porque cumpre a norma OEKO-TEX 100, n\u00e3o possui subst\u00e2ncias nocivas para o ambiente. Devido ao seu elevado sucesso adicionamos 14 novas cores. Agora dispon\u00edvel em 28 cores. <\/p>\n<h2>Resistance Easy Clean FR \u00e9 um chenille naturalmente macio como um veludo aliado a uma resist\u00eancia e durabilidade imbat\u00edveis e de f\u00e1cil limpeza.<\/h2>\n<p><img fetchpriority=\"high\" decoding=\"async\" class=\"alignnone wp-image-188659 size-medium\" src=\"https:\/\/aldeco.pt\/staging\/wp-content\/uploads\/2024\/01\/T191280015-3-300x200.jpg\" alt=\"Resistance Easy Clean FR - Aldeco\" width=\"300\" height=\"200\"><\/p>\n<p><a href=\"https:\/\/www.instagram.com\/aldeco_interiorfabrics\/\">https:\/\/www.instagram.com\/aldeco_interiorfabrics\/<\/a><a href=\"https:\/\/aldeco.pt\/staging\/product\/resistance-easy-clean-fr\/?attribute_pa_aldeco-color=01-pale-sand\">https:\/\/aldeco.pt\/staging\/product\/resistance-easy-clean-fr\/?attribute_pa_aldeco-color=01-pale-sand<\/a><\/p>\n","protected":false},"featured_media":156667,"template":"","meta":[],"product_brand":[],"product_cat":[6145],"product_tag":[],"class_list":{"0":"post-185823","1":"product","2":"type-product","3":"status-publish","4":"has-post-thumbnail","6":"product_cat-aldeco-2-pt-pt-2","7":"pa_cleanability-8282","8":"pa_composition-ext-80-pl-11-pl-rec-5-co-4-co-rec-pt-pt","9":"pa_contract-fabrics-1-pt-pt","10":"pa_interior-fabrics-1-pt-pt","11":"pa_line-tecidos","12":"pa_lithfastness-5-pt-pt","13":"pa_outdoor-0-pt-pt","14":"pa_range-chenile","15":"pa_rapport-vertical-11009","16":"pa_special-treatments-fabrics-1-pt-pt","17":"pa_sustainable-fabrics-1-pt-pt","20":"first","21":"instock","22":"purchasable","23":"product-type-variable"},"acf":[],"_links":{"self":[{"href":"https:\/\/staging.aldeco.pt\/pt-pt\/wp-json\/wp\/v2\/product\/185823","targetHints":{"allow":["GET"]}}],"collection":[{"href":"https:\/\/staging.aldeco.pt\/pt-pt\/wp-json\/wp\/v2\/product"}],"about":[{"href":"https:\/\/staging.aldeco.pt\/pt-pt\/wp-json\/wp\/v2\/types\/product"}],"version-history":[{"count":2,"href":"https:\/\/staging.aldeco.pt\/pt-pt\/wp-json\/wp\/v2\/product\/185823\/revisions"}],"predecessor-version":[{"id":198527,"href":"https:\/\/staging.aldeco.pt\/pt-pt\/wp-json\/wp\/v2\/product\/185823\/revisions\/198527"}],"wp:featuredmedia":[{"embeddable":true,"href":"https:\/\/staging.aldeco.pt\/pt-pt\/wp-json\/wp\/v2\/media\/156667"}],"wp:attachment":[{"href":"https:\/\/staging.aldeco.pt\/pt-pt\/wp-json\/wp\/v2\/media?parent=185823"}],"wp:term":[{"taxonomy":"product_brand","embeddable":true,"href":"https:\/\/staging.aldeco.pt\/pt-pt\/wp-json\/wp\/v2\/product_brand?post=185823"},{"taxonomy":"product_cat","embeddable":true,"href":"https:\/\/staging.aldeco.pt\/pt-pt\/wp-json\/wp\/v2\/product_cat?post=185823"},{"taxonomy":"product_tag","embeddable":true,"href":"https:\/\/staging.aldeco.pt\/pt-pt\/wp-json\/wp\/v2\/product_tag?post=185823"}],"curies":[{"name":"wp","href":"https:\/\/api.w.org\/{rel}","templated":true}]}}