{"id":185817,"date":"2024-05-09T21:44:24","date_gmt":"2024-05-09T21:44:24","guid":{"rendered":"https:\/\/aldeco.pt\/staging\/product\/rok\/"},"modified":"2024-08-06T11:21:11","modified_gmt":"2024-08-06T11:21:11","slug":"rok","status":"publish","type":"product","link":"https:\/\/staging.aldeco.pt\/pt-pt\/product\/rok\/","title":{"rendered":"ROK"},"content":{"rendered":"<p>Rok nasce a partir do nosso tecido de cortina liso Raw, onde a adi\u00e7\u00e3o das riscas em degrad\u00e9 multi-colorido, tornam Rok num tecido muito especial.<\/p>\n","protected":false},"excerpt":{"rendered":"<p>Nasce a partir do nosso tecido de cortina liso Raw, onde a adi\u00e7\u00e3o das riscas em degrad\u00e9 multi-colorido, tornam Rok num tecido muito especial.<\/p>\n<h2>Rok nasce a partir do nosso tecido de cortina liso Raw, onde a adi\u00e7\u00e3o das riscas em degrad\u00e9 multi-colorido, tornam Rok num tecido muito especial.<\/h2>\n<p><img fetchpriority=\"high\" decoding=\"async\" class=\"alignnone wp-image-188714 size-medium\" src=\"https:\/\/aldeco.pt\/staging\/wp-content\/uploads\/2024\/03\/T190460001-300x200.jpg\" alt=\"Rok - Aldeco\" width=\"300\" height=\"200\"><\/p>\n<p><a href=\"https:\/\/www.instagram.com\/aldeco_interiorfabrics\/\">https:\/\/www.instagram.com\/aldeco_interiorfabrics\/<\/a><\/p>\n<p><a href=\"https:\/\/aldeco.pt\/staging\/product\/rok\/?attribute_pa_aldeco-color=01-pale-sand\">https:\/\/aldeco.pt\/staging\/product\/rok\/?attribute_pa_aldeco-color=01-pale-sand<\/a><\/p>\n","protected":false},"featured_media":160118,"template":"","meta":[],"product_brand":[],"product_cat":[6153],"product_tag":[],"class_list":{"0":"post-185817","1":"product","2":"type-product","3":"status-publish","4":"has-post-thumbnail","6":"product_cat-aldeco-smarter-pt-pt","7":"pa_cleanability-8282","8":"pa_composition-ext-100-pl-pt-pt","9":"pa_interior-fabrics-1-pt-pt","10":"pa_line-tecidos","11":"pa_lithfastness-9680","12":"pa_outdoor-0-pt-pt","13":"pa_range-transparente","14":"pa_rapport-horizontal-0-pt-pt","15":"pa_rapport-vertical-60-pt-pt","18":"first","19":"instock","20":"purchasable","21":"product-type-variable"},"acf":[],"_links":{"self":[{"href":"https:\/\/staging.aldeco.pt\/pt-pt\/wp-json\/wp\/v2\/product\/185817","targetHints":{"allow":["GET"]}}],"collection":[{"href":"https:\/\/staging.aldeco.pt\/pt-pt\/wp-json\/wp\/v2\/product"}],"about":[{"href":"https:\/\/staging.aldeco.pt\/pt-pt\/wp-json\/wp\/v2\/types\/product"}],"version-history":[{"count":1,"href":"https:\/\/staging.aldeco.pt\/pt-pt\/wp-json\/wp\/v2\/product\/185817\/revisions"}],"predecessor-version":[{"id":193542,"href":"https:\/\/staging.aldeco.pt\/pt-pt\/wp-json\/wp\/v2\/product\/185817\/revisions\/193542"}],"wp:featuredmedia":[{"embeddable":true,"href":"https:\/\/staging.aldeco.pt\/pt-pt\/wp-json\/wp\/v2\/media\/160118"}],"wp:attachment":[{"href":"https:\/\/staging.aldeco.pt\/pt-pt\/wp-json\/wp\/v2\/media?parent=185817"}],"wp:term":[{"taxonomy":"product_brand","embeddable":true,"href":"https:\/\/staging.aldeco.pt\/pt-pt\/wp-json\/wp\/v2\/product_brand?post=185817"},{"taxonomy":"product_cat","embeddable":true,"href":"https:\/\/staging.aldeco.pt\/pt-pt\/wp-json\/wp\/v2\/product_cat?post=185817"},{"taxonomy":"product_tag","embeddable":true,"href":"https:\/\/staging.aldeco.pt\/pt-pt\/wp-json\/wp\/v2\/product_tag?post=185817"}],"curies":[{"name":"wp","href":"https:\/\/api.w.org\/{rel}","templated":true}]}}