{"id":185722,"date":"2024-05-09T21:42:50","date_gmt":"2024-05-09T21:42:50","guid":{"rendered":"https:\/\/aldeco.pt\/staging\/product\/rhinos\/"},"modified":"2024-08-06T11:21:13","modified_gmt":"2024-08-06T11:21:13","slug":"rhinos","status":"publish","type":"product","link":"https:\/\/staging.aldeco.pt\/pt-pt\/product\/rhinos\/","title":{"rendered":"RHINOS"},"content":{"rendered":"<p>Tecido de estofo com uma textura irregular semelhante \u00e0s pregas da pele de um animal. Esta microfibra est\u00e1 dispon\u00edvel em 8 cores.<\/p>\n","protected":false},"excerpt":{"rendered":"<p>Tecido de estofo com uma textura irregular semelhante \u00e0s pregas da pele de um animal. Esta microfibra est\u00e1 dispon\u00edvel em 8 cores.<\/p>\n<h2>Rhinos \u00e9 um tecido de estofo com uma textura irregular semelhante \u00e0s pregas da pele de um animal. Esta microfibra est\u00e1 dispon\u00edvel em 8 cores.<\/h2>\n<p><img fetchpriority=\"high\" decoding=\"async\" class=\"alignnone wp-image-188704 size-medium\" src=\"https:\/\/aldeco.pt\/staging\/wp-content\/uploads\/2024\/03\/T018520001-300x280.jpg\" alt=\"Rhinos - Aldeco\" width=\"300\" height=\"280\"><\/p>\n<p><a href=\"https:\/\/www.instagram.com\/aldeco_interiorfabrics\/\">https:\/\/www.instagram.com\/aldeco_interiorfabrics\/<\/a><\/p>\n<p><a href=\"https:\/\/aldeco.pt\/staging\/product\/rhinos\/?attribute_pa_aldeco-color=1-ivory\">https:\/\/aldeco.pt\/staging\/product\/rhinos\/?attribute_pa_aldeco-color=1-ivory<\/a><\/p>\n","protected":false},"featured_media":160114,"template":"","meta":[],"product_brand":[],"product_cat":[6145],"product_tag":[],"class_list":{"0":"post-185722","1":"product","2":"type-product","3":"status-publish","4":"has-post-thumbnail","6":"product_cat-aldeco-2-pt-pt-2","7":"pa_cleanability-8282","8":"pa_composition-ext-100-pes-pt-pt","9":"pa_interior-fabrics-1-pt-pt","10":"pa_line-tecidos","11":"pa_lithfastness-4-pt-pt","12":"pa_outdoor-0-pt-pt","13":"pa_range-coated-pt-pt","14":"pa_rapport-vertical-11009","17":"first","18":"instock","19":"purchasable","20":"product-type-variable"},"acf":[],"_links":{"self":[{"href":"https:\/\/staging.aldeco.pt\/pt-pt\/wp-json\/wp\/v2\/product\/185722","targetHints":{"allow":["GET"]}}],"collection":[{"href":"https:\/\/staging.aldeco.pt\/pt-pt\/wp-json\/wp\/v2\/product"}],"about":[{"href":"https:\/\/staging.aldeco.pt\/pt-pt\/wp-json\/wp\/v2\/types\/product"}],"version-history":[{"count":1,"href":"https:\/\/staging.aldeco.pt\/pt-pt\/wp-json\/wp\/v2\/product\/185722\/revisions"}],"predecessor-version":[{"id":193544,"href":"https:\/\/staging.aldeco.pt\/pt-pt\/wp-json\/wp\/v2\/product\/185722\/revisions\/193544"}],"wp:featuredmedia":[{"embeddable":true,"href":"https:\/\/staging.aldeco.pt\/pt-pt\/wp-json\/wp\/v2\/media\/160114"}],"wp:attachment":[{"href":"https:\/\/staging.aldeco.pt\/pt-pt\/wp-json\/wp\/v2\/media?parent=185722"}],"wp:term":[{"taxonomy":"product_brand","embeddable":true,"href":"https:\/\/staging.aldeco.pt\/pt-pt\/wp-json\/wp\/v2\/product_brand?post=185722"},{"taxonomy":"product_cat","embeddable":true,"href":"https:\/\/staging.aldeco.pt\/pt-pt\/wp-json\/wp\/v2\/product_cat?post=185722"},{"taxonomy":"product_tag","embeddable":true,"href":"https:\/\/staging.aldeco.pt\/pt-pt\/wp-json\/wp\/v2\/product_tag?post=185722"}],"curies":[{"name":"wp","href":"https:\/\/api.w.org\/{rel}","templated":true}]}}