{"id":185714,"date":"2024-05-09T21:37:54","date_gmt":"2024-05-09T21:37:54","guid":{"rendered":"https:\/\/aldeco.pt\/staging\/product\/recycling\/"},"modified":"2024-09-16T13:59:22","modified_gmt":"2024-09-16T13:59:22","slug":"recycling","status":"publish","type":"product","link":"https:\/\/staging.aldeco.pt\/pt-pt\/product\/recycling\/","title":{"rendered":"RECYCLING"},"content":{"rendered":"<p>Com Recycling, focamo-nos na necessidade de criar um futuro para al\u00e9m de amanh\u00e3. Tecido pesado e texturado de largura dupla feito com fio reciclado, adequado para roupa de cama e cortinados. Este artigo utiliza fios produzidos a partir de res\u00edduos pr\u00e9 e p\u00f3s consumo, o que evita o desperd\u00edcio de materiais e recursos potencialmente \u00fateis, juntamente com muitos outros benef\u00edcios. Estes materiais reciclados seguem uma cadeia de fabrico completamente verificada, desde a entrada de mat\u00e9ria, at\u00e9 ao produto final. Com o objetivo de proporcionar uma rastreabilidade ao longo de todo o processo de produ\u00e7\u00e3o e provar o n\u00edvel de material reciclado, todo o processo \u00e9 seguido segundo os crit\u00e9rios GRS (GLOBAL RECYCLED STANDARDS).<\/p>\n","protected":false},"excerpt":{"rendered":"<p>Com Recycling, focamo-nos na necessidade de criar um futuro para al\u00e9m de amanh\u00e3. Tecido pesado e texturado de largura dupla feito com fio reciclado, adequado para roupa de cama e cortinados. Este artigo utiliza fios produzidos a partir de res\u00edduos pr\u00e9 e p\u00f3s consumo, o que evita o desperd\u00edcio de materiais e recursos potencialmente \u00fateis, juntamente com muitos outros benef\u00edcios. Estes materiais reciclados seguem uma cadeia de fabrico completamente verificada, desde a entrada de mat\u00e9ria, at\u00e9 ao produto final. Com o objetivo de proporcionar uma rastreabilidade ao longo de todo o processo de produ\u00e7\u00e3o e provar o n\u00edvel de material reciclado, todo o processo \u00e9 seguido segundo os crit\u00e9rios GRS (GLOBAL RECYCLED STANDARDS). <\/p>\n<h2>Este artigo utiliza fios produzidos a partir de res\u00edduos pr\u00e9 e p\u00f3s consumo, o que evita o desperd\u00edcio de materiais e recursos potencialmente \u00fateis, juntamente com muitos outros benef\u00edcios.<\/h2>\n<p><img fetchpriority=\"high\" decoding=\"async\" class=\"alignnone wp-image-188609 size-medium\" src=\"https:\/\/aldeco.pt\/staging\/wp-content\/uploads\/2024\/01\/T191950024-4-300x200.jpg\" alt=\"Recycling - Aldeco\" width=\"300\" height=\"200\"><\/p>\n<p><a href=\"https:\/\/www.instagram.com\/aldeco_interiorfabrics\/\">https:\/\/www.instagram.com\/aldeco_interiorfabrics\/<\/a><a href=\"https:\/\/aldeco.pt\/staging\/product\/recycling\/?attribute_pa_aldeco-color=01-bright-white\">https:\/\/aldeco.pt\/staging\/product\/recycling\/?attribute_pa_aldeco-color=01-bright-white<\/a><\/p>\n","protected":false},"featured_media":156595,"template":"","meta":[],"product_brand":[],"product_cat":[6145],"product_tag":[],"class_list":{"0":"post-185714","1":"product","2":"type-product","3":"status-publish","4":"has-post-thumbnail","6":"product_cat-aldeco-2-pt-pt-2","7":"pa_cleanability-8282","8":"pa_composition-ext-45-pl-55-rpl-pt-pt","9":"pa_interior-fabrics-1-pt-pt","10":"pa_line-tecidos","11":"pa_lithfastness-4-5-pt-pt","12":"pa_outdoor-0-pt-pt","13":"pa_range-dobby-pt-pt","14":"pa_range-transparente","15":"pa_rapport-vertical-11009","18":"first","19":"instock","20":"purchasable","21":"product-type-variable"},"acf":[],"_links":{"self":[{"href":"https:\/\/staging.aldeco.pt\/pt-pt\/wp-json\/wp\/v2\/product\/185714","targetHints":{"allow":["GET"]}}],"collection":[{"href":"https:\/\/staging.aldeco.pt\/pt-pt\/wp-json\/wp\/v2\/product"}],"about":[{"href":"https:\/\/staging.aldeco.pt\/pt-pt\/wp-json\/wp\/v2\/types\/product"}],"version-history":[{"count":2,"href":"https:\/\/staging.aldeco.pt\/pt-pt\/wp-json\/wp\/v2\/product\/185714\/revisions"}],"predecessor-version":[{"id":198568,"href":"https:\/\/staging.aldeco.pt\/pt-pt\/wp-json\/wp\/v2\/product\/185714\/revisions\/198568"}],"wp:featuredmedia":[{"embeddable":true,"href":"https:\/\/staging.aldeco.pt\/pt-pt\/wp-json\/wp\/v2\/media\/156595"}],"wp:attachment":[{"href":"https:\/\/staging.aldeco.pt\/pt-pt\/wp-json\/wp\/v2\/media?parent=185714"}],"wp:term":[{"taxonomy":"product_brand","embeddable":true,"href":"https:\/\/staging.aldeco.pt\/pt-pt\/wp-json\/wp\/v2\/product_brand?post=185714"},{"taxonomy":"product_cat","embeddable":true,"href":"https:\/\/staging.aldeco.pt\/pt-pt\/wp-json\/wp\/v2\/product_cat?post=185714"},{"taxonomy":"product_tag","embeddable":true,"href":"https:\/\/staging.aldeco.pt\/pt-pt\/wp-json\/wp\/v2\/product_tag?post=185714"}],"curies":[{"name":"wp","href":"https:\/\/api.w.org\/{rel}","templated":true}]}}