{"id":185657,"date":"2024-05-09T21:42:36","date_gmt":"2024-05-09T21:42:36","guid":{"rendered":"https:\/\/aldeco.pt\/staging\/product\/rhapsody\/"},"modified":"2024-08-06T11:21:13","modified_gmt":"2024-08-06T11:21:13","slug":"rhapsody","status":"publish","type":"product","link":"https:\/\/staging.aldeco.pt\/pt-pt\/product\/rhapsody\/","title":{"rendered":"RHAPSODY"},"content":{"rendered":"<p>A sofistica\u00e7\u00e3o e o detalhe da combina\u00e7\u00e3o das cores que marcam esta colec\u00e7\u00e3o num bordado all-over em cetim com um desenho geom\u00e9trico hex\u00e1gono retro\/vintage.<br \/>\nEncontra-se dispon\u00edvel em 4 cores.<\/p>\n","protected":false},"excerpt":{"rendered":"<p>A sofistica\u00e7\u00e3o e o detalhe da combina\u00e7\u00e3o das cores que marcam esta colec\u00e7\u00e3o num bordado all-over em cetim com um desenho geom\u00e9trico hex\u00e1gono retro\/vintage.<br \/>\nEncontra-se dispon\u00edvel em 4 cores.<\/p>\n<h2>Rhapsody, a sofistica\u00e7\u00e3o e o detalhe da combina\u00e7\u00e3o das cores que marcam esta colec\u00e7\u00e3o num bordado all-over em cetim com um desenho geom\u00e9trico hex\u00e1gono retro\/vintage.<br \/>\nEncontra-se dispon\u00edvel em 4 cores.<\/h2>\n<p><img fetchpriority=\"high\" decoding=\"async\" class=\"alignnone wp-image-188698 size-medium\" src=\"https:\/\/aldeco.pt\/staging\/wp-content\/uploads\/2024\/01\/T191260001-5-300x212.jpg\" alt=\"Rhapsody - Aldeco\" width=\"300\" height=\"212\"><\/p>\n<p><a href=\"https:\/\/www.instagram.com\/aldeco_interiorfabrics\/\">https:\/\/www.instagram.com\/aldeco_interiorfabrics\/<\/a><\/p>\n<p><a href=\"https:\/\/aldeco.pt\/staging\/product\/rhapsody\/?attribute_pa_aldeco-color=01-natural-shades\">https:\/\/aldeco.pt\/staging\/product\/rhapsody\/?attribute_pa_aldeco-color=01-natural-shades<\/a><\/p>\n","protected":false},"featured_media":156697,"template":"","meta":[],"product_brand":[],"product_cat":[6145],"product_tag":[],"class_list":{"0":"post-185657","1":"product","2":"type-product","3":"status-publish","4":"has-post-thumbnail","6":"product_cat-aldeco-2-pt-pt-2","7":"pa_cleanability-8282","8":"pa_composition-ext-57-vi-43-co-pt-pt","9":"pa_interior-fabrics-1-pt-pt","10":"pa_line-tecidos","11":"pa_lithfastness-4-pt-pt","12":"pa_outdoor-0-pt-pt","13":"pa_range-bordado","14":"pa_rapport-horizontal-119-5-pt-pt","15":"pa_rapport-horizontal-19-5-pt-pt","16":"pa_rapport-vertical-11009","17":"pa_rapport-vertical-32-pt-pt","20":"first","21":"instock","22":"purchasable","23":"product-type-variable"},"acf":[],"_links":{"self":[{"href":"https:\/\/staging.aldeco.pt\/pt-pt\/wp-json\/wp\/v2\/product\/185657","targetHints":{"allow":["GET"]}}],"collection":[{"href":"https:\/\/staging.aldeco.pt\/pt-pt\/wp-json\/wp\/v2\/product"}],"about":[{"href":"https:\/\/staging.aldeco.pt\/pt-pt\/wp-json\/wp\/v2\/types\/product"}],"version-history":[{"count":1,"href":"https:\/\/staging.aldeco.pt\/pt-pt\/wp-json\/wp\/v2\/product\/185657\/revisions"}],"predecessor-version":[{"id":193545,"href":"https:\/\/staging.aldeco.pt\/pt-pt\/wp-json\/wp\/v2\/product\/185657\/revisions\/193545"}],"wp:featuredmedia":[{"embeddable":true,"href":"https:\/\/staging.aldeco.pt\/pt-pt\/wp-json\/wp\/v2\/media\/156697"}],"wp:attachment":[{"href":"https:\/\/staging.aldeco.pt\/pt-pt\/wp-json\/wp\/v2\/media?parent=185657"}],"wp:term":[{"taxonomy":"product_brand","embeddable":true,"href":"https:\/\/staging.aldeco.pt\/pt-pt\/wp-json\/wp\/v2\/product_brand?post=185657"},{"taxonomy":"product_cat","embeddable":true,"href":"https:\/\/staging.aldeco.pt\/pt-pt\/wp-json\/wp\/v2\/product_cat?post=185657"},{"taxonomy":"product_tag","embeddable":true,"href":"https:\/\/staging.aldeco.pt\/pt-pt\/wp-json\/wp\/v2\/product_tag?post=185657"}],"curies":[{"name":"wp","href":"https:\/\/api.w.org\/{rel}","templated":true}]}}