{"id":185652,"date":"2024-05-09T21:38:33","date_gmt":"2024-05-09T21:38:33","guid":{"rendered":"https:\/\/aldeco.pt\/staging\/product\/rescue-easy-clean-fr\/"},"modified":"2024-08-07T11:44:39","modified_gmt":"2024-08-07T11:44:39","slug":"rescue-easy-clean-fr","status":"publish","type":"product","link":"https:\/\/staging.aldeco.pt\/pt-pt\/product\/rescue-easy-clean-fr\/","title":{"rendered":"RESCUE EASY CLEAN FR"},"content":{"rendered":"<p>Rescue \u00e9 um tecido inovador, feito de material 100 reciclado, proveniente de garrafas de pl\u00e1stico recuperadas dos nossos oceanos. Este tecido \u00e9 a resposta perfeita ao nosso compromisso de \u201ccurar o futuro\u201d e fazer deste mundo um lugar melhor: \u00c9 feito de material 100 reciclado, n\u00e3o gera qualquer desperd\u00edcio na sua produ\u00e7\u00e3o e \u00e9 extremamente duradouro. Para al\u00e9m de ser extremamente confort\u00e1vel, tem ainda protec\u00e7\u00e3o anti manchas.<\/p>\n","protected":false},"excerpt":{"rendered":"<p>Rescue \u00e9 um tecido inovador, feito de material 100 reciclado, proveniente de garrafas de pl\u00e1stico recuperadas dos nossos oceanos. Este tecido \u00e9 a resposta perfeita ao nosso compromisso de curar o futuro e tornar este mundo um lugar melhor: \u00c9 feito de material 100% reciclado, n\u00e3o gera quaisquer res\u00edduos na sua produ\u00e7\u00e3o, \u00e9 extremamente duradouro, tem prote\u00e7\u00e3o anti-manchas e \u00e9 tamb\u00e9m muito macio e confort\u00e1vel. <\/p>\n<h2>Rescue Easy Clean FR \u00e9 um tecido inovador, feito de material 100 reciclado, proveniente de garrafas de pl\u00e1stico recuperadas dos nossos oceanos. Este tecido \u00e9 a resposta perfeita ao nosso compromisso de \u201ccurar o futuro\u201d e fazer deste mundo um lugar melhor: \u00c9 feito de material 100 reciclado, n\u00e3o gera qualquer desperd\u00edcio na sua produ\u00e7\u00e3o e \u00e9 extremamente duradouro. Para al\u00e9m de ser extremamente confort\u00e1vel, tem ainda protec\u00e7\u00e3o anti manchas.<\/h2>\n<p><img fetchpriority=\"high\" decoding=\"async\" class=\"alignnone wp-image-188654 size-medium\" src=\"https:\/\/aldeco.pt\/staging\/wp-content\/uploads\/2024\/01\/T192020001-2-300x225.jpg\" alt=\"Recue Easy Clean FR - Aldeco\" width=\"300\" height=\"225\"><\/p>\n<p><a href=\"https:\/\/www.instagram.com\/aldeco_interiorfabrics\/\">https:\/\/www.instagram.com\/aldeco_interiorfabrics\/<\/a><\/p>\n<p style=\"text-align: left;\"><a href=\"https:\/\/aldeco.pt\/staging\/product\/rescue-easy-clean-fr\/?attribute_pa_aldeco-color=01-cotton-white\">https:\/\/aldeco.pt\/staging\/product\/rescue-easy-clean-fr\/?attribute_pa_aldeco-color=01-cotton-white<\/a><\/p>\n","protected":false},"featured_media":156599,"template":"","meta":[],"product_brand":[],"product_cat":[6145],"product_tag":[],"class_list":{"0":"post-185652","1":"product","2":"type-product","3":"status-publish","4":"has-post-thumbnail","6":"product_cat-aldeco-2-pt-pt-2","7":"pa_cleanability-4-5-pt-pt","8":"pa_composition-ext-100-rpl-pt-pt","9":"pa_contract-fabrics-1-pt-pt","10":"pa_interior-fabrics-1-pt-pt","11":"pa_line-tecidos","12":"pa_lithfastness-5-6-pt-pt","13":"pa_outdoor-0-pt-pt","14":"pa_range-liso","15":"pa_rapport-vertical-11009","16":"pa_special-treatments-fabrics-1-pt-pt","17":"pa_sustainable-fabrics-1-pt-pt","20":"first","21":"instock","22":"purchasable","23":"product-type-variable"},"acf":[],"_links":{"self":[{"href":"https:\/\/staging.aldeco.pt\/pt-pt\/wp-json\/wp\/v2\/product\/185652","targetHints":{"allow":["GET"]}}],"collection":[{"href":"https:\/\/staging.aldeco.pt\/pt-pt\/wp-json\/wp\/v2\/product"}],"about":[{"href":"https:\/\/staging.aldeco.pt\/pt-pt\/wp-json\/wp\/v2\/types\/product"}],"version-history":[{"count":2,"href":"https:\/\/staging.aldeco.pt\/pt-pt\/wp-json\/wp\/v2\/product\/185652\/revisions"}],"predecessor-version":[{"id":198530,"href":"https:\/\/staging.aldeco.pt\/pt-pt\/wp-json\/wp\/v2\/product\/185652\/revisions\/198530"}],"wp:featuredmedia":[{"embeddable":true,"href":"https:\/\/staging.aldeco.pt\/pt-pt\/wp-json\/wp\/v2\/media\/156599"}],"wp:attachment":[{"href":"https:\/\/staging.aldeco.pt\/pt-pt\/wp-json\/wp\/v2\/media?parent=185652"}],"wp:term":[{"taxonomy":"product_brand","embeddable":true,"href":"https:\/\/staging.aldeco.pt\/pt-pt\/wp-json\/wp\/v2\/product_brand?post=185652"},{"taxonomy":"product_cat","embeddable":true,"href":"https:\/\/staging.aldeco.pt\/pt-pt\/wp-json\/wp\/v2\/product_cat?post=185652"},{"taxonomy":"product_tag","embeddable":true,"href":"https:\/\/staging.aldeco.pt\/pt-pt\/wp-json\/wp\/v2\/product_tag?post=185652"}],"curies":[{"name":"wp","href":"https:\/\/api.w.org\/{rel}","templated":true}]}}