{"id":185641,"date":"2024-05-09T21:43:15","date_gmt":"2024-05-09T21:43:15","guid":{"rendered":"https:\/\/aldeco.pt\/staging\/product\/rise-wlb\/"},"modified":"2024-09-24T08:30:28","modified_gmt":"2024-09-24T08:30:28","slug":"rise-wlb","status":"publish","type":"product","link":"https:\/\/staging.aldeco.pt\/pt-pt\/product\/rise-wlb\/","title":{"rendered":"RISE WLB"},"content":{"rendered":"<p>Rise WLB \u00e9 uma maravilhosa proposta de cortina, entre 295 e 300 de largura, que se assemelha a uma de malha, cujos veios principais est\u00e3o orientados verticalmente. Esta cortina \u00e9 surpreendentemente suave e os fios d\u00e3o um brilho natural e elegante \u00e0 textura, gra\u00e7as ao seu acabamento calandrado. Apresentamos esta semi transpar\u00eancia em 23 cores, todas com Fio de Chumbo Ecol\u00f3gico, para uma maior versatilidade ecol\u00f3gica.<\/p>\n","protected":false},"excerpt":{"rendered":"<p>\u00c9 uma maravilhosa proposta de cortina, entre 295 e 300 de largura, que se assemelha a uma de malha, cujos veios principais est\u00e3o orientados verticalmente. Esta cortina \u00e9 surpreendentemente suave e os fios d\u00e3o um brilho natural e elegante \u00e0 textura, gra\u00e7as ao seu acabamento calandrado. Apresentamos esta semi transpar\u00eancia em 23 cores, todas com Fio de Chumbo Ecol\u00f3gico, para uma maior versatilidade ecol\u00f3gica.<\/p>\n<h2>Rise WLB \u00e9 uma maravilhosa proposta de cortina, entre 295 e 300 de largura, que se assemelha a uma de malha, cujos veios principais est\u00e3o orientados verticalmente. Esta cortina \u00e9 surpreendentemente suave e os fios d\u00e3o um brilho natural e elegante \u00e0 textura, gra\u00e7as ao seu acabamento calandrado. Apresentamos esta semi transpar\u00eancia em 23 cores, todas com Fio de Chumbo Ecol\u00f3gico, para uma maior versatilidade ecol\u00f3gica.<\/h2>\n<p><img fetchpriority=\"high\" decoding=\"async\" class=\"alignnone wp-image-188709 size-medium\" src=\"https:\/\/aldeco.pt\/staging\/wp-content\/uploads\/2024\/01\/T191940001-4-300x225.jpg\" alt=\"Rise Wlb - Aldeco\" width=\"300\" height=\"225\" \/><\/p>\n<p><a href=\"https:\/\/www.instagram.com\/aldeco_interiorfabrics\/\">https:\/\/www.instagram.com\/aldeco_interiorfabrics\/<\/a><\/p>\n<p><a href=\"https:\/\/aldeco.pt\/staging\/product\/rise-wlb\/?attribute_pa_aldeco-color=01-pure-white\">https:\/\/aldeco.pt\/staging\/product\/rise-wlb\/?attribute_pa_aldeco-color=01-pure-white<\/a><\/p>\n","protected":false},"featured_media":156700,"template":"","meta":[],"product_brand":[],"product_cat":[6153],"product_tag":[],"class_list":{"0":"post-185641","1":"product","2":"type-product","3":"status-publish","4":"has-post-thumbnail","6":"product_cat-aldeco-smarter-pt-pt","7":"pa_cleanability-8282","8":"pa_composition-ext-100-pl-pt-pt","9":"pa_interior-fabrics-1-pt-pt","10":"pa_line-tecidos","11":"pa_lithfastness-4-5-pt-pt","12":"pa_outdoor-0-pt-pt","13":"pa_range-dobby-pt-pt","14":"pa_range-transparente","15":"pa_rapport-vertical-11009","16":"pa_special-treatments-fabrics-1-pt-pt","19":"first","20":"instock","21":"purchasable","22":"product-type-variable"},"acf":[],"_links":{"self":[{"href":"https:\/\/staging.aldeco.pt\/pt-pt\/wp-json\/wp\/v2\/product\/185641","targetHints":{"allow":["GET"]}}],"collection":[{"href":"https:\/\/staging.aldeco.pt\/pt-pt\/wp-json\/wp\/v2\/product"}],"about":[{"href":"https:\/\/staging.aldeco.pt\/pt-pt\/wp-json\/wp\/v2\/types\/product"}],"version-history":[{"count":3,"href":"https:\/\/staging.aldeco.pt\/pt-pt\/wp-json\/wp\/v2\/product\/185641\/revisions"}],"predecessor-version":[{"id":200777,"href":"https:\/\/staging.aldeco.pt\/pt-pt\/wp-json\/wp\/v2\/product\/185641\/revisions\/200777"}],"wp:featuredmedia":[{"embeddable":true,"href":"https:\/\/staging.aldeco.pt\/pt-pt\/wp-json\/wp\/v2\/media\/156700"}],"wp:attachment":[{"href":"https:\/\/staging.aldeco.pt\/pt-pt\/wp-json\/wp\/v2\/media?parent=185641"}],"wp:term":[{"taxonomy":"product_brand","embeddable":true,"href":"https:\/\/staging.aldeco.pt\/pt-pt\/wp-json\/wp\/v2\/product_brand?post=185641"},{"taxonomy":"product_cat","embeddable":true,"href":"https:\/\/staging.aldeco.pt\/pt-pt\/wp-json\/wp\/v2\/product_cat?post=185641"},{"taxonomy":"product_tag","embeddable":true,"href":"https:\/\/staging.aldeco.pt\/pt-pt\/wp-json\/wp\/v2\/product_tag?post=185641"}],"curies":[{"name":"wp","href":"https:\/\/api.w.org\/{rel}","templated":true}]}}