{"id":185623,"date":"2024-05-09T21:35:43","date_gmt":"2024-05-09T21:35:43","guid":{"rendered":"https:\/\/aldeco.pt\/staging\/product\/recycle-wlb\/"},"modified":"2024-10-02T11:30:05","modified_gmt":"2024-10-02T11:30:05","slug":"recycle-wlb","status":"publish","type":"product","link":"https:\/\/staging.aldeco.pt\/pt-pt\/product\/recycle-wlb\/","title":{"rendered":"RECYCLE WLB"},"content":{"rendered":"<p>Proteja o meio ambiente com esta transpar\u00eancia suave e sustent\u00e1vel, um tecido de apar\u00eancia de linho. Este tecido \u00e9 ecol\u00f3gico pois \u00e9 produzido com poli\u00e9ster reciclado, produzido a partir de pl\u00e1stico reciclado numa produ\u00e7\u00e3o sustent\u00e1vel. \u00c9 muito largo, com 315 cm e \u00e9 entregue com banda de chumbo.<\/p>\n","protected":false},"excerpt":{"rendered":"<p>Proteja o meio ambiente com esta transpar\u00eancia suave e sustent\u00e1vel, um tecido de apar\u00eancia de linho. Este tecido \u00e9 ecol\u00f3gico pois \u00e9 produzido com poli\u00e9ster reciclado, produzido a partir de pl\u00e1stico reciclado numa produ\u00e7\u00e3o sustent\u00e1vel. \u00c9 muito largo, com 315 cm e \u00e9 entregue com banda de chumbo.<\/p>\n<h2>Recycle Wlb, proteja o meio ambiente com esta transpar\u00eancia suave e sustent\u00e1vel, um tecido de apar\u00eancia de linho. Este tecido \u00e9 ecol\u00f3gico pois \u00e9 produzido com poli\u00e9ster reciclado, produzido a partir de pl\u00e1stico reciclado numa produ\u00e7\u00e3o sustent\u00e1vel. \u00c9 muito largo, com 315 cm e \u00e9 entregue com banda de chumbo.<\/h2>\n<p><img fetchpriority=\"high\" decoding=\"async\" class=\"alignnone wp-image-188604 size-medium\" src=\"https:\/\/aldeco.pt\/staging\/wp-content\/uploads\/2024\/01\/T191630001-3-300x225.jpg\" alt=\"Recycle Wlb - Aldeco\" width=\"300\" height=\"225\" \/><\/p>\n<p><a href=\"https:\/\/www.instagram.com\/aldeco_interiorfabrics\/\">https:\/\/www.instagram.com\/aldeco_interiorfabrics\/<\/a><\/p>\n<p><a href=\"https:\/\/aldeco.pt\/staging\/product\/recycle-wlb\/?attribute_pa_aldeco-color=01-natural-white\">https:\/\/aldeco.pt\/staging\/product\/recycle-wlb\/?attribute_pa_aldeco-color=01-natural-white<\/a><\/p>\n","protected":false},"featured_media":156567,"template":"","meta":[],"product_brand":[],"product_cat":[6153],"product_tag":[],"class_list":{"0":"post-185623","1":"product","2":"type-product","3":"status-publish","4":"has-post-thumbnail","6":"product_cat-aldeco-smarter-pt-pt","7":"pa_cleanability-8282","8":"pa_composition-ext-52-rpl-48-pl-pt-pt","9":"pa_interior-fabrics-1-pt-pt","10":"pa_line-tecidos","11":"pa_lithfastness-5-pt-pt","12":"pa_outdoor-0-pt-pt","13":"pa_range-liso","14":"pa_range-transparente","15":"pa_rapport-vertical-11009","18":"first","19":"instock","20":"purchasable","21":"product-type-variable"},"acf":[],"_links":{"self":[{"href":"https:\/\/staging.aldeco.pt\/pt-pt\/wp-json\/wp\/v2\/product\/185623","targetHints":{"allow":["GET"]}}],"collection":[{"href":"https:\/\/staging.aldeco.pt\/pt-pt\/wp-json\/wp\/v2\/product"}],"about":[{"href":"https:\/\/staging.aldeco.pt\/pt-pt\/wp-json\/wp\/v2\/types\/product"}],"version-history":[{"count":2,"href":"https:\/\/staging.aldeco.pt\/pt-pt\/wp-json\/wp\/v2\/product\/185623\/revisions"}],"predecessor-version":[{"id":201829,"href":"https:\/\/staging.aldeco.pt\/pt-pt\/wp-json\/wp\/v2\/product\/185623\/revisions\/201829"}],"wp:featuredmedia":[{"embeddable":true,"href":"https:\/\/staging.aldeco.pt\/pt-pt\/wp-json\/wp\/v2\/media\/156567"}],"wp:attachment":[{"href":"https:\/\/staging.aldeco.pt\/pt-pt\/wp-json\/wp\/v2\/media?parent=185623"}],"wp:term":[{"taxonomy":"product_brand","embeddable":true,"href":"https:\/\/staging.aldeco.pt\/pt-pt\/wp-json\/wp\/v2\/product_brand?post=185623"},{"taxonomy":"product_cat","embeddable":true,"href":"https:\/\/staging.aldeco.pt\/pt-pt\/wp-json\/wp\/v2\/product_cat?post=185623"},{"taxonomy":"product_tag","embeddable":true,"href":"https:\/\/staging.aldeco.pt\/pt-pt\/wp-json\/wp\/v2\/product_tag?post=185623"}],"curies":[{"name":"wp","href":"https:\/\/api.w.org\/{rel}","templated":true}]}}