{"id":185604,"date":"2024-05-09T21:42:22","date_gmt":"2024-05-09T21:42:22","guid":{"rendered":"https:\/\/aldeco.pt\/staging\/product\/resource\/"},"modified":"2024-08-06T11:21:14","modified_gmt":"2024-08-06T11:21:14","slug":"resource","status":"publish","type":"product","link":"https:\/\/staging.aldeco.pt\/pt-pt\/product\/resource\/","title":{"rendered":"RESOURCE"},"content":{"rendered":"<p>RESOURCE \u00e9 um tecido reciclado para cortinas com um aspecto muito natural e uma estrutura de gaze, dispon\u00edvel em 5 cores intemporais. \u00c9 reciclado a partir de res\u00edduos p\u00f3s-consumo e p\u00f3s-industriais, incluindo l\u00e3 reciclada, poli\u00e9ster reciclado e acr\u00edlico reciclado, de acordo com o Global Recycled Standard. \u00c9 ecol\u00f3gico pois cumpre a norma OEKO-TEX 100, n\u00e3o possui subst\u00e2ncias nocivas ao meio ambiente.<\/p>\n","protected":false},"excerpt":{"rendered":"<p>\u00c9 um tecido reciclado para cortinas com um aspecto muito natural e uma estrutura de gaze, dispon\u00edvel em 5 cores intemporais. \u00c9 reciclado a partir de res\u00edduos p\u00f3s-consumo e p\u00f3s-industriais, incluindo l\u00e3 reciclada, poli\u00e9ster reciclado e acr\u00edlico reciclado, de acordo com o Global Recycled Standard. \u00c9 ecol\u00f3gico pois cumpre a norma OEKO-TEX 100, n\u00e3o possui subst\u00e2ncias nocivas ao meio ambiente.<\/p>\n<h2>RESOURCE \u00e9 um tecido reciclado para cortinas com um aspecto muito natural e uma estrutura de gaze, dispon\u00edvel em 5 cores intemporais.<\/h2>\n<p><img fetchpriority=\"high\" decoding=\"async\" class=\"alignnone wp-image-188692 size-medium\" src=\"https:\/\/aldeco.pt\/staging\/wp-content\/uploads\/2024\/01\/T192420001-4-300x200.jpg\" alt=\"Resource - Aldeco\" width=\"300\" height=\"200\"><\/p>\n<p><a href=\"https:\/\/aldeco.pt\/staging\/product\/resource\/?attribute_pa_aldeco-color=01-natural-white\">https:\/\/aldeco.pt\/staging\/product\/resource\/?attribute_pa_aldeco-color=01-natural-white<\/a><\/p>\n<p><a href=\"https:\/\/www.instagram.com\/aldeco_interiorfabrics\/\">https:\/\/www.instagram.com\/aldeco_interiorfabrics\/<\/a><\/p>\n<p>&nbsp;<\/p>\n","protected":false},"featured_media":156695,"template":"","meta":[],"product_brand":[],"product_cat":[6145],"product_tag":[],"class_list":{"0":"post-185604","1":"product","2":"type-product","3":"status-publish","4":"has-post-thumbnail","6":"product_cat-aldeco-2-pt-pt-2","7":"pa_cleanability-8282","8":"pa_composition-ext-28-rpan-52-rpl-20-rwo-pt-pt","9":"pa_interior-fabrics-1-pt-pt","10":"pa_line-tecidos","11":"pa_lithfastness-4-5-pt-pt","12":"pa_outdoor-0-pt-pt","13":"pa_range-liso","14":"pa_range-rede","15":"pa_range-transparente","16":"pa_rapport-vertical-11009","19":"first","20":"instock","21":"purchasable","22":"product-type-variable"},"acf":[],"_links":{"self":[{"href":"https:\/\/staging.aldeco.pt\/pt-pt\/wp-json\/wp\/v2\/product\/185604","targetHints":{"allow":["GET"]}}],"collection":[{"href":"https:\/\/staging.aldeco.pt\/pt-pt\/wp-json\/wp\/v2\/product"}],"about":[{"href":"https:\/\/staging.aldeco.pt\/pt-pt\/wp-json\/wp\/v2\/types\/product"}],"version-history":[{"count":1,"href":"https:\/\/staging.aldeco.pt\/pt-pt\/wp-json\/wp\/v2\/product\/185604\/revisions"}],"predecessor-version":[{"id":193546,"href":"https:\/\/staging.aldeco.pt\/pt-pt\/wp-json\/wp\/v2\/product\/185604\/revisions\/193546"}],"wp:featuredmedia":[{"embeddable":true,"href":"https:\/\/staging.aldeco.pt\/pt-pt\/wp-json\/wp\/v2\/media\/156695"}],"wp:attachment":[{"href":"https:\/\/staging.aldeco.pt\/pt-pt\/wp-json\/wp\/v2\/media?parent=185604"}],"wp:term":[{"taxonomy":"product_brand","embeddable":true,"href":"https:\/\/staging.aldeco.pt\/pt-pt\/wp-json\/wp\/v2\/product_brand?post=185604"},{"taxonomy":"product_cat","embeddable":true,"href":"https:\/\/staging.aldeco.pt\/pt-pt\/wp-json\/wp\/v2\/product_cat?post=185604"},{"taxonomy":"product_tag","embeddable":true,"href":"https:\/\/staging.aldeco.pt\/pt-pt\/wp-json\/wp\/v2\/product_tag?post=185604"}],"curies":[{"name":"wp","href":"https:\/\/api.w.org\/{rel}","templated":true}]}}