{"id":185594,"date":"2024-05-09T21:35:23","date_gmt":"2024-05-09T21:35:23","guid":{"rendered":"https:\/\/aldeco.pt\/staging\/product\/raw-wlb\/"},"modified":"2024-08-06T11:21:18","modified_gmt":"2024-08-06T11:21:18","slug":"raw-wlb","status":"publish","type":"product","link":"https:\/\/staging.aldeco.pt\/pt-pt\/product\/raw-wlb\/","title":{"rendered":"RAW WLB"},"content":{"rendered":"<p>Transpar\u00eancia com efeito natural e texturada, com mais de 300 cm de largura. Um dos Must Haves desta cole\u00e7\u00e3o. Apresentamos em 4 cores naturais, 1 cor ligeiramente quente e 1 tom masculino.<\/p>\n","protected":false},"excerpt":{"rendered":"<p>Transpar\u00eancia com efeito natural e texturada, com mais de 300 cm de largura. Um dos Must Haves desta cole\u00e7\u00e3o. Apresentamos em 4 cores naturais, 1 cor ligeiramente quente e 1 tom masculino.<\/p>\n<h2>Raw Wlb \u00e9 uma transpar\u00eancia com efeito natural e texturada, com mais de 300 cm de largura. Um dos Must Haves desta cole\u00e7\u00e3o. Apresentamos em 4 cores naturais, 1 cor ligeiramente quente e 1 tom masculino.<\/h2>\n<p><img fetchpriority=\"high\" decoding=\"async\" class=\"alignnone wp-image-188599 size-medium\" src=\"https:\/\/aldeco.pt\/staging\/wp-content\/uploads\/2024\/03\/T019720001-300x240.jpg\" alt=\"Raw Wlb - Aldeco\" width=\"300\" height=\"240\"><\/p>\n<p><a href=\"https:\/\/www.instagram.com\/aldeco_interiorfabrics\/\">https:\/\/www.instagram.com\/aldeco_interiorfabrics\/<\/a><\/p>\n<p><a href=\"https:\/\/aldeco.pt\/staging\/product\/raw-wlb\/?attribute_pa_aldeco-color=01-raw-white\">https:\/\/aldeco.pt\/staging\/product\/raw-wlb\/?attribute_pa_aldeco-color=01-raw-white<\/a><\/p>\n","protected":false},"featured_media":156565,"template":"","meta":[],"product_brand":[],"product_cat":[6145],"product_tag":[],"class_list":{"0":"post-185594","1":"product","2":"type-product","3":"status-publish","4":"has-post-thumbnail","6":"product_cat-aldeco-2-pt-pt-2","7":"pa_cleanability-8282","8":"pa_composition-ext-100-pl-pt-pt","9":"pa_interior-fabrics-1-pt-pt","10":"pa_line-tecidos","11":"pa_lithfastness-4-5-pt-pt","12":"pa_outdoor-0-pt-pt","13":"pa_range-liso","14":"pa_range-transparente","15":"pa_rapport-vertical-11009","18":"first","19":"instock","20":"purchasable","21":"product-type-variable"},"acf":[],"_links":{"self":[{"href":"https:\/\/staging.aldeco.pt\/pt-pt\/wp-json\/wp\/v2\/product\/185594","targetHints":{"allow":["GET"]}}],"collection":[{"href":"https:\/\/staging.aldeco.pt\/pt-pt\/wp-json\/wp\/v2\/product"}],"about":[{"href":"https:\/\/staging.aldeco.pt\/pt-pt\/wp-json\/wp\/v2\/types\/product"}],"version-history":[{"count":1,"href":"https:\/\/staging.aldeco.pt\/pt-pt\/wp-json\/wp\/v2\/product\/185594\/revisions"}],"predecessor-version":[{"id":193555,"href":"https:\/\/staging.aldeco.pt\/pt-pt\/wp-json\/wp\/v2\/product\/185594\/revisions\/193555"}],"wp:featuredmedia":[{"embeddable":true,"href":"https:\/\/staging.aldeco.pt\/pt-pt\/wp-json\/wp\/v2\/media\/156565"}],"wp:attachment":[{"href":"https:\/\/staging.aldeco.pt\/pt-pt\/wp-json\/wp\/v2\/media?parent=185594"}],"wp:term":[{"taxonomy":"product_brand","embeddable":true,"href":"https:\/\/staging.aldeco.pt\/pt-pt\/wp-json\/wp\/v2\/product_brand?post=185594"},{"taxonomy":"product_cat","embeddable":true,"href":"https:\/\/staging.aldeco.pt\/pt-pt\/wp-json\/wp\/v2\/product_cat?post=185594"},{"taxonomy":"product_tag","embeddable":true,"href":"https:\/\/staging.aldeco.pt\/pt-pt\/wp-json\/wp\/v2\/product_tag?post=185594"}],"curies":[{"name":"wp","href":"https:\/\/api.w.org\/{rel}","templated":true}]}}