{"id":185580,"date":"2024-05-09T21:35:05","date_gmt":"2024-05-09T21:35:05","guid":{"rendered":"https:\/\/aldeco.pt\/staging\/product\/rainforest-printed\/"},"modified":"2024-10-08T15:46:41","modified_gmt":"2024-10-08T15:46:41","slug":"rainforest-printed","status":"publish","type":"product","link":"https:\/\/staging.aldeco.pt\/pt-pt\/product\/rainforest-printed\/","title":{"rendered":"RAINFOREST PRINTED"},"content":{"rendered":"<p>Fant\u00e1stica impress\u00e3o digital, numa base de algod\u00e3o mercerizado. Este tecido evoca umas alegres pinceladas de uma pintura Monet a interpretar a beleza da natureza. Este tecido fica lind\u00edssimo em cortina, decora\u00e7\u00e3o e estofo.<\/p>\n","protected":false},"excerpt":{"rendered":"<p>Fant\u00e1stica impress\u00e3o digital, numa base de algod\u00e3o mercerizado. Este tecido evoca umas alegres pinceladas de uma pintura Monet a interpretar a beleza da natureza. Este tecido fica lind\u00edssimo em cortina, decora\u00e7\u00e3o e estofo.<\/p>\n<h2>Rainforest Printed uma fant\u00e1stica impress\u00e3o digital, numa base de algod\u00e3o mercerizado. Este tecido evoca umas alegres pinceladas de uma pintura Monet a interpretar a beleza da natureza. Este tecido fica lind\u00edssimo em cortina, decora\u00e7\u00e3o e estofo.<\/h2>\n<p><img fetchpriority=\"high\" decoding=\"async\" class=\"alignnone wp-image-188587 size-medium\" src=\"https:\/\/aldeco.pt\/staging\/wp-content\/uploads\/2024\/05\/T019310001-300x240.jpg\" alt=\"Rainforest Printed - Aldeco\" width=\"300\" height=\"240\" \/><\/p>\n<p><a href=\"https:\/\/www.instagram.com\/aldeco_interiorfabrics\/\">https:\/\/www.instagram.com\/aldeco_interiorfabrics\/<\/a><\/p>\n<p><a href=\"https:\/\/aldeco.pt\/staging\/product\/rainforest-printed\/?attribute_pa_aldeco-color=01-colourfulness\">https:\/\/aldeco.pt\/staging\/product\/rainforest-printed\/?attribute_pa_aldeco-color=01-colourfulness<\/a><\/p>\n","protected":false},"featured_media":159976,"template":"","meta":[],"product_brand":[],"product_cat":[6145],"product_tag":[],"class_list":{"0":"post-185580","1":"product","2":"type-product","3":"status-publish","4":"has-post-thumbnail","6":"product_cat-aldeco-2-pt-pt-2","7":"pa_cleanability-8282","8":"pa_composition-ext-100-co-pt-pt","9":"pa_interior-fabrics-1-pt-pt","10":"pa_line-tecidos","11":"pa_lithfastness-4-pt-pt","12":"pa_outdoor-0-pt-pt","13":"pa_range-estampado","14":"pa_rapport-horizontal-32-pt-pt","15":"pa_rapport-vertical-59-5-pt-pt","18":"first","19":"instock","20":"purchasable","21":"product-type-variable"},"acf":[],"_links":{"self":[{"href":"https:\/\/staging.aldeco.pt\/pt-pt\/wp-json\/wp\/v2\/product\/185580","targetHints":{"allow":["GET"]}}],"collection":[{"href":"https:\/\/staging.aldeco.pt\/pt-pt\/wp-json\/wp\/v2\/product"}],"about":[{"href":"https:\/\/staging.aldeco.pt\/pt-pt\/wp-json\/wp\/v2\/types\/product"}],"version-history":[{"count":2,"href":"https:\/\/staging.aldeco.pt\/pt-pt\/wp-json\/wp\/v2\/product\/185580\/revisions"}],"predecessor-version":[{"id":202235,"href":"https:\/\/staging.aldeco.pt\/pt-pt\/wp-json\/wp\/v2\/product\/185580\/revisions\/202235"}],"wp:featuredmedia":[{"embeddable":true,"href":"https:\/\/staging.aldeco.pt\/pt-pt\/wp-json\/wp\/v2\/media\/159976"}],"wp:attachment":[{"href":"https:\/\/staging.aldeco.pt\/pt-pt\/wp-json\/wp\/v2\/media?parent=185580"}],"wp:term":[{"taxonomy":"product_brand","embeddable":true,"href":"https:\/\/staging.aldeco.pt\/pt-pt\/wp-json\/wp\/v2\/product_brand?post=185580"},{"taxonomy":"product_cat","embeddable":true,"href":"https:\/\/staging.aldeco.pt\/pt-pt\/wp-json\/wp\/v2\/product_cat?post=185580"},{"taxonomy":"product_tag","embeddable":true,"href":"https:\/\/staging.aldeco.pt\/pt-pt\/wp-json\/wp\/v2\/product_tag?post=185580"}],"curies":[{"name":"wp","href":"https:\/\/api.w.org\/{rel}","templated":true}]}}