{"id":185555,"date":"2024-05-09T21:29:46","date_gmt":"2024-05-09T21:29:46","guid":{"rendered":"https:\/\/aldeco.pt\/staging\/product\/project-water-repellent\/"},"modified":"2024-10-09T15:00:46","modified_gmt":"2024-10-09T15:00:46","slug":"project-water-repellent","status":"publish","type":"product","link":"https:\/\/staging.aldeco.pt\/pt-pt\/product\/project-water-repellent\/","title":{"rendered":"PROJECT WATER REPELLENT"},"content":{"rendered":"<p>Project \u00e9 um veludo Repelente de \u00c1gua, Resistente a Manchas e de F\u00e1cil Limpeza. Aliada a estas fant\u00e1sticas propriedades est\u00e1 a sua suavidade maravilhosa e uma elevada resist\u00eancia \u00e0 abras\u00e3o com mais de 100.000 ciclos de Martindale! Est\u00e1 dispon\u00edvel em 23 cores maravilhosas. O Project Water Repellent tamb\u00e9m est\u00e1 dispon\u00edvel numa vers\u00e3o FR (norma inglesa BS5852-Source 1). Conhe\u00e7a tamb\u00e9m o Project Form, com as mesmas caracter\u00edsticas e um design acolchoado.<\/p>\n","protected":false},"excerpt":{"rendered":"<p>Project \u00e9 um veludo Repelente de \u00c1gua, Resistente a Manchas e de F\u00e1cil Limpeza. Aliada a estas fant\u00e1sticas propriedades est\u00e1 a sua suavidade maravilhosa e uma elevada resist\u00eancia \u00e0 abras\u00e3o com mais de 100.000 ciclos de Martindale! Est\u00e1 dispon\u00edvel em 23 cores maravilhosas. O Project Water Repellent tamb\u00e9m est\u00e1 dispon\u00edvel numa vers\u00e3o FR (norma inglesa BS5852-Source 1). Conhe\u00e7a tamb\u00e9m o Project Form, com as mesmas caracter\u00edsticas e um design acolchoado.<\/p>\n<h2>Project \u00e9 um veludo Repelente de \u00c1gua, Resistente a Manchas e de F\u00e1cil Limpeza. Aliada a estas fant\u00e1sticas propriedades est\u00e1 a sua suavidade maravilhosa e uma elevada resist\u00eancia \u00e0 abras\u00e3o com mais de 100.000 ciclos de Martindale!<\/h2>\n<p><img fetchpriority=\"high\" decoding=\"async\" class=\"alignnone wp-image-188549 size-medium\" src=\"https:\/\/aldeco.pt\/staging\/wp-content\/uploads\/2024\/01\/T190930010-3-300x199.jpg\" alt=\"Project Water Repellent - Aldeco\" width=\"300\" height=\"199\" \/><\/p>\n<p><a href=\"https:\/\/www.instagram.com\/aldeco_interiorfabrics\/\">https:\/\/www.instagram.com\/aldeco_interiorfabrics\/<\/a><\/p>\n<p><a href=\"https:\/\/aldeco.pt\/staging\/product\/project-water-repellent\/?attribute_pa_aldeco-color=01-ivory\">https:\/\/aldeco.pt\/staging\/product\/project-water-repellent\/?attribute_pa_aldeco-color=01-ivory<\/a><\/p>\n","protected":false},"featured_media":156475,"template":"","meta":[],"product_brand":[],"product_cat":[6145],"product_tag":[],"class_list":{"0":"post-185555","1":"product","2":"type-product","3":"status-publish","4":"has-post-thumbnail","6":"product_cat-aldeco-2-pt-pt-2","7":"pa_cleanability-8282","8":"pa_composition-ext-100-pl-pt-pt","9":"pa_contract-fabrics-1-pt-pt","10":"pa_interior-fabrics-1-pt-pt","11":"pa_line-tecidos","12":"pa_lithfastness-4-pt-pt","13":"pa_outdoor-0-pt-pt","14":"pa_range-veludo","15":"pa_rapport-vertical-11009","16":"pa_special-treatments-fabrics-1-pt-pt","19":"first","20":"instock","21":"purchasable","22":"product-type-variable"},"acf":[],"_links":{"self":[{"href":"https:\/\/staging.aldeco.pt\/pt-pt\/wp-json\/wp\/v2\/product\/185555","targetHints":{"allow":["GET"]}}],"collection":[{"href":"https:\/\/staging.aldeco.pt\/pt-pt\/wp-json\/wp\/v2\/product"}],"about":[{"href":"https:\/\/staging.aldeco.pt\/pt-pt\/wp-json\/wp\/v2\/types\/product"}],"version-history":[{"count":2,"href":"https:\/\/staging.aldeco.pt\/pt-pt\/wp-json\/wp\/v2\/product\/185555\/revisions"}],"predecessor-version":[{"id":204642,"href":"https:\/\/staging.aldeco.pt\/pt-pt\/wp-json\/wp\/v2\/product\/185555\/revisions\/204642"}],"wp:featuredmedia":[{"embeddable":true,"href":"https:\/\/staging.aldeco.pt\/pt-pt\/wp-json\/wp\/v2\/media\/156475"}],"wp:attachment":[{"href":"https:\/\/staging.aldeco.pt\/pt-pt\/wp-json\/wp\/v2\/media?parent=185555"}],"wp:term":[{"taxonomy":"product_brand","embeddable":true,"href":"https:\/\/staging.aldeco.pt\/pt-pt\/wp-json\/wp\/v2\/product_brand?post=185555"},{"taxonomy":"product_cat","embeddable":true,"href":"https:\/\/staging.aldeco.pt\/pt-pt\/wp-json\/wp\/v2\/product_cat?post=185555"},{"taxonomy":"product_tag","embeddable":true,"href":"https:\/\/staging.aldeco.pt\/pt-pt\/wp-json\/wp\/v2\/product_tag?post=185555"}],"curies":[{"name":"wp","href":"https:\/\/api.w.org\/{rel}","templated":true}]}}