{"id":185550,"date":"2024-05-09T21:33:06","date_gmt":"2024-05-09T21:33:06","guid":{"rendered":"https:\/\/aldeco.pt\/staging\/product\/quinoa\/"},"modified":"2024-08-06T11:21:22","modified_gmt":"2024-08-06T11:21:22","slug":"quinoa","status":"publish","type":"product","link":"https:\/\/staging.aldeco.pt\/pt-pt\/product\/quinoa\/","title":{"rendered":"QUINOA"},"content":{"rendered":"<p>\u00c9 um tecido 100% linho com um look de tweed ideal para estofo dispon\u00edvel numa cor \u00fanica de linho natural.<\/p>\n","protected":false},"excerpt":{"rendered":"<p>\u00c9 um tecido 100% linho com um look de tweed ideal para estofo dispon\u00edvel numa cor \u00fanica de linho natural.<\/p>\n<h2>Quinoa \u00e9 um tecido 100% linho com um look de tweed ideal para estofo dispon\u00edvel numa cor \u00fanica de linho natural.<\/h2>\n<p><img fetchpriority=\"high\" decoding=\"async\" class=\"alignnone wp-image-188566 size-medium\" src=\"https:\/\/aldeco.pt\/staging\/wp-content\/uploads\/2024\/05\/T191040001-300x200.jpg\" alt=\"Quinoa - Aldeco\" width=\"300\" height=\"200\"><\/p>\n<p><a href=\"https:\/\/aldeco.pt\/staging\/product\/quinoa\/?attribute_pa_aldeco-color=01-linen\">https:\/\/aldeco.pt\/staging\/product\/quinoa\/?attribute_pa_aldeco-color=01-linen<\/a><\/p>\n<p><a href=\"https:\/\/www.instagram.com\/aldeco_interiorfabrics\/\">https:\/\/www.instagram.com\/aldeco_interiorfabrics\/<\/a><\/p>\n","protected":false},"featured_media":159932,"template":"","meta":[],"product_brand":[],"product_cat":[6145],"product_tag":[],"class_list":{"0":"post-185550","1":"product","2":"type-product","3":"status-publish","4":"has-post-thumbnail","6":"product_cat-aldeco-2-pt-pt-2","7":"pa_cleanability-8282","8":"pa_composition-ext-100-li-pt-pt","9":"pa_interior-fabrics-1-pt-pt","10":"pa_line-tecidos","11":"pa_lithfastness-5-pt-pt","12":"pa_outdoor-0-pt-pt","13":"pa_range-liso","14":"pa_rapport-vertical-11009","17":"first","18":"instock","19":"purchasable","20":"product-type-variable"},"acf":[],"_links":{"self":[{"href":"https:\/\/staging.aldeco.pt\/pt-pt\/wp-json\/wp\/v2\/product\/185550","targetHints":{"allow":["GET"]}}],"collection":[{"href":"https:\/\/staging.aldeco.pt\/pt-pt\/wp-json\/wp\/v2\/product"}],"about":[{"href":"https:\/\/staging.aldeco.pt\/pt-pt\/wp-json\/wp\/v2\/types\/product"}],"version-history":[{"count":1,"href":"https:\/\/staging.aldeco.pt\/pt-pt\/wp-json\/wp\/v2\/product\/185550\/revisions"}],"predecessor-version":[{"id":193567,"href":"https:\/\/staging.aldeco.pt\/pt-pt\/wp-json\/wp\/v2\/product\/185550\/revisions\/193567"}],"wp:featuredmedia":[{"embeddable":true,"href":"https:\/\/staging.aldeco.pt\/pt-pt\/wp-json\/wp\/v2\/media\/159932"}],"wp:attachment":[{"href":"https:\/\/staging.aldeco.pt\/pt-pt\/wp-json\/wp\/v2\/media?parent=185550"}],"wp:term":[{"taxonomy":"product_brand","embeddable":true,"href":"https:\/\/staging.aldeco.pt\/pt-pt\/wp-json\/wp\/v2\/product_brand?post=185550"},{"taxonomy":"product_cat","embeddable":true,"href":"https:\/\/staging.aldeco.pt\/pt-pt\/wp-json\/wp\/v2\/product_cat?post=185550"},{"taxonomy":"product_tag","embeddable":true,"href":"https:\/\/staging.aldeco.pt\/pt-pt\/wp-json\/wp\/v2\/product_tag?post=185550"}],"curies":[{"name":"wp","href":"https:\/\/api.w.org\/{rel}","templated":true}]}}