{"id":185466,"date":"2024-05-09T21:32:15","date_gmt":"2024-05-09T21:32:15","guid":{"rendered":"https:\/\/aldeco.pt\/staging\/product\/pulp-astrakan\/"},"modified":"2024-10-09T11:15:43","modified_gmt":"2024-10-09T11:15:43","slug":"pulp-astrakan","status":"publish","type":"product","link":"https:\/\/staging.aldeco.pt\/pt-pt\/product\/pulp-astrakan\/","title":{"rendered":"PULP ASTRAKAN"},"content":{"rendered":"<p>Um Jacquard Chenille, inspirado na textura Astrakan, \u00e9 muito elegante e resistente. PULP ASTRAKAN 01 Milky White NOW WITH ANTI-STAIN FINISH! Sempre com o intuito de inovar e responder \u00e0s necessidades dos nossos clientes, apresentamos esta recente atualiza\u00e7\u00e3o t\u00e3o desejada, mantendo o pre\u00e7o do artigo. A mesma textura, o mesmo aspeto, mas agora com um desempenho ainda melhor dispon\u00edvel em PULP ASTRAKAN 01 Wild White. Para tornar a sua vida o mais f\u00e1cil poss\u00edvel, poupe \u00e1gua e tempo! Limpa facilmente: Caf\u00e9, ketchup, manchas de vinho tinto, chocolate, marcas de esferogr\u00e1fica e lama. As manchas podem agora ser removidas com facilidade, utilizando apenas \u00e1gua e um pano. Ter em aten\u00e7\u00e3o que a remo\u00e7\u00e3o imediata da n\u00f3doa garantir\u00e1 o melhor resultado.<\/p>\n","protected":false},"excerpt":{"rendered":"<p>Um Jacquard Chenille, inspirado na textura Astrakan, \u00e9 muito elegante e resistente. PULP ASTRAKAN 01 Wild White AGORA COM ACABAMENTO ANTI-MANCHAS! Sempre com o intuito de inovar e responder \u00e0s necessidades dos nossos clientes, apresentamos esta recente atualiza\u00e7\u00e3o t\u00e3o desejada, mantendo o pre\u00e7o do artigo. A mesma textura, o mesmo aspeto, mas agora com um desempenho ainda melhor dispon\u00edvel em PULP ASTRAKAN 01 Wild White. Para tornar a sua vida o mais f\u00e1cil poss\u00edvel, poupe \u00e1gua e tempo! Limpa facilmente: Caf\u00e9, ketchup, manchas de vinho tinto, chocolate, marcas de esferogr\u00e1fica e lama. As manchas podem agora ser removidas com facilidade, utilizando apenas \u00e1gua e um pano. Ter em aten\u00e7\u00e3o que a remo\u00e7\u00e3o imediata da n\u00f3doa garantir\u00e1 o melhor resultado.<\/p>\n<h2>PULP ASTRAKAN 01 Wild White AGORA COM ACABAMENTO ANTI-MANCHAS! Sempre com o intuito de inovar e responder \u00e0s necessidades dos nossos clientes, apresentamos esta recente atualiza\u00e7\u00e3o t\u00e3o desejada, mantendo o pre\u00e7o do artigo.<\/h2>\n<p><img fetchpriority=\"high\" decoding=\"async\" class=\"alignnone wp-image-92092 size-medium\" src=\"https:\/\/aldeco.pt\/staging\/wp-content\/uploads\/2024\/01\/T191680003-4-300x225.jpg\" alt=\"Pulp Astrakan - Aldeco\" width=\"300\" height=\"225\" \/><\/p>\n<p><a href=\"https:\/\/www.instagram.com\/aldeco_interiorfabrics\/\">https:\/\/www.instagram.com\/aldeco_interiorfabrics\/<\/a><a href=\"https:\/\/aldeco.pt\/staging\/product\/pulp-astrakan\/?attribute_pa_aldeco-color=01-milky-white-anti-stain\">https:\/\/aldeco.pt\/staging\/product\/pulp-astrakan\/?attribute_pa_aldeco-color=01-milky-white-anti-stain<\/a><\/p>\n","protected":false},"featured_media":156511,"template":"","meta":[],"product_brand":[],"product_cat":[6145],"product_tag":[],"class_list":{"0":"post-185466","1":"product","2":"type-product","3":"status-publish","4":"has-post-thumbnail","6":"product_cat-aldeco-2-pt-pt-2","7":"pa_cleanability-8282","8":"pa_composition-ext-80-vi-20-pl-pt-pt","9":"pa_interior-fabrics-1-pt-pt","10":"pa_line-tecidos","11":"pa_lithfastness-4-pt-pt","12":"pa_outdoor-0-pt-pt","13":"pa_range-chenile","14":"pa_range-veludo","15":"pa_rapport-vertical-11009","16":"pa_special-treatments-fabrics-1-pt-pt","19":"first","20":"instock","21":"purchasable","22":"product-type-variable"},"acf":[],"_links":{"self":[{"href":"https:\/\/staging.aldeco.pt\/pt-pt\/wp-json\/wp\/v2\/product\/185466","targetHints":{"allow":["GET"]}}],"collection":[{"href":"https:\/\/staging.aldeco.pt\/pt-pt\/wp-json\/wp\/v2\/product"}],"about":[{"href":"https:\/\/staging.aldeco.pt\/pt-pt\/wp-json\/wp\/v2\/types\/product"}],"version-history":[{"count":3,"href":"https:\/\/staging.aldeco.pt\/pt-pt\/wp-json\/wp\/v2\/product\/185466\/revisions"}],"predecessor-version":[{"id":203235,"href":"https:\/\/staging.aldeco.pt\/pt-pt\/wp-json\/wp\/v2\/product\/185466\/revisions\/203235"}],"wp:featuredmedia":[{"embeddable":true,"href":"https:\/\/staging.aldeco.pt\/pt-pt\/wp-json\/wp\/v2\/media\/156511"}],"wp:attachment":[{"href":"https:\/\/staging.aldeco.pt\/pt-pt\/wp-json\/wp\/v2\/media?parent=185466"}],"wp:term":[{"taxonomy":"product_brand","embeddable":true,"href":"https:\/\/staging.aldeco.pt\/pt-pt\/wp-json\/wp\/v2\/product_brand?post=185466"},{"taxonomy":"product_cat","embeddable":true,"href":"https:\/\/staging.aldeco.pt\/pt-pt\/wp-json\/wp\/v2\/product_cat?post=185466"},{"taxonomy":"product_tag","embeddable":true,"href":"https:\/\/staging.aldeco.pt\/pt-pt\/wp-json\/wp\/v2\/product_tag?post=185466"}],"curies":[{"name":"wp","href":"https:\/\/api.w.org\/{rel}","templated":true}]}}