{"id":185360,"date":"2024-05-09T21:26:48","date_gmt":"2024-05-09T21:26:48","guid":{"rendered":"https:\/\/aldeco.pt\/staging\/product\/prive-melange-velvet-fr\/"},"modified":"2024-08-07T12:54:47","modified_gmt":"2024-08-07T12:54:47","slug":"prive-melange-velvet-fr","status":"publish","type":"product","link":"https:\/\/staging.aldeco.pt\/pt-pt\/product\/prive-melange-velvet-fr\/","title":{"rendered":"PRIV\u00c9 MELANGE VELVET FR"},"content":{"rendered":"<p>Priv\u00e9 Melange Velvet FR \u00e9 um veludo jacquard sedoso tinto em fio e com p\u00ealo alto e brilhante. Este volumoso tecido com mesclas de cores muito discretas e elegantes permite melhores combina\u00e7\u00f5es em projetos e decora\u00e7\u00e3o. Com certifica\u00e7\u00e3o OEKO-TEX e com resist\u00eancia \u00e0 abras\u00e3o de mais de 45.000 ciclos de teste Martindale, este veludo maravilhosamente rico \u00e9 apresentado numa paleta de 12 cores simplesmente combinadas.<\/p>\n","protected":false},"excerpt":{"rendered":"<p>Priv\u00e9 Melange Velvet FR \u00e9 um veludo jacquard sedoso tinto em fio e com p\u00ealo alto e brilhante. Este volumoso tecido com mesclas de cores muito discretas e elegantes permite melhores combina\u00e7\u00f5es em projetos e decora\u00e7\u00e3o. Com certifica\u00e7\u00e3o OEKO-TEX e com resist\u00eancia \u00e0 abras\u00e3o de mais de 45.000 ciclos de teste Martindale, este veludo maravilhosamente rico \u00e9 apresentado numa paleta de 12 cores simplesmente combinadas. <\/p>\n<h2>Priv\u00e9 Melange Velvet FR \u00e9 um veludo jacquard sedoso tinto em fio e com p\u00ealo alto e brilhante. Este volumoso tecido com mesclas de cores muito discretas e elegantes permite melhores combina\u00e7\u00f5es em projetos e decora\u00e7\u00e3o. Com certifica\u00e7\u00e3o OEKO-TEX e com resist\u00eancia \u00e0 abras\u00e3o de mais de 45.000 ciclos de teste Martindale, este veludo maravilhosamente rico \u00e9 apresentado numa paleta de 12 cores simplesmente combinadas.<\/h2>\n<p><img fetchpriority=\"high\" decoding=\"async\" class=\"alignnone wp-image-188537 size-medium\" src=\"https:\/\/aldeco.pt\/staging\/wp-content\/uploads\/2024\/01\/T192120001-2-300x225.jpg\" alt=\"Privve Melange FR - Aldeco\" width=\"300\" height=\"225\"><\/p>\n<p><a href=\"https:\/\/www.instagram.com\/aldeco_interiorfabrics\/\">https:\/\/www.instagram.com\/aldeco_interiorfabrics\/<\/a><a href=\"https:\/\/aldeco.pt\/staging\/product\/prive-melange-velvet-fr\/?attribute_pa_aldeco-color=01-champagne\">https:\/\/aldeco.pt\/staging\/product\/prive-melange-velvet-fr\/?attribute_pa_aldeco-color=01-champagne<\/a><\/p>\n","protected":false},"featured_media":156449,"template":"","meta":[],"product_brand":[],"product_cat":[6145],"product_tag":[],"class_list":{"0":"post-185360","1":"product","2":"type-product","3":"status-publish","4":"has-post-thumbnail","6":"product_cat-aldeco-2-pt-pt-2","7":"pa_cleanability-8282","8":"pa_composition-ext-73-pan-27-pl-pt-pt","9":"pa_contract-fabrics-1-pt-pt","10":"pa_interior-fabrics-1-pt-pt","11":"pa_line-tecidos","12":"pa_lithfastness-3-4-pt-pt","13":"pa_outdoor-0-pt-pt","14":"pa_range-veludo","15":"pa_rapport-vertical-11009","16":"pa_special-treatments-fabrics-1-pt-pt","17":"pa_sustainable-fabrics-1-pt-pt","20":"first","21":"instock","22":"purchasable","23":"product-type-variable"},"acf":[],"_links":{"self":[{"href":"https:\/\/staging.aldeco.pt\/pt-pt\/wp-json\/wp\/v2\/product\/185360","targetHints":{"allow":["GET"]}}],"collection":[{"href":"https:\/\/staging.aldeco.pt\/pt-pt\/wp-json\/wp\/v2\/product"}],"about":[{"href":"https:\/\/staging.aldeco.pt\/pt-pt\/wp-json\/wp\/v2\/types\/product"}],"version-history":[{"count":2,"href":"https:\/\/staging.aldeco.pt\/pt-pt\/wp-json\/wp\/v2\/product\/185360\/revisions"}],"predecessor-version":[{"id":198556,"href":"https:\/\/staging.aldeco.pt\/pt-pt\/wp-json\/wp\/v2\/product\/185360\/revisions\/198556"}],"wp:featuredmedia":[{"embeddable":true,"href":"https:\/\/staging.aldeco.pt\/pt-pt\/wp-json\/wp\/v2\/media\/156449"}],"wp:attachment":[{"href":"https:\/\/staging.aldeco.pt\/pt-pt\/wp-json\/wp\/v2\/media?parent=185360"}],"wp:term":[{"taxonomy":"product_brand","embeddable":true,"href":"https:\/\/staging.aldeco.pt\/pt-pt\/wp-json\/wp\/v2\/product_brand?post=185360"},{"taxonomy":"product_cat","embeddable":true,"href":"https:\/\/staging.aldeco.pt\/pt-pt\/wp-json\/wp\/v2\/product_cat?post=185360"},{"taxonomy":"product_tag","embeddable":true,"href":"https:\/\/staging.aldeco.pt\/pt-pt\/wp-json\/wp\/v2\/product_tag?post=185360"}],"curies":[{"name":"wp","href":"https:\/\/api.w.org\/{rel}","templated":true}]}}