{"id":185341,"date":"2024-05-09T21:33:11","date_gmt":"2024-05-09T21:33:11","guid":{"rendered":"https:\/\/aldeco.pt\/staging\/product\/radar-fr\/"},"modified":"2024-08-06T11:21:21","modified_gmt":"2024-08-06T11:21:21","slug":"radar-fr","status":"publish","type":"product","link":"https:\/\/staging.aldeco.pt\/pt-pt\/product\/radar-fr\/","title":{"rendered":"RADAR FR"},"content":{"rendered":"<p>Tecido de cortina muito leve e elegante ligeiramente transparente. Este tecido tem 315 cm de largura o que o torna muito especial. Este tecido possui um tratamento de pr\u00e9-encolhimento denominado por sanforiza\u00e7\u00e3o. Este tecido tem certifica\u00e7\u00e3o OEKO-TEX Standard 100 e cumpre v\u00e1rias normas ign\u00edfugas o que o torna ideal para diferentes projetos. Est\u00e1 dispon\u00edvel e 11 cores muito naturais.<\/p>\n","protected":false},"excerpt":{"rendered":"<p>Tecido de cortina muito leve e elegante ligeiramente transparente. Este tecido tem 315 cm de largura o que o torna muito especial. Este tecido possui um tratamento de pr\u00e9-encolhimento denominado por sanforiza\u00e7\u00e3o. Este tecido tem certifica\u00e7\u00e3o OEKO-TEX Standard 100 e cumpre v\u00e1rias normas ign\u00edfugas o que o torna ideal para diferentes projetos. Est\u00e1 dispon\u00edvel e 11 cores muito naturais.<\/p>\n<h2>Radar FR \u00e9 um tecido de cortina muito leve e elegante ligeiramente transparente. Este tecido tem 315 cm de largura o que o torna muito especial. Este tecido possui um tratamento de pr\u00e9-encolhimento denominado por sanforiza\u00e7\u00e3o.<\/h2>\n<p><img fetchpriority=\"high\" decoding=\"async\" class=\"alignnone wp-image-188571 size-medium\" src=\"https:\/\/aldeco.pt\/staging\/wp-content\/uploads\/2024\/01\/T190900010-2-300x225.jpg\" alt=\"Radar FR - Aldeco\" width=\"300\" height=\"225\"><\/p>\n<p><a href=\"https:\/\/www.instagram.com\/aldeco_interiorfabrics\/\">https:\/\/www.instagram.com\/aldeco_interiorfabrics\/<\/a><\/p>\n<p><a href=\"https:\/\/aldeco.pt\/staging\/product\/radar-fr\/?attribute_pa_aldeco-color=01-shell\">https:\/\/aldeco.pt\/staging\/product\/radar-fr\/?attribute_pa_aldeco-color=01-shell<\/a><\/p>\n","protected":false},"featured_media":156520,"template":"","meta":[],"product_brand":[],"product_cat":[6145],"product_tag":[],"class_list":{"0":"post-185341","1":"product","2":"type-product","3":"status-publish","4":"has-post-thumbnail","6":"product_cat-aldeco-2-pt-pt-2","7":"pa_cleanability-8282","8":"pa_composition-ext-100-pl-pt-pt","9":"pa_contract-fabrics-1-pt-pt","10":"pa_interior-fabrics-1-pt-pt","11":"pa_line-tecidos","12":"pa_lithfastness-5-6-pt-pt","13":"pa_outdoor-0-pt-pt","14":"pa_range-liso","15":"pa_range-transparente","16":"pa_rapport-vertical-11009","17":"pa_special-treatments-fabrics-1-pt-pt","20":"first","21":"instock","22":"purchasable","23":"product-type-variable"},"acf":[],"_links":{"self":[{"href":"https:\/\/staging.aldeco.pt\/pt-pt\/wp-json\/wp\/v2\/product\/185341","targetHints":{"allow":["GET"]}}],"collection":[{"href":"https:\/\/staging.aldeco.pt\/pt-pt\/wp-json\/wp\/v2\/product"}],"about":[{"href":"https:\/\/staging.aldeco.pt\/pt-pt\/wp-json\/wp\/v2\/types\/product"}],"version-history":[{"count":1,"href":"https:\/\/staging.aldeco.pt\/pt-pt\/wp-json\/wp\/v2\/product\/185341\/revisions"}],"predecessor-version":[{"id":193565,"href":"https:\/\/staging.aldeco.pt\/pt-pt\/wp-json\/wp\/v2\/product\/185341\/revisions\/193565"}],"wp:featuredmedia":[{"embeddable":true,"href":"https:\/\/staging.aldeco.pt\/pt-pt\/wp-json\/wp\/v2\/media\/156520"}],"wp:attachment":[{"href":"https:\/\/staging.aldeco.pt\/pt-pt\/wp-json\/wp\/v2\/media?parent=185341"}],"wp:term":[{"taxonomy":"product_brand","embeddable":true,"href":"https:\/\/staging.aldeco.pt\/pt-pt\/wp-json\/wp\/v2\/product_brand?post=185341"},{"taxonomy":"product_cat","embeddable":true,"href":"https:\/\/staging.aldeco.pt\/pt-pt\/wp-json\/wp\/v2\/product_cat?post=185341"},{"taxonomy":"product_tag","embeddable":true,"href":"https:\/\/staging.aldeco.pt\/pt-pt\/wp-json\/wp\/v2\/product_tag?post=185341"}],"curies":[{"name":"wp","href":"https:\/\/api.w.org\/{rel}","templated":true}]}}