{"id":185251,"date":"2024-05-09T21:21:57","date_gmt":"2024-05-09T21:21:57","guid":{"rendered":"https:\/\/aldeco.pt\/staging\/product\/poetry-wlb\/"},"modified":"2024-08-06T11:21:30","modified_gmt":"2024-08-06T11:21:30","slug":"poetry-wlb","status":"publish","type":"product","link":"https:\/\/staging.aldeco.pt\/pt-pt\/product\/poetry-wlb\/","title":{"rendered":"POETRY WLB"},"content":{"rendered":"<p>Poetry \u00e9 um tecido estampado com um padr\u00e3o de degrad\u00e9 muito delicado que se repete ao longo da altura do tecido. Possui um toque muito natural e suave.<\/p>\n","protected":false},"excerpt":{"rendered":"<p>Poetry \u00e9 um tecido estampado com um padr\u00e3o de degrad\u00e9 muito delicado que se repete ao longo da altura do tecido. Possui um toque muito natural e suave.<\/p>\n<h2>Poetry \u00e9 um tecido estampado com um padr\u00e3o de degrad\u00e9 muito delicado que se repete ao longo da altura do tecido. Possui um toque muito natural e suave.<\/h2>\n<p><img fetchpriority=\"high\" decoding=\"async\" class=\"alignnone wp-image-188511 size-medium\" src=\"https:\/\/aldeco.pt\/staging\/wp-content\/uploads\/2024\/01\/T190800001-2-300x200.jpg\" alt=\"Poetry Wlb - Aldeco\" width=\"300\" height=\"200\"><\/p>\n<p><a href=\"https:\/\/aldeco.pt\/staging\/product\/poetry-wlb\/?attribute_pa_aldeco-color=01-smoked-wood\">https:\/\/aldeco.pt\/staging\/product\/poetry-wlb\/?attribute_pa_aldeco-color=01-smoked-wood<\/a><\/p>\n<p><a href=\"https:\/\/www.instagram.com\/aldeco_interiorfabrics\/\">https:\/\/www.instagram.com\/aldeco_interiorfabrics\/<\/a><\/p>\n<p>&nbsp;<\/p>\n","protected":false},"featured_media":156387,"template":"","meta":[],"product_brand":[],"product_cat":[6145],"product_tag":[],"class_list":{"0":"post-185251","1":"product","2":"type-product","3":"status-publish","4":"has-post-thumbnail","6":"product_cat-aldeco-2-pt-pt-2","7":"pa_cleanability-8282","8":"pa_composition-ext-100-pl-pt-pt","9":"pa_interior-fabrics-1-pt-pt","10":"pa_line-tecidos","11":"pa_lithfastness-9680","12":"pa_outdoor-0-pt-pt","13":"pa_range-transparente","14":"pa_rapport-horizontal-83-pt-pt","15":"pa_rapport-vertical-11009","18":"first","19":"instock","20":"purchasable","21":"product-type-variable"},"acf":[],"_links":{"self":[{"href":"https:\/\/staging.aldeco.pt\/pt-pt\/wp-json\/wp\/v2\/product\/185251","targetHints":{"allow":["GET"]}}],"collection":[{"href":"https:\/\/staging.aldeco.pt\/pt-pt\/wp-json\/wp\/v2\/product"}],"about":[{"href":"https:\/\/staging.aldeco.pt\/pt-pt\/wp-json\/wp\/v2\/types\/product"}],"version-history":[{"count":1,"href":"https:\/\/staging.aldeco.pt\/pt-pt\/wp-json\/wp\/v2\/product\/185251\/revisions"}],"predecessor-version":[{"id":193646,"href":"https:\/\/staging.aldeco.pt\/pt-pt\/wp-json\/wp\/v2\/product\/185251\/revisions\/193646"}],"wp:featuredmedia":[{"embeddable":true,"href":"https:\/\/staging.aldeco.pt\/pt-pt\/wp-json\/wp\/v2\/media\/156387"}],"wp:attachment":[{"href":"https:\/\/staging.aldeco.pt\/pt-pt\/wp-json\/wp\/v2\/media?parent=185251"}],"wp:term":[{"taxonomy":"product_brand","embeddable":true,"href":"https:\/\/staging.aldeco.pt\/pt-pt\/wp-json\/wp\/v2\/product_brand?post=185251"},{"taxonomy":"product_cat","embeddable":true,"href":"https:\/\/staging.aldeco.pt\/pt-pt\/wp-json\/wp\/v2\/product_cat?post=185251"},{"taxonomy":"product_tag","embeddable":true,"href":"https:\/\/staging.aldeco.pt\/pt-pt\/wp-json\/wp\/v2\/product_tag?post=185251"}],"curies":[{"name":"wp","href":"https:\/\/api.w.org\/{rel}","templated":true}]}}