{"id":185176,"date":"2024-05-09T21:21:47","date_gmt":"2024-05-09T21:21:47","guid":{"rendered":"https:\/\/aldeco.pt\/staging\/product\/plainting\/"},"modified":"2024-08-06T11:21:31","modified_gmt":"2024-08-06T11:21:31","slug":"plainting","status":"publish","type":"product","link":"https:\/\/staging.aldeco.pt\/pt-pt\/product\/plainting\/","title":{"rendered":"PLAINTING"},"content":{"rendered":"<p>\u00c9 um tecido Jacquard com um padr\u00e3o semelhante ao Pied de Coq com um efeito patchwork muito din\u00e2mico e juvenil. Este tecido \u00e9 indicado para estofo e decora\u00e7\u00e3o e est\u00e1 dispon\u00edvel em 3 cores arrojadas.<\/p>\n","protected":false},"excerpt":{"rendered":"<p>\u00c9 um tecido Jacquard com um padr\u00e3o semelhante ao Pied de Coq com um efeito patchwork muito din\u00e2mico e juvenil. Este tecido \u00e9 indicado para estofo e decora\u00e7\u00e3o e est\u00e1 dispon\u00edvel em 3 cores arrojadas.<\/p>\n<h2>Plainting \u00e9 um tecido Jacquard com um padr\u00e3o semelhante ao Pied de Coq com um efeito patchwork muito din\u00e2mico e juvenil. Este tecido \u00e9 indicado para estofo e decora\u00e7\u00e3o e est\u00e1 dispon\u00edvel em 3 cores arrojadas.<\/h2>\n<p><img fetchpriority=\"high\" decoding=\"async\" class=\"alignnone wp-image-188505 size-medium\" src=\"https:\/\/aldeco.pt\/staging\/wp-content\/uploads\/2024\/03\/T018990001-300x240.jpg\" alt=\"Plainting - Aldeco\" width=\"300\" height=\"240\"><\/p>\n<p><a href=\"https:\/\/aldeco.pt\/staging\/product\/plainting\/?attribute_pa_aldeco-color=01-denim-blue\">https:\/\/aldeco.pt\/staging\/product\/plainting\/?attribute_pa_aldeco-color=01-denim-blue<\/a><\/p>\n<p><a href=\"https:\/\/www.instagram.com\/aldeco_interiorfabrics\/\">https:\/\/www.instagram.com\/aldeco_interiorfabrics\/<\/a><\/p>\n<p>&nbsp;<\/p>\n","protected":false},"featured_media":156385,"template":"","meta":[],"product_brand":[],"product_cat":[6145],"product_tag":[],"class_list":{"0":"post-185176","1":"product","2":"type-product","3":"status-publish","4":"has-post-thumbnail","6":"product_cat-aldeco-2-pt-pt-2","7":"pa_cleanability-8282","8":"pa_composition-ext-base-100-co-pt-pt","9":"pa_interior-fabrics-1-pt-pt","10":"pa_line-tecidos","11":"pa_lithfastness-4-5-pt-pt","12":"pa_outdoor-0-pt-pt","13":"pa_range-jacquard-pt-pt","14":"pa_rapport-horizontal-4-5-pt-pt","15":"pa_rapport-vertical-4-5-pt-pt","18":"first","19":"instock","20":"purchasable","21":"product-type-variable"},"acf":[],"_links":{"self":[{"href":"https:\/\/staging.aldeco.pt\/pt-pt\/wp-json\/wp\/v2\/product\/185176","targetHints":{"allow":["GET"]}}],"collection":[{"href":"https:\/\/staging.aldeco.pt\/pt-pt\/wp-json\/wp\/v2\/product"}],"about":[{"href":"https:\/\/staging.aldeco.pt\/pt-pt\/wp-json\/wp\/v2\/types\/product"}],"version-history":[{"count":1,"href":"https:\/\/staging.aldeco.pt\/pt-pt\/wp-json\/wp\/v2\/product\/185176\/revisions"}],"predecessor-version":[{"id":193667,"href":"https:\/\/staging.aldeco.pt\/pt-pt\/wp-json\/wp\/v2\/product\/185176\/revisions\/193667"}],"wp:featuredmedia":[{"embeddable":true,"href":"https:\/\/staging.aldeco.pt\/pt-pt\/wp-json\/wp\/v2\/media\/156385"}],"wp:attachment":[{"href":"https:\/\/staging.aldeco.pt\/pt-pt\/wp-json\/wp\/v2\/media?parent=185176"}],"wp:term":[{"taxonomy":"product_brand","embeddable":true,"href":"https:\/\/staging.aldeco.pt\/pt-pt\/wp-json\/wp\/v2\/product_brand?post=185176"},{"taxonomy":"product_cat","embeddable":true,"href":"https:\/\/staging.aldeco.pt\/pt-pt\/wp-json\/wp\/v2\/product_cat?post=185176"},{"taxonomy":"product_tag","embeddable":true,"href":"https:\/\/staging.aldeco.pt\/pt-pt\/wp-json\/wp\/v2\/product_tag?post=185176"}],"curies":[{"name":"wp","href":"https:\/\/api.w.org\/{rel}","templated":true}]}}