{"id":185175,"date":"2024-05-09T21:22:44","date_gmt":"2024-05-09T21:22:44","guid":{"rendered":"https:\/\/aldeco.pt\/staging\/product\/portofino-fr\/"},"modified":"2024-10-03T14:20:36","modified_gmt":"2024-10-03T14:20:36","slug":"portofino-fr","status":"publish","type":"product","link":"https:\/\/staging.aldeco.pt\/pt-pt\/product\/portofino-fr\/","title":{"rendered":"PORTOFINO FR"},"content":{"rendered":"<p>Portofino \u00e9 um lindo veludo com alta resist\u00eancia \u00e0 abras\u00e3o, perfeito para qualquer projeto e contract. Dispon\u00edvel em 35 lindas cores e \u00e9 adequado n\u00e3o s\u00f3 para decora\u00e7\u00e3o, mas tamb\u00e9m para estofo de elevada resist\u00eancia. Est\u00e1 em conformidade com v\u00e1rios certificados de retardante de fogo, \u00e9 ign\u00edfugo segundo as normas de diferentes pa\u00edses.<\/p>\n","protected":false},"excerpt":{"rendered":"<p>Portofino \u00e9 um lindo veludo com alta resist\u00eancia \u00e0 abras\u00e3o, perfeito para qualquer projeto e contract. Dispon\u00edvel em 35 lindas cores e \u00e9 adequado n\u00e3o s\u00f3 para decora\u00e7\u00e3o, mas tamb\u00e9m para estofo de elevada resist\u00eancia. Est\u00e1 em conformidade com v\u00e1rios certificados de retardante de fogo, \u00e9 ign\u00edfugo segundo as normas de diferentes pa\u00edses.<\/p>\n<h2>Portofino \u00e9 um lindo veludo com alta resist\u00eancia \u00e0 abras\u00e3o, perfeito para qualquer projeto e contract. Dispon\u00edvel em 35 lindas cores e \u00e9 adequado n\u00e3o s\u00f3 para decora\u00e7\u00e3o, mas tamb\u00e9m para estofo de elevada resist\u00eancia. Est\u00e1 em conformidade com v\u00e1rios certificados de retardante de fogo, \u00e9 ign\u00edfugo segundo as normas de diferentes pa\u00edses.<\/h2>\n<p><img fetchpriority=\"high\" decoding=\"async\" class=\"alignnone wp-image-188527 size-medium\" src=\"https:\/\/aldeco.pt\/staging\/wp-content\/uploads\/2024\/03\/T019430001-300x240.jpg\" alt=\"Portofino FR - Aldeco\" width=\"300\" height=\"240\" \/><\/p>\n<p><a href=\"https:\/\/www.instagram.com\/aldeco_interiorfabrics\/\">https:\/\/www.instagram.com\/aldeco_interiorfabrics\/<\/a><\/p>\n<p><a href=\"https:\/\/aldeco.pt\/staging\/product\/portofino-fr\/?attribute_pa_aldeco-color=1\">https:\/\/aldeco.pt\/staging\/product\/portofino-fr\/?attribute_pa_aldeco-color=1<\/a><\/p>\n<p>&nbsp;<\/p>\n","protected":false},"featured_media":159790,"template":"","meta":[],"product_brand":[],"product_cat":[6145],"product_tag":[],"class_list":{"0":"post-185175","1":"product","2":"type-product","3":"status-publish","4":"has-post-thumbnail","6":"product_cat-aldeco-2-pt-pt-2","7":"pa_cleanability-8282","8":"pa_composition-ext-100-pl-trevira-cs-pt-pt","9":"pa_contract-fabrics-1-pt-pt","10":"pa_interior-fabrics-1-pt-pt","11":"pa_line-tecidos","12":"pa_lithfastness-5-6-pt-pt","13":"pa_outdoor-0-pt-pt","14":"pa_range-veludo","15":"pa_rapport-vertical-11009","18":"first","19":"instock","20":"purchasable","21":"product-type-variable"},"acf":[],"_links":{"self":[{"href":"https:\/\/staging.aldeco.pt\/pt-pt\/wp-json\/wp\/v2\/product\/185175","targetHints":{"allow":["GET"]}}],"collection":[{"href":"https:\/\/staging.aldeco.pt\/pt-pt\/wp-json\/wp\/v2\/product"}],"about":[{"href":"https:\/\/staging.aldeco.pt\/pt-pt\/wp-json\/wp\/v2\/types\/product"}],"version-history":[{"count":2,"href":"https:\/\/staging.aldeco.pt\/pt-pt\/wp-json\/wp\/v2\/product\/185175\/revisions"}],"predecessor-version":[{"id":202000,"href":"https:\/\/staging.aldeco.pt\/pt-pt\/wp-json\/wp\/v2\/product\/185175\/revisions\/202000"}],"wp:featuredmedia":[{"embeddable":true,"href":"https:\/\/staging.aldeco.pt\/pt-pt\/wp-json\/wp\/v2\/media\/159790"}],"wp:attachment":[{"href":"https:\/\/staging.aldeco.pt\/pt-pt\/wp-json\/wp\/v2\/media?parent=185175"}],"wp:term":[{"taxonomy":"product_brand","embeddable":true,"href":"https:\/\/staging.aldeco.pt\/pt-pt\/wp-json\/wp\/v2\/product_brand?post=185175"},{"taxonomy":"product_cat","embeddable":true,"href":"https:\/\/staging.aldeco.pt\/pt-pt\/wp-json\/wp\/v2\/product_cat?post=185175"},{"taxonomy":"product_tag","embeddable":true,"href":"https:\/\/staging.aldeco.pt\/pt-pt\/wp-json\/wp\/v2\/product_tag?post=185175"}],"curies":[{"name":"wp","href":"https:\/\/api.w.org\/{rel}","templated":true}]}}