{"id":185145,"date":"2024-05-09T21:18:26","date_gmt":"2024-05-09T21:18:26","guid":{"rendered":"https:\/\/aldeco.pt\/staging\/product\/palm-leaves\/"},"modified":"2024-09-19T16:43:51","modified_gmt":"2024-09-19T16:43:51","slug":"palm-leaves","status":"publish","type":"product","link":"https:\/\/staging.aldeco.pt\/pt-pt\/product\/palm-leaves\/","title":{"rendered":"PALM LEAVES"},"content":{"rendered":"<p>Deixe o tropical entrar em sua casa com este fant\u00e1stico design composto por enormes folhas de palmeira num tecido jacquard com 300cm de largura e um fant\u00e1stico cair. Dispon\u00edvel em 4 cores indispens\u00e1veis.<\/p>\n","protected":false},"excerpt":{"rendered":"<p>Deixe o tropical entrar em sua casa com este fant\u00e1stico design composto por enormes folhas de palmeira num tecido jacquard com 300cm de largura e um fant\u00e1stico cair. Dispon\u00edvel em 4 cores indispens\u00e1veis.<\/p>\n<h2>Palm Leaves deixe o tropical entrar em sua casa com este fant\u00e1stico design composto por enormes folhas de palmeira num tecido jacquard com 300cm de largura e um fant\u00e1stico cair. Dispon\u00edvel em 4 cores indispens\u00e1veis.<\/h2>\n<p><img fetchpriority=\"high\" decoding=\"async\" class=\"alignnone wp-image-188146 size-medium\" src=\"https:\/\/aldeco.pt\/staging\/wp-content\/uploads\/2024\/01\/T190570001-5-300x200.jpg\" alt=\"Palm Leaves - Aldeco\" width=\"300\" height=\"200\" \/><\/p>\n<p><a href=\"https:\/\/www.instagram.com\/aldeco_interiorfabrics\/\">https:\/\/www.instagram.com\/aldeco_interiorfabrics\/<\/a><\/p>\n<p><a href=\"https:\/\/aldeco.pt\/staging\/es\/product\/palm-leaves\/?attribute_pa_aldeco-color=01-greige-es\">https:\/\/aldeco.pt\/staging\/es\/product\/palm-leaves\/?attribute_pa_aldeco-color=01-greige-es<\/a><\/p>\n<p>&nbsp;<\/p>\n","protected":false},"featured_media":156333,"template":"","meta":[],"product_brand":[],"product_cat":[6145],"product_tag":[],"class_list":{"0":"post-185145","1":"product","2":"type-product","3":"status-publish","4":"has-post-thumbnail","6":"product_cat-aldeco-2-pt-pt-2","7":"pa_cleanability-8282","8":"pa_composition-ext-37-pl-21-li-8-co-34-cv-pt-pt","9":"pa_interior-fabrics-1-pt-pt","10":"pa_line-tecidos","11":"pa_lithfastness-4-pt-pt","12":"pa_outdoor-0-pt-pt","13":"pa_range-jacquard-pt-pt","14":"pa_rapport-horizontal-111-pt-pt","15":"pa_rapport-vertical-150-pt-pt","18":"first","19":"instock","20":"purchasable","21":"product-type-variable"},"acf":[],"_links":{"self":[{"href":"https:\/\/staging.aldeco.pt\/pt-pt\/wp-json\/wp\/v2\/product\/185145","targetHints":{"allow":["GET"]}}],"collection":[{"href":"https:\/\/staging.aldeco.pt\/pt-pt\/wp-json\/wp\/v2\/product"}],"about":[{"href":"https:\/\/staging.aldeco.pt\/pt-pt\/wp-json\/wp\/v2\/types\/product"}],"version-history":[{"count":2,"href":"https:\/\/staging.aldeco.pt\/pt-pt\/wp-json\/wp\/v2\/product\/185145\/revisions"}],"predecessor-version":[{"id":200697,"href":"https:\/\/staging.aldeco.pt\/pt-pt\/wp-json\/wp\/v2\/product\/185145\/revisions\/200697"}],"wp:featuredmedia":[{"embeddable":true,"href":"https:\/\/staging.aldeco.pt\/pt-pt\/wp-json\/wp\/v2\/media\/156333"}],"wp:attachment":[{"href":"https:\/\/staging.aldeco.pt\/pt-pt\/wp-json\/wp\/v2\/media?parent=185145"}],"wp:term":[{"taxonomy":"product_brand","embeddable":true,"href":"https:\/\/staging.aldeco.pt\/pt-pt\/wp-json\/wp\/v2\/product_brand?post=185145"},{"taxonomy":"product_cat","embeddable":true,"href":"https:\/\/staging.aldeco.pt\/pt-pt\/wp-json\/wp\/v2\/product_cat?post=185145"},{"taxonomy":"product_tag","embeddable":true,"href":"https:\/\/staging.aldeco.pt\/pt-pt\/wp-json\/wp\/v2\/product_tag?post=185145"}],"curies":[{"name":"wp","href":"https:\/\/api.w.org\/{rel}","templated":true}]}}