{"id":185140,"date":"2024-05-09T21:21:25","date_gmt":"2024-05-09T21:21:25","guid":{"rendered":"https:\/\/aldeco.pt\/staging\/product\/pixel\/"},"modified":"2024-08-06T11:21:32","modified_gmt":"2024-08-06T11:21:32","slug":"pixel","status":"publish","type":"product","link":"https:\/\/staging.aldeco.pt\/pt-pt\/product\/pixel\/","title":{"rendered":"PIXEL"},"content":{"rendered":"<p>Um jacquard chenille com um micro-motivo geom\u00e9trico. O Pixel encontra-se dispon\u00edvel em 8 cores trendy, ideais para estofo e decora\u00e7\u00e3o.<\/p>\n","protected":false},"excerpt":{"rendered":"<p>Um jacquard chenille com um micro-motivo geom\u00e9trico. Encontra-se dispon\u00edvel em 8 cores trendy, ideais para estofo e decora\u00e7\u00e3o.<\/p>\n<h2>Pixel \u00e9 um jacquard chenille com um micro-motivo geom\u00e9trico. Encontra-se dispon\u00edvel em 8 cores trendy, ideais para estofo e decora\u00e7\u00e3o.<\/h2>\n<p><img fetchpriority=\"high\" decoding=\"async\" class=\"alignnone wp-image-188203 size-medium\" src=\"https:\/\/aldeco.pt\/staging\/wp-content\/uploads\/2024\/03\/T190140001-300x240.jpg\" alt=\"Pixel - Aldeco\" width=\"300\" height=\"240\"><\/p>\n<p><a href=\"https:\/\/www.instagram.com\/aldeco_interiorfabrics\/\">https:\/\/www.instagram.com\/aldeco_interiorfabrics\/<\/a><\/p>\n<p><a href=\"https:\/\/aldeco.pt\/staging\/product\/pixel\/?attribute_pa_aldeco-color=01-white-star\">https:\/\/aldeco.pt\/staging\/product\/pixel\/?attribute_pa_aldeco-color=01-white-star<\/a><\/p>\n<p>&nbsp;<\/p>\n","protected":false},"featured_media":159775,"template":"","meta":[],"product_brand":[],"product_cat":[6145],"product_tag":[],"class_list":{"0":"post-185140","1":"product","2":"type-product","3":"status-publish","4":"has-post-thumbnail","6":"product_cat-aldeco-2-pt-pt-2","7":"pa_cleanability-8282","8":"pa_composition-ext-38-co-34-pl-28-vi-pt-pt","9":"pa_interior-fabrics-1-pt-pt","10":"pa_line-tecidos","11":"pa_lithfastness-4-pt-pt","12":"pa_outdoor-0-pt-pt","13":"pa_range-chenile","14":"pa_range-jacquard-pt-pt","15":"pa_rapport-horizontal-0-7-pt-pt","16":"pa_rapport-vertical-0-7-pt-pt","19":"first","20":"instock","21":"purchasable","22":"product-type-variable"},"acf":[],"_links":{"self":[{"href":"https:\/\/staging.aldeco.pt\/pt-pt\/wp-json\/wp\/v2\/product\/185140","targetHints":{"allow":["GET"]}}],"collection":[{"href":"https:\/\/staging.aldeco.pt\/pt-pt\/wp-json\/wp\/v2\/product"}],"about":[{"href":"https:\/\/staging.aldeco.pt\/pt-pt\/wp-json\/wp\/v2\/types\/product"}],"version-history":[{"count":1,"href":"https:\/\/staging.aldeco.pt\/pt-pt\/wp-json\/wp\/v2\/product\/185140\/revisions"}],"predecessor-version":[{"id":193669,"href":"https:\/\/staging.aldeco.pt\/pt-pt\/wp-json\/wp\/v2\/product\/185140\/revisions\/193669"}],"wp:featuredmedia":[{"embeddable":true,"href":"https:\/\/staging.aldeco.pt\/pt-pt\/wp-json\/wp\/v2\/media\/159775"}],"wp:attachment":[{"href":"https:\/\/staging.aldeco.pt\/pt-pt\/wp-json\/wp\/v2\/media?parent=185140"}],"wp:term":[{"taxonomy":"product_brand","embeddable":true,"href":"https:\/\/staging.aldeco.pt\/pt-pt\/wp-json\/wp\/v2\/product_brand?post=185140"},{"taxonomy":"product_cat","embeddable":true,"href":"https:\/\/staging.aldeco.pt\/pt-pt\/wp-json\/wp\/v2\/product_cat?post=185140"},{"taxonomy":"product_tag","embeddable":true,"href":"https:\/\/staging.aldeco.pt\/pt-pt\/wp-json\/wp\/v2\/product_tag?post=185140"}],"curies":[{"name":"wp","href":"https:\/\/api.w.org\/{rel}","templated":true}]}}