{"id":185138,"date":"2024-05-09T21:22:31","date_gmt":"2024-05-09T21:22:31","guid":{"rendered":"https:\/\/aldeco.pt\/staging\/product\/pop-art\/"},"modified":"2024-08-06T11:21:29","modified_gmt":"2024-08-06T11:21:29","slug":"pop-art","status":"publish","type":"product","link":"https:\/\/staging.aldeco.pt\/pt-pt\/product\/pop-art\/","title":{"rendered":"POP ART"},"content":{"rendered":"<p>Inspirado no movimento art\u00edstico Pop Art surgiu este tecido bordado em base de algod\u00e3o. Com a repeti\u00e7\u00e3o de \u00f3culos bordados de forma divertida este tecido para estofo ligeiro, decora\u00e7\u00e3o e cortina est\u00e1 dispon\u00edvel em duas cores.<\/p>\n","protected":false},"excerpt":{"rendered":"<p>Inspirado no movimento art\u00edstico Pop Art surgiu este tecido bordado em base de algod\u00e3o. Com a repeti\u00e7\u00e3o de \u00f3culos bordados de forma divertida este tecido para estofo ligeiro, decora\u00e7\u00e3o e cortina est\u00e1 dispon\u00edvel em duas cores.<\/p>\n<h2>Pop Art surgiu este tecido bordado em base de algod\u00e3o. Com a repeti\u00e7\u00e3o de \u00f3culos bordados de forma divertida este tecido para estofo ligeiro, decora\u00e7\u00e3o e cortina est\u00e1 dispon\u00edvel em duas cores.<\/h2>\n<p><img fetchpriority=\"high\" decoding=\"async\" class=\"alignnone wp-image-188521 size-medium\" src=\"https:\/\/aldeco.pt\/staging\/wp-content\/uploads\/2024\/03\/T018390002-300x281.jpg\" alt=\"Pop Art - Aldeco\" width=\"300\" height=\"281\"><\/p>\n<p><a href=\"https:\/\/www.instagram.com\/aldeco_interiorfabrics\/\">https:\/\/www.instagram.com\/aldeco_interiorfabrics\/<\/a><\/p>\n<p><a href=\"https:\/\/aldeco.pt\/staging\/product\/pop-art\/?attribute_pa_aldeco-color=1-tropical-vintage-colours\">https:\/\/aldeco.pt\/staging\/product\/pop-art\/?attribute_pa_aldeco-color=1-tropical-vintage-colours<\/a><\/p>\n<p>&nbsp;<\/p>\n","protected":false},"featured_media":159787,"template":"","meta":[],"product_brand":[],"product_cat":[6145],"product_tag":[],"class_list":{"0":"post-185138","1":"product","2":"type-product","3":"status-publish","4":"has-post-thumbnail","6":"product_cat-aldeco-2-pt-pt-2","7":"pa_cleanability-8282","8":"pa_composition-ext-100-co-pt-pt","9":"pa_interior-fabrics-1-pt-pt","10":"pa_line-tecidos","11":"pa_lithfastness-3-pt-pt","12":"pa_outdoor-0-pt-pt","13":"pa_range-bordado","14":"pa_rapport-horizontal-33-pt-pt","15":"pa_rapport-vertical-23-pt-pt","18":"first","19":"instock","20":"purchasable","21":"product-type-variable"},"acf":[],"_links":{"self":[{"href":"https:\/\/staging.aldeco.pt\/pt-pt\/wp-json\/wp\/v2\/product\/185138","targetHints":{"allow":["GET"]}}],"collection":[{"href":"https:\/\/staging.aldeco.pt\/pt-pt\/wp-json\/wp\/v2\/product"}],"about":[{"href":"https:\/\/staging.aldeco.pt\/pt-pt\/wp-json\/wp\/v2\/types\/product"}],"version-history":[{"count":1,"href":"https:\/\/staging.aldeco.pt\/pt-pt\/wp-json\/wp\/v2\/product\/185138\/revisions"}],"predecessor-version":[{"id":193631,"href":"https:\/\/staging.aldeco.pt\/pt-pt\/wp-json\/wp\/v2\/product\/185138\/revisions\/193631"}],"wp:featuredmedia":[{"embeddable":true,"href":"https:\/\/staging.aldeco.pt\/pt-pt\/wp-json\/wp\/v2\/media\/159787"}],"wp:attachment":[{"href":"https:\/\/staging.aldeco.pt\/pt-pt\/wp-json\/wp\/v2\/media?parent=185138"}],"wp:term":[{"taxonomy":"product_brand","embeddable":true,"href":"https:\/\/staging.aldeco.pt\/pt-pt\/wp-json\/wp\/v2\/product_brand?post=185138"},{"taxonomy":"product_cat","embeddable":true,"href":"https:\/\/staging.aldeco.pt\/pt-pt\/wp-json\/wp\/v2\/product_cat?post=185138"},{"taxonomy":"product_tag","embeddable":true,"href":"https:\/\/staging.aldeco.pt\/pt-pt\/wp-json\/wp\/v2\/product_tag?post=185138"}],"curies":[{"name":"wp","href":"https:\/\/api.w.org\/{rel}","templated":true}]}}