{"id":185108,"date":"2024-05-09T21:20:40","date_gmt":"2024-05-09T21:20:40","guid":{"rendered":"https:\/\/aldeco.pt\/staging\/product\/paysage-de-reve\/"},"modified":"2024-10-08T11:19:08","modified_gmt":"2024-10-08T11:19:08","slug":"paysage-de-reve","status":"publish","type":"product","link":"https:\/\/staging.aldeco.pt\/pt-pt\/product\/paysage-de-reve\/","title":{"rendered":"PAYSAGE DE R\u00caVE"},"content":{"rendered":"<p>PAYSAGE DE R\u00caVE \u00e9 um tecido de algod\u00e3o estampado com um aspecto alinhado muito natural. \u00c9 inspirado nas paisagens da Polin\u00e9sia Francesa e na obra de Gaugin, com o uso de cores s\u00f3lidas num fundo degrad\u00ea.<br \/>\nA flora presente \u00e9 ex\u00f3tica com folhas grandes e pinceladas limpas, quase como um toile de jouy.<\/p>\n","protected":false},"excerpt":{"rendered":"<p>PAYSAGE DE R\u00caVE \u00e9 um tecido de algod\u00e3o estampado com um aspecto alinhado muito natural. \u00c9 inspirado nas paisagens da Polin\u00e9sia Francesa e na obra de Gaugin, com o uso de cores s\u00f3lidas num fundo degrad\u00ea.<br \/>\nA flora presente \u00e9 ex\u00f3tica com folhas grandes e pinceladas limpas, quase como um toile de jouy.<\/p>\n<h2>PAYSAGE DE R\u00caVE \u00e9 um tecido de algod\u00e3o estampado com um aspecto alinhado muito natural. \u00c9 inspirado nas paisagens da Polin\u00e9sia Francesa e na obra de Gaugin, com o uso de cores s\u00f3lidas num fundo degrad\u00ea.<br \/>\nA flora presente \u00e9 ex\u00f3tica com folhas grandes e pinceladas limpas, quase como um toile de jouy.<\/h2>\n<p><img fetchpriority=\"high\" decoding=\"async\" class=\"alignnone wp-image-188184 size-medium\" src=\"https:\/\/aldeco.pt\/staging\/wp-content\/uploads\/2024\/01\/T192580001-2-300x200.jpg\" alt=\"Paysage de R\u00eave - Aldeco\" width=\"300\" height=\"200\" \/><\/p>\n<p><a href=\"https:\/\/www.instagram.com\/aldeco_interiorfabrics\/\">https:\/\/www.instagram.com\/aldeco_interiorfabrics\/<\/a><\/p>\n<p><a href=\"https:\/\/aldeco.pt\/staging\/product\/paysage-de-reve\/?attribute_pa_aldeco-color=01-linen-garden\">https:\/\/aldeco.pt\/staging\/product\/paysage-de-reve\/?attribute_pa_aldeco-color=01-linen-garden<\/a><\/p>\n","protected":false},"featured_media":156369,"template":"","meta":[],"product_brand":[],"product_cat":[6145],"product_tag":[],"class_list":{"0":"post-185108","1":"product","2":"type-product","3":"status-publish","4":"has-post-thumbnail","6":"product_cat-aldeco-2-pt-pt-2","7":"pa_cleanability-8282","8":"pa_composition-ext-100-co-pt-pt","9":"pa_interior-fabrics-1-pt-pt","10":"pa_line-tecidos","11":"pa_lithfastness-9680","12":"pa_outdoor-0-pt-pt","13":"pa_range-estampado","14":"pa_rapport-horizontal-66-pt-pt","15":"pa_rapport-vertical-61-5-pt-pt","18":"first","19":"instock","20":"purchasable","21":"product-type-variable"},"acf":[],"_links":{"self":[{"href":"https:\/\/staging.aldeco.pt\/pt-pt\/wp-json\/wp\/v2\/product\/185108","targetHints":{"allow":["GET"]}}],"collection":[{"href":"https:\/\/staging.aldeco.pt\/pt-pt\/wp-json\/wp\/v2\/product"}],"about":[{"href":"https:\/\/staging.aldeco.pt\/pt-pt\/wp-json\/wp\/v2\/types\/product"}],"version-history":[{"count":2,"href":"https:\/\/staging.aldeco.pt\/pt-pt\/wp-json\/wp\/v2\/product\/185108\/revisions"}],"predecessor-version":[{"id":202211,"href":"https:\/\/staging.aldeco.pt\/pt-pt\/wp-json\/wp\/v2\/product\/185108\/revisions\/202211"}],"wp:featuredmedia":[{"embeddable":true,"href":"https:\/\/staging.aldeco.pt\/pt-pt\/wp-json\/wp\/v2\/media\/156369"}],"wp:attachment":[{"href":"https:\/\/staging.aldeco.pt\/pt-pt\/wp-json\/wp\/v2\/media?parent=185108"}],"wp:term":[{"taxonomy":"product_brand","embeddable":true,"href":"https:\/\/staging.aldeco.pt\/pt-pt\/wp-json\/wp\/v2\/product_brand?post=185108"},{"taxonomy":"product_cat","embeddable":true,"href":"https:\/\/staging.aldeco.pt\/pt-pt\/wp-json\/wp\/v2\/product_cat?post=185108"},{"taxonomy":"product_tag","embeddable":true,"href":"https:\/\/staging.aldeco.pt\/pt-pt\/wp-json\/wp\/v2\/product_tag?post=185108"}],"curies":[{"name":"wp","href":"https:\/\/api.w.org\/{rel}","templated":true}]}}