{"id":185072,"date":"2024-05-09T21:20:35","date_gmt":"2024-05-09T21:20:35","guid":{"rendered":"https:\/\/aldeco.pt\/staging\/product\/patties\/"},"modified":"2024-09-25T08:39:57","modified_gmt":"2024-09-25T08:39:57","slug":"patties","status":"publish","type":"product","link":"https:\/\/staging.aldeco.pt\/pt-pt\/product\/patties\/","title":{"rendered":"PATTIES"},"content":{"rendered":"<p>\u00c9 um tecido decorativo de aspeto divertido composto por uma base de linho com a aplica\u00e7\u00e3o de elementos circulares em algod\u00e3o estampado. Estes c\u00edrculos coloridos semelhantes a confettis ou centros de donuts glaceados sobrepostos conferem-lhe tridimensionalidade e d\u00e3o-lhe o look ideal para espa\u00e7os destinados a crian\u00e7as. Apesar de dispon\u00edvel em apenas uma cor, uma vez que \u00e9 multicolorido \u00e9 f\u00e1cil conjugar com outros elementos da decora\u00e7\u00e3o.<\/p>\n","protected":false},"excerpt":{"rendered":"<p>\u00c9 um tecido decorativo de aspeto divertido composto por uma base de linho com a aplica\u00e7\u00e3o de elementos circulares em algod\u00e3o estampado. Estes c\u00edrculos coloridos semelhantes a confettis ou centros de donuts glaceados sobrepostos conferem-lhe tridimensionalidade e d\u00e3o-lhe o look ideal para espa\u00e7os destinados a crian\u00e7as. Apesar de dispon\u00edvel em apenas uma cor, uma vez que \u00e9 multicolorido \u00e9 f\u00e1cil conjugar com outros elementos da decora\u00e7\u00e3o.<\/p>\n","protected":false},"featured_media":159760,"template":"","meta":[],"product_brand":[],"product_cat":[6145],"product_tag":[],"class_list":{"0":"post-185072","1":"product","2":"type-product","3":"status-publish","4":"has-post-thumbnail","6":"product_cat-aldeco-2-pt-pt-2","7":"pa_cleanability-8282","8":"pa_composition-ext-base-100-li-app-100-co-pt-pt","9":"pa_interior-fabrics-1-pt-pt","10":"pa_line-tecidos","11":"pa_lithfastness-9680","12":"pa_outdoor-0-pt-pt","13":"pa_range-embossed-pt-pt","14":"pa_rapport-horizontal-21-pt-pt","15":"pa_rapport-vertical-12-pt-pt","18":"first","19":"instock","20":"purchasable","21":"product-type-variable"},"acf":[],"_links":{"self":[{"href":"https:\/\/staging.aldeco.pt\/pt-pt\/wp-json\/wp\/v2\/product\/185072","targetHints":{"allow":["GET"]}}],"collection":[{"href":"https:\/\/staging.aldeco.pt\/pt-pt\/wp-json\/wp\/v2\/product"}],"about":[{"href":"https:\/\/staging.aldeco.pt\/pt-pt\/wp-json\/wp\/v2\/types\/product"}],"version-history":[{"count":1,"href":"https:\/\/staging.aldeco.pt\/pt-pt\/wp-json\/wp\/v2\/product\/185072\/revisions"}],"predecessor-version":[{"id":193721,"href":"https:\/\/staging.aldeco.pt\/pt-pt\/wp-json\/wp\/v2\/product\/185072\/revisions\/193721"}],"wp:featuredmedia":[{"embeddable":true,"href":"https:\/\/staging.aldeco.pt\/pt-pt\/wp-json\/wp\/v2\/media\/159760"}],"wp:attachment":[{"href":"https:\/\/staging.aldeco.pt\/pt-pt\/wp-json\/wp\/v2\/media?parent=185072"}],"wp:term":[{"taxonomy":"product_brand","embeddable":true,"href":"https:\/\/staging.aldeco.pt\/pt-pt\/wp-json\/wp\/v2\/product_brand?post=185072"},{"taxonomy":"product_cat","embeddable":true,"href":"https:\/\/staging.aldeco.pt\/pt-pt\/wp-json\/wp\/v2\/product_cat?post=185072"},{"taxonomy":"product_tag","embeddable":true,"href":"https:\/\/staging.aldeco.pt\/pt-pt\/wp-json\/wp\/v2\/product_tag?post=185072"}],"curies":[{"name":"wp","href":"https:\/\/api.w.org\/{rel}","templated":true}]}}