{"id":185071,"date":"2024-05-09T21:22:11","date_gmt":"2024-05-09T21:22:11","guid":{"rendered":"https:\/\/aldeco.pt\/staging\/product\/poke-fr\/"},"modified":"2024-10-07T15:46:29","modified_gmt":"2024-10-07T15:46:29","slug":"poke-fr","status":"publish","type":"product","link":"https:\/\/staging.aldeco.pt\/pt-pt\/product\/poke-fr\/","title":{"rendered":"POKE FR"},"content":{"rendered":"<p>POKE FR \u00e9 um tecido de jacquard chenille de elevada qualidade, moderno, trendy e estruturado. Este tecido tinto em fio foi tecido num tear jacquard, para criar este aspecto especial de m\u00e1rmore. POKE FR \u00e9 um tecido moderno e macio para estofo com textura chenille. Esta qualidade de tecido ser\u00e1 \u00f3tima para qualquer tipo de estofo.<\/p>\n","protected":false},"excerpt":{"rendered":"<p>POKE FR \u00e9 um tecido de jacquard chenille de elevada qualidade, moderno, trendy e estruturado. Este tecido tinto em fio foi tecido num tear jacquard, para criar este aspecto especial de m\u00e1rmore. POKE FR \u00e9 um tecido moderno e macio para estofo com textura chenille. Esta qualidade de tecido ser\u00e1 \u00f3tima para qualquer tipo de estofo.<\/p>\n<h2>POKE FR \u00e9 um tecido de jacquard chenille de elevada qualidade, moderno, trendy e estruturado. Este tecido tinto em fio foi tecido num tear jacquard, para criar este aspecto especial de m\u00e1rmore.<\/h2>\n<p><img fetchpriority=\"high\" decoding=\"async\" class=\"alignnone wp-image-188516 size-medium\" src=\"https:\/\/aldeco.pt\/staging\/wp-content\/uploads\/2024\/01\/T192630001-4-300x200.jpg\" alt=\"Poke FR - Aldeco\" width=\"300\" height=\"200\" \/><\/p>\n<p><a href=\"https:\/\/www.instagram.com\/aldeco_interiorfabrics\/\">https:\/\/www.instagram.com\/aldeco_interiorfabrics\/<\/a><\/p>\n<p><a href=\"https:\/\/aldeco.pt\/staging\/product\/poke-fr\/?attribute_pa_aldeco-color=01-cream\">https:\/\/aldeco.pt\/staging\/product\/poke-fr\/?attribute_pa_aldeco-color=01-cream<\/a><\/p>\n","protected":false},"featured_media":159785,"template":"","meta":[],"product_brand":[],"product_cat":[6153],"product_tag":[],"class_list":{"0":"post-185071","1":"product","2":"type-product","3":"status-publish","4":"has-post-thumbnail","6":"product_cat-aldeco-smarter-pt-pt","7":"pa_cleanability-8282","8":"pa_composition-ext-100-pl-pt-pt","9":"pa_contract-fabrics-1-pt-pt","10":"pa_interior-fabrics-1-pt-pt","11":"pa_line-tecidos","12":"pa_lithfastness-5-pt-pt","13":"pa_outdoor-0-pt-pt","14":"pa_range-chenile","15":"pa_range-jacquard-pt-pt","16":"pa_rapport-vertical-11009","17":"pa_special-treatments-fabrics-1-pt-pt","20":"first","21":"instock","22":"purchasable","23":"product-type-variable"},"acf":[],"_links":{"self":[{"href":"https:\/\/staging.aldeco.pt\/pt-pt\/wp-json\/wp\/v2\/product\/185071","targetHints":{"allow":["GET"]}}],"collection":[{"href":"https:\/\/staging.aldeco.pt\/pt-pt\/wp-json\/wp\/v2\/product"}],"about":[{"href":"https:\/\/staging.aldeco.pt\/pt-pt\/wp-json\/wp\/v2\/types\/product"}],"version-history":[{"count":2,"href":"https:\/\/staging.aldeco.pt\/pt-pt\/wp-json\/wp\/v2\/product\/185071\/revisions"}],"predecessor-version":[{"id":202163,"href":"https:\/\/staging.aldeco.pt\/pt-pt\/wp-json\/wp\/v2\/product\/185071\/revisions\/202163"}],"wp:featuredmedia":[{"embeddable":true,"href":"https:\/\/staging.aldeco.pt\/pt-pt\/wp-json\/wp\/v2\/media\/159785"}],"wp:attachment":[{"href":"https:\/\/staging.aldeco.pt\/pt-pt\/wp-json\/wp\/v2\/media?parent=185071"}],"wp:term":[{"taxonomy":"product_brand","embeddable":true,"href":"https:\/\/staging.aldeco.pt\/pt-pt\/wp-json\/wp\/v2\/product_brand?post=185071"},{"taxonomy":"product_cat","embeddable":true,"href":"https:\/\/staging.aldeco.pt\/pt-pt\/wp-json\/wp\/v2\/product_cat?post=185071"},{"taxonomy":"product_tag","embeddable":true,"href":"https:\/\/staging.aldeco.pt\/pt-pt\/wp-json\/wp\/v2\/product_tag?post=185071"}],"curies":[{"name":"wp","href":"https:\/\/api.w.org\/{rel}","templated":true}]}}