{"id":185043,"date":"2024-05-12T19:40:34","date_gmt":"2024-05-12T19:40:34","guid":{"rendered":"https:\/\/aldeco.pt\/staging\/product\/mako-velvet\/"},"modified":"2024-10-03T13:41:35","modified_gmt":"2024-10-03T13:41:35","slug":"mako-velvet","status":"publish","type":"product","link":"https:\/\/staging.aldeco.pt\/pt-pt\/product\/mako-velvet\/","title":{"rendered":"MAK\u00d2 VELVET"},"content":{"rendered":"<p>MAK\u00d2 VELVET \u00e9 um veludo jacquard muito especial com uma textura abstrata semelhante ao padr\u00e3o astrakan. \u00c9 100% feito de algod\u00e3o Mak\u00f2, um material natural de alt\u00edssima qualidade oriundo do Egito. Estes fios preciosos s\u00e3o feitos de fibras extralongas (com 33 mm e mais) e definem-se pela sua suavidade e respirabilidade.<br \/>\nMak\u00f2 Velvet tem p\u00ealo longo e consist\u00eancia delicada, por\u00e9m resistente. Este requintado veludo est\u00e1 dispon\u00edvel numa \u00fanica cor devido \u00e0 sua eleg\u00e2ncia.<\/p>\n","protected":false},"excerpt":{"rendered":"<p>MAK\u00d2 VELVET \u00e9 um veludo jacquard muito especial com uma textura abstrata semelhante ao padr\u00e3o astrakan. \u00c9 100% feito de algod\u00e3o Mak\u00f2, um material natural de alt\u00edssima qualidade oriundo do Egito. Estes fios preciosos s\u00e3o feitos de fibras extralongas (com 33 mm e mais) e definem-se pela sua suavidade e respirabilidade.<br \/>\nMak\u00f2 Velvet tem p\u00ealo longo e consist\u00eancia delicada, por\u00e9m resistente. Este requintado veludo est\u00e1 dispon\u00edvel numa \u00fanica cor devido \u00e0 sua eleg\u00e2ncia.<\/p>\n<h2>MAK\u00d2 VELVET \u00e9 um veludo jacquard muito especial com uma textura abstrata semelhante ao padr\u00e3o astrakan. \u00c9 100% feito de algod\u00e3o Mak\u00f2, um material natural de alt\u00edssima qualidade oriundo do Egito. Estes fios preciosos s\u00e3o feitos de fibras extralongas (com 33 mm e mais) e definem-se pela sua suavidade e respirabilidade.<br \/>\nEste tecido tem p\u00ealo longo e consist\u00eancia delicada, por\u00e9m resistente. Este requintado veludo est\u00e1 dispon\u00edvel numa \u00fanica cor devido \u00e0 sua eleg\u00e2ncia.<\/h2>\n<p><img fetchpriority=\"high\" decoding=\"async\" class=\"alignnone wp-image-90399 size-medium\" src=\"https:\/\/aldeco.pt\/staging\/wp-content\/uploads\/2024\/01\/T192540001-3-300x200.jpg\" alt=\"Mak\u00f2 Velvet - Aldeco\" width=\"300\" height=\"200\" \/><\/p>\n<p><a href=\"https:\/\/www.instagram.com\/aldeco_interiorfabrics\/\">https:\/\/www.instagram.com\/aldeco_interiorfabrics\/<\/a><\/p>\n<p><a href=\"https:\/\/aldeco.pt\/staging\/product\/mako-velvet\/?attribute_pa_aldeco-color=01-natural-white\">https:\/\/aldeco.pt\/staging\/product\/mako-velvet\/?attribute_pa_aldeco-color=01-natural-white<\/a><\/p>\n","protected":false},"featured_media":76507,"template":"","meta":[],"product_brand":[],"product_cat":[6145],"product_tag":[],"class_list":{"0":"post-185043","1":"product","2":"type-product","3":"status-publish","4":"has-post-thumbnail","6":"product_cat-aldeco-2-pt-pt-2","7":"pa_cleanability-8282","8":"pa_composition-ext-100-co-pt-pt","9":"pa_interior-fabrics-1-pt-pt","10":"pa_line-tecidos","11":"pa_lithfastness-4-6-pt-pt","12":"pa_outdoor-0-pt-pt","13":"pa_range-veludo","14":"pa_rapport-vertical-11009","17":"first","18":"instock","19":"purchasable","20":"product-type-variable"},"acf":[],"_links":{"self":[{"href":"https:\/\/staging.aldeco.pt\/pt-pt\/wp-json\/wp\/v2\/product\/185043","targetHints":{"allow":["GET"]}}],"collection":[{"href":"https:\/\/staging.aldeco.pt\/pt-pt\/wp-json\/wp\/v2\/product"}],"about":[{"href":"https:\/\/staging.aldeco.pt\/pt-pt\/wp-json\/wp\/v2\/types\/product"}],"version-history":[{"count":2,"href":"https:\/\/staging.aldeco.pt\/pt-pt\/wp-json\/wp\/v2\/product\/185043\/revisions"}],"predecessor-version":[{"id":201990,"href":"https:\/\/staging.aldeco.pt\/pt-pt\/wp-json\/wp\/v2\/product\/185043\/revisions\/201990"}],"wp:featuredmedia":[{"embeddable":true,"href":"https:\/\/staging.aldeco.pt\/pt-pt\/wp-json\/wp\/v2\/media\/76507"}],"wp:attachment":[{"href":"https:\/\/staging.aldeco.pt\/pt-pt\/wp-json\/wp\/v2\/media?parent=185043"}],"wp:term":[{"taxonomy":"product_brand","embeddable":true,"href":"https:\/\/staging.aldeco.pt\/pt-pt\/wp-json\/wp\/v2\/product_brand?post=185043"},{"taxonomy":"product_cat","embeddable":true,"href":"https:\/\/staging.aldeco.pt\/pt-pt\/wp-json\/wp\/v2\/product_cat?post=185043"},{"taxonomy":"product_tag","embeddable":true,"href":"https:\/\/staging.aldeco.pt\/pt-pt\/wp-json\/wp\/v2\/product_tag?post=185043"}],"curies":[{"name":"wp","href":"https:\/\/api.w.org\/{rel}","templated":true}]}}