{"id":185012,"date":"2024-05-09T21:19:41","date_gmt":"2024-05-09T21:19:41","guid":{"rendered":"https:\/\/aldeco.pt\/staging\/product\/paradise-printed-velvet\/"},"modified":"2024-08-06T11:21:36","modified_gmt":"2024-08-06T11:21:36","slug":"paradise-printed-velvet","status":"publish","type":"product","link":"https:\/\/staging.aldeco.pt\/pt-pt\/product\/paradise-printed-velvet\/","title":{"rendered":"PARADISE PRINTED VELVET"},"content":{"rendered":"<p>Imponente veludo jacquard que representa texturas que podemos encontrar na natureza, como as folhas ou o musgo. Tecido espetacular e sofisticado, com um m\u00e9todo de produ\u00e7\u00e3o muito interessante. Tem uma base jacquard e um p\u00ealo igualmente jacquard, apresentando impressionantes nuances de cor e tonalidades em degrad\u00e9.<\/p>\n","protected":false},"excerpt":{"rendered":"<p>Imponente veludo jacquard que representa texturas que podemos encontrar na natureza, como as folhas ou o musgo. Tecido espetacular e sofisticado, com um m\u00e9todo de produ\u00e7\u00e3o muito interessante. Tem uma base jacquard e um p\u00ealo igualmente jacquard, apresentando impressionantes nuances de cor e tonalidades em degrad\u00e9.<\/p>\n<h2>Paradise Printed \u00e9 um imponente veludo jacquard que representa texturas que podemos encontrar na natureza, como as folhas ou o musgo. Tecido espetacular e sofisticado, com um m\u00e9todo de produ\u00e7\u00e3o muito interessante. Tem uma base jacquard e um p\u00ealo igualmente jacquard, apresentando impressionantes nuances de cor e tonalidades em degrad\u00e9.<\/h2>\n<p><img fetchpriority=\"high\" decoding=\"async\" class=\"alignnone wp-image-159752 size-medium\" src=\"https:\/\/aldeco.pt\/staging\/wp-content\/uploads\/2024\/05\/T019200003-300x240.jpg\" alt=\"Paradise Printed - Aldeco\" width=\"300\" height=\"240\"><\/p>\n<p><a href=\"https:\/\/www.instagram.com\/aldeco_interiorfabrics\/\">https:\/\/www.instagram.com\/aldeco_interiorfabrics\/<\/a><\/p>\n<p><a href=\"https:\/\/aldeco.pt\/staging\/product\/paradise-printed-velvet\/?attribute_pa_aldeco-color=01-light-cream-gray\">https:\/\/aldeco.pt\/staging\/product\/paradise-printed-velvet\/?attribute_pa_aldeco-color=01-light-cream-gray<\/a><\/p>\n<p>&nbsp;<\/p>\n<p>&nbsp;<\/p>\n","protected":false},"featured_media":76519,"template":"","meta":[],"product_brand":[],"product_cat":[6145],"product_tag":[],"class_list":{"0":"post-185012","1":"product","2":"type-product","3":"status-publish","4":"has-post-thumbnail","6":"product_cat-aldeco-2-pt-pt-2","7":"pa_cleanability-8282","8":"pa_composition-ext-55-co-38-vi-7-pl-pt-pt","9":"pa_interior-fabrics-1-pt-pt","10":"pa_line-tecidos","11":"pa_lithfastness-4-6-pt-pt","12":"pa_outdoor-0-pt-pt","13":"pa_range-estampado","14":"pa_range-jacquard-pt-pt","15":"pa_range-veludo","16":"pa_rapport-vertical-11009","19":"first","20":"instock","21":"purchasable","22":"product-type-variable"},"acf":[],"_links":{"self":[{"href":"https:\/\/staging.aldeco.pt\/pt-pt\/wp-json\/wp\/v2\/product\/185012","targetHints":{"allow":["GET"]}}],"collection":[{"href":"https:\/\/staging.aldeco.pt\/pt-pt\/wp-json\/wp\/v2\/product"}],"about":[{"href":"https:\/\/staging.aldeco.pt\/pt-pt\/wp-json\/wp\/v2\/types\/product"}],"version-history":[{"count":1,"href":"https:\/\/staging.aldeco.pt\/pt-pt\/wp-json\/wp\/v2\/product\/185012\/revisions"}],"predecessor-version":[{"id":193679,"href":"https:\/\/staging.aldeco.pt\/pt-pt\/wp-json\/wp\/v2\/product\/185012\/revisions\/193679"}],"wp:featuredmedia":[{"embeddable":true,"href":"https:\/\/staging.aldeco.pt\/pt-pt\/wp-json\/wp\/v2\/media\/76519"}],"wp:attachment":[{"href":"https:\/\/staging.aldeco.pt\/pt-pt\/wp-json\/wp\/v2\/media?parent=185012"}],"wp:term":[{"taxonomy":"product_brand","embeddable":true,"href":"https:\/\/staging.aldeco.pt\/pt-pt\/wp-json\/wp\/v2\/product_brand?post=185012"},{"taxonomy":"product_cat","embeddable":true,"href":"https:\/\/staging.aldeco.pt\/pt-pt\/wp-json\/wp\/v2\/product_cat?post=185012"},{"taxonomy":"product_tag","embeddable":true,"href":"https:\/\/staging.aldeco.pt\/pt-pt\/wp-json\/wp\/v2\/product_tag?post=185012"}],"curies":[{"name":"wp","href":"https:\/\/api.w.org\/{rel}","templated":true}]}}