{"id":184950,"date":"2024-05-09T21:19:00","date_gmt":"2024-05-09T21:19:00","guid":{"rendered":"https:\/\/aldeco.pt\/staging\/product\/panamatrix-blackout-fr\/"},"modified":"2024-09-27T16:48:51","modified_gmt":"2024-09-27T16:48:51","slug":"panamatrix-blackout-fr","status":"publish","type":"product","link":"https:\/\/staging.aldeco.pt\/pt-pt\/product\/panamatrix-blackout-fr\/","title":{"rendered":"PANAMATRIX BLACKOUT FR"},"content":{"rendered":"<p>Panamatrix Blackout FR \u00e9 um tecido Blackout ign\u00edfugo, extremamente vers\u00e1til. Encontra-se dispon\u00edvel em 10 cores tornando-o um must have para os diferentes tipos de projectos.<\/p>\n","protected":false},"excerpt":{"rendered":"<p>Panamatrix Blackout FR \u00e9 um tecido Blackout ign\u00edfugo, extremamente vers\u00e1til. Encontra-se dispon\u00edvel em 10 cores tornando-o um must have para os diferentes tipos de projectos.<\/p>\n","protected":false},"featured_media":159735,"template":"","meta":[],"product_brand":[],"product_cat":[6153],"product_tag":[],"class_list":{"0":"post-184950","1":"product","2":"type-product","3":"status-publish","4":"has-post-thumbnail","6":"product_cat-aldeco-smarter-pt-pt","7":"pa_cleanability-8282","8":"pa_composition-ext-100-pl-fr-pt-pt","9":"pa_contract-fabrics-1-pt-pt","10":"pa_interior-fabrics-1-pt-pt","11":"pa_line-tecidos","12":"pa_lithfastness-9680","13":"pa_outdoor-0-pt-pt","14":"pa_range-blackout-pt-pt","15":"pa_range-coated-pt-pt","16":"pa_rapport-vertical-11009","17":"pa_special-treatments-fabrics-1-pt-pt","20":"first","21":"instock","22":"purchasable","23":"product-type-variable"},"acf":[],"_links":{"self":[{"href":"https:\/\/staging.aldeco.pt\/pt-pt\/wp-json\/wp\/v2\/product\/184950","targetHints":{"allow":["GET"]}}],"collection":[{"href":"https:\/\/staging.aldeco.pt\/pt-pt\/wp-json\/wp\/v2\/product"}],"about":[{"href":"https:\/\/staging.aldeco.pt\/pt-pt\/wp-json\/wp\/v2\/types\/product"}],"version-history":[{"count":1,"href":"https:\/\/staging.aldeco.pt\/pt-pt\/wp-json\/wp\/v2\/product\/184950\/revisions"}],"predecessor-version":[{"id":193722,"href":"https:\/\/staging.aldeco.pt\/pt-pt\/wp-json\/wp\/v2\/product\/184950\/revisions\/193722"}],"wp:featuredmedia":[{"embeddable":true,"href":"https:\/\/staging.aldeco.pt\/pt-pt\/wp-json\/wp\/v2\/media\/159735"}],"wp:attachment":[{"href":"https:\/\/staging.aldeco.pt\/pt-pt\/wp-json\/wp\/v2\/media?parent=184950"}],"wp:term":[{"taxonomy":"product_brand","embeddable":true,"href":"https:\/\/staging.aldeco.pt\/pt-pt\/wp-json\/wp\/v2\/product_brand?post=184950"},{"taxonomy":"product_cat","embeddable":true,"href":"https:\/\/staging.aldeco.pt\/pt-pt\/wp-json\/wp\/v2\/product_cat?post=184950"},{"taxonomy":"product_tag","embeddable":true,"href":"https:\/\/staging.aldeco.pt\/pt-pt\/wp-json\/wp\/v2\/product_tag?post=184950"}],"curies":[{"name":"wp","href":"https:\/\/api.w.org\/{rel}","templated":true}]}}