{"id":184940,"date":"2024-05-09T21:16:43","date_gmt":"2024-05-09T21:16:43","guid":{"rendered":"https:\/\/aldeco.pt\/staging\/product\/ottoman\/"},"modified":"2024-10-04T11:35:38","modified_gmt":"2024-10-04T11:35:38","slug":"ottoman","status":"publish","type":"product","link":"https:\/\/staging.aldeco.pt\/pt-pt\/product\/ottoman\/","title":{"rendered":"OTTOMAN"},"content":{"rendered":"<p>Chenille com constru\u00e7\u00e3o do ottoman cl\u00e1ssico, onde desenvolvemos 16 cores numa escala de tons vintage.<\/p>\n","protected":false},"excerpt":{"rendered":"<p>Chenille com constru\u00e7\u00e3o do ottoman cl\u00e1ssico, onde desenvolvemos 16 cores numa escala de tons vintage.<\/p>\n","protected":false},"featured_media":159704,"template":"","meta":[],"product_brand":[],"product_cat":[6145],"product_tag":[],"class_list":{"0":"post-184940","1":"product","2":"type-product","3":"status-publish","4":"has-post-thumbnail","6":"product_cat-aldeco-2-pt-pt-2","7":"pa_cleanability-8282","8":"pa_composition-ext-45-ac-26-tex-pl-8-vi-21-pl-pt-pt","9":"pa_interior-fabrics-1-pt-pt","10":"pa_line-tecidos","11":"pa_lithfastness-6-pt-pt","12":"pa_outdoor-0-pt-pt","13":"pa_range-chenile","14":"pa_range-otomano","15":"pa_rapport-horizontal-0-pt-pt","16":"pa_rapport-vertical-0-5-pt-pt","19":"first","20":"instock","21":"purchasable","22":"product-type-variable"},"acf":[],"_links":{"self":[{"href":"https:\/\/staging.aldeco.pt\/pt-pt\/wp-json\/wp\/v2\/product\/184940","targetHints":{"allow":["GET"]}}],"collection":[{"href":"https:\/\/staging.aldeco.pt\/pt-pt\/wp-json\/wp\/v2\/product"}],"about":[{"href":"https:\/\/staging.aldeco.pt\/pt-pt\/wp-json\/wp\/v2\/types\/product"}],"version-history":[{"count":1,"href":"https:\/\/staging.aldeco.pt\/pt-pt\/wp-json\/wp\/v2\/product\/184940\/revisions"}],"predecessor-version":[{"id":193723,"href":"https:\/\/staging.aldeco.pt\/pt-pt\/wp-json\/wp\/v2\/product\/184940\/revisions\/193723"}],"wp:featuredmedia":[{"embeddable":true,"href":"https:\/\/staging.aldeco.pt\/pt-pt\/wp-json\/wp\/v2\/media\/159704"}],"wp:attachment":[{"href":"https:\/\/staging.aldeco.pt\/pt-pt\/wp-json\/wp\/v2\/media?parent=184940"}],"wp:term":[{"taxonomy":"product_brand","embeddable":true,"href":"https:\/\/staging.aldeco.pt\/pt-pt\/wp-json\/wp\/v2\/product_brand?post=184940"},{"taxonomy":"product_cat","embeddable":true,"href":"https:\/\/staging.aldeco.pt\/pt-pt\/wp-json\/wp\/v2\/product_cat?post=184940"},{"taxonomy":"product_tag","embeddable":true,"href":"https:\/\/staging.aldeco.pt\/pt-pt\/wp-json\/wp\/v2\/product_tag?post=184940"}],"curies":[{"name":"wp","href":"https:\/\/api.w.org\/{rel}","templated":true}]}}