{"id":184914,"date":"2024-05-09T21:15:18","date_gmt":"2024-05-09T21:15:18","guid":{"rendered":"https:\/\/aldeco.pt\/staging\/product\/nightfall-blackout-fr\/"},"modified":"2024-09-16T16:48:10","modified_gmt":"2024-09-16T16:48:10","slug":"nightfall-blackout-fr","status":"publish","type":"product","link":"https:\/\/staging.aldeco.pt\/pt-pt\/product\/nightfall-blackout-fr\/","title":{"rendered":"NIGHTFALL BLACKOUT FR"},"content":{"rendered":"<p>No panorama actual, o bem-estar e a sa\u00fade tornaram-se preocupa\u00e7\u00f5es centrais na nossa sociedade. NIGHTFALL BLACKOUT FR alia as caracter\u00edsticas do seu acabamento antibacteriano a outro bem essencial para o nosso bem-estar: a tranquilidade pois \u00e9 um blackout absorvente de som, causando menos stress (certifica\u00e7\u00e3o ac\u00fastica). Para al\u00e9m destas caracter\u00edsticas destaca-se a sua efici\u00eancia energ\u00e9tica (t\u00e9rmica), destinando-se n\u00e3o s\u00f3 ao mercado residencial, mas tamb\u00e9m no contract devido \u00e0s suas propriedades ign\u00edfugas (retardantes de chama), sendo totalmente opaco (n\u00e3o permite a passagem de luz) e garantindo a maior privacidade dos espa\u00e7os seja dos nossos vizinhos ou dos transeuntes na rua. Encontra-se dispon\u00edvel em 4 cores.<\/p>\n","protected":false},"excerpt":{"rendered":"<p>No panorama actual, o bem-estar e a sa\u00fade tornaram-se preocupa\u00e7\u00f5es centrais na nossa sociedade. NIGHTFALL BLACKOUT FR alia as caracter\u00edsticas do seu acabamento antibacteriano a outro bem essencial para o nosso bem-estar: a tranquilidade pois \u00e9 um blackout absorvente de som, causando menos stress (certifica\u00e7\u00e3o ac\u00fastica). Para al\u00e9m destas caracter\u00edsticas destaca-se a sua efici\u00eancia energ\u00e9tica (t\u00e9rmica), destinando-se n\u00e3o s\u00f3 ao mercado residencial, mas tamb\u00e9m no contract devido \u00e0s suas propriedades ign\u00edfugas (retardantes de chama), sendo totalmente opaco (n\u00e3o permite a passagem de luz) e garantindo a maior privacidade dos espa\u00e7os seja dos nossos vizinhos ou dos transeuntes na rua. Encontra-se dispon\u00edvel em 4 cores.<\/p>\n","protected":false},"featured_media":166205,"template":"","meta":[],"product_brand":[],"product_cat":[6153],"product_tag":[],"class_list":{"0":"post-184914","1":"product","2":"type-product","3":"status-publish","4":"has-post-thumbnail","6":"product_cat-aldeco-smarter-pt-pt","7":"pa_cleanability-8282","8":"pa_composition-ext-72-ac-coating-28-pl-pt-pt","9":"pa_contract-fabrics-1-pt-pt","10":"pa_interior-fabrics-1-pt-pt","11":"pa_line-tecidos","12":"pa_lithfastness-9680","13":"pa_outdoor-0-pt-pt","14":"pa_range-blackout-pt-pt","15":"pa_range-liso","16":"pa_rapport-vertical-11009","17":"pa_special-treatments-fabrics-1-pt-pt","20":"first","21":"instock","22":"purchasable","23":"product-type-variable"},"acf":[],"_links":{"self":[{"href":"https:\/\/staging.aldeco.pt\/pt-pt\/wp-json\/wp\/v2\/product\/184914","targetHints":{"allow":["GET"]}}],"collection":[{"href":"https:\/\/staging.aldeco.pt\/pt-pt\/wp-json\/wp\/v2\/product"}],"about":[{"href":"https:\/\/staging.aldeco.pt\/pt-pt\/wp-json\/wp\/v2\/types\/product"}],"version-history":[{"count":2,"href":"https:\/\/staging.aldeco.pt\/pt-pt\/wp-json\/wp\/v2\/product\/184914\/revisions"}],"predecessor-version":[{"id":193764,"href":"https:\/\/staging.aldeco.pt\/pt-pt\/wp-json\/wp\/v2\/product\/184914\/revisions\/193764"}],"wp:featuredmedia":[{"embeddable":true,"href":"https:\/\/staging.aldeco.pt\/pt-pt\/wp-json\/wp\/v2\/media\/166205"}],"wp:attachment":[{"href":"https:\/\/staging.aldeco.pt\/pt-pt\/wp-json\/wp\/v2\/media?parent=184914"}],"wp:term":[{"taxonomy":"product_brand","embeddable":true,"href":"https:\/\/staging.aldeco.pt\/pt-pt\/wp-json\/wp\/v2\/product_brand?post=184914"},{"taxonomy":"product_cat","embeddable":true,"href":"https:\/\/staging.aldeco.pt\/pt-pt\/wp-json\/wp\/v2\/product_cat?post=184914"},{"taxonomy":"product_tag","embeddable":true,"href":"https:\/\/staging.aldeco.pt\/pt-pt\/wp-json\/wp\/v2\/product_tag?post=184914"}],"curies":[{"name":"wp","href":"https:\/\/api.w.org\/{rel}","templated":true}]}}