{"id":184910,"date":"2024-05-09T21:15:44","date_gmt":"2024-05-09T21:15:44","guid":{"rendered":"https:\/\/aldeco.pt\/staging\/product\/ocean-in-outdoor\/"},"modified":"2024-10-02T14:45:51","modified_gmt":"2024-10-02T14:45:51","slug":"ocean-in-outdoor","status":"publish","type":"product","link":"https:\/\/staging.aldeco.pt\/pt-pt\/product\/ocean-in-outdoor\/","title":{"rendered":"OCEAN IN\/OUTDOOR"},"content":{"rendered":"<p>OCEAN IN\/OUTDOOR \u00e9 um tecido de cortina natural com um visual minimalista adequado para uso interior\/exterior. Apresentamos este tecido moderno, muito pesado com 300 cm de largura. Est\u00e1 dispon\u00edvel em 2 cores neutras. Este tecido de cortina pesada tem acabamento repelente \u00e0 \u00e1gua.<\/p>\n","protected":false},"excerpt":{"rendered":"<p>OCEAN IN\/OUTDOOR \u00e9 um tecido de cortina natural com um visual minimalista adequado para uso interior\/exterior. Apresentamos este tecido moderno, muito pesado com 300 cm de largura. Est\u00e1 dispon\u00edvel em 2 cores neutras. Este tecido de cortina pesada tem acabamento repelente \u00e0 \u00e1gua.<\/p>\n<h2>OCEAN IN\/OUTDOOR \u00e9 um tecido de cortina natural com um visual minimalista adequado para uso interior\/exterior. Apresentamos este tecido moderno, muito pesado com 300 cm de largura. Est\u00e1 dispon\u00edvel em 2 cores neutras. Este tecido de cortina pesada tem acabamento repelente \u00e0 \u00e1gua.<\/h2>\n<p><img fetchpriority=\"high\" decoding=\"async\" class=\"alignnone wp-image-188105 size-medium\" src=\"https:\/\/aldeco.pt\/staging\/wp-content\/uploads\/2024\/01\/T192440001-2-300x200.jpg\" alt=\"Ocean In\/Outdoor - Aldeco\" width=\"300\" height=\"200\" \/><\/p>\n<p><a href=\"https:\/\/www.instagram.com\/aldeco_interiorfabrics\/\">https:\/\/www.instagram.com\/aldeco_interiorfabrics\/<\/a><a href=\"https:\/\/aldeco.pt\/staging\/product\/ocean-in-outdoor\/?attribute_pa_aldeco-color=01-natural-white\">https:\/\/aldeco.pt\/staging\/product\/ocean-in-outdoor\/?attribute_pa_aldeco-color=01-natural-white<\/a><\/p>\n<p>&nbsp;<\/p>\n","protected":false},"featured_media":156291,"template":"","meta":[],"product_brand":[],"product_cat":[6145],"product_tag":[],"class_list":{"0":"post-184910","1":"product","2":"type-product","3":"status-publish","4":"has-post-thumbnail","6":"product_cat-aldeco-2-pt-pt-2","7":"pa_cleanability-8282","8":"pa_composition-ext-100-pl-pt-pt","9":"pa_indoor-fabrics-1-pt-pt","10":"pa_interior-fabrics-1-pt-pt","11":"pa_line-tecidos","12":"pa_lithfastness-7-8-pt-pt","13":"pa_outdoor-outdoor","14":"pa_range-liso","15":"pa_rapport-vertical-11009","16":"pa_special-treatments-fabrics-1-pt-pt","19":"first","20":"instock","21":"purchasable","22":"product-type-variable"},"acf":[],"_links":{"self":[{"href":"https:\/\/staging.aldeco.pt\/pt-pt\/wp-json\/wp\/v2\/product\/184910","targetHints":{"allow":["GET"]}}],"collection":[{"href":"https:\/\/staging.aldeco.pt\/pt-pt\/wp-json\/wp\/v2\/product"}],"about":[{"href":"https:\/\/staging.aldeco.pt\/pt-pt\/wp-json\/wp\/v2\/types\/product"}],"version-history":[{"count":3,"href":"https:\/\/staging.aldeco.pt\/pt-pt\/wp-json\/wp\/v2\/product\/184910\/revisions"}],"predecessor-version":[{"id":201867,"href":"https:\/\/staging.aldeco.pt\/pt-pt\/wp-json\/wp\/v2\/product\/184910\/revisions\/201867"}],"wp:featuredmedia":[{"embeddable":true,"href":"https:\/\/staging.aldeco.pt\/pt-pt\/wp-json\/wp\/v2\/media\/156291"}],"wp:attachment":[{"href":"https:\/\/staging.aldeco.pt\/pt-pt\/wp-json\/wp\/v2\/media?parent=184910"}],"wp:term":[{"taxonomy":"product_brand","embeddable":true,"href":"https:\/\/staging.aldeco.pt\/pt-pt\/wp-json\/wp\/v2\/product_brand?post=184910"},{"taxonomy":"product_cat","embeddable":true,"href":"https:\/\/staging.aldeco.pt\/pt-pt\/wp-json\/wp\/v2\/product_cat?post=184910"},{"taxonomy":"product_tag","embeddable":true,"href":"https:\/\/staging.aldeco.pt\/pt-pt\/wp-json\/wp\/v2\/product_tag?post=184910"}],"curies":[{"name":"wp","href":"https:\/\/api.w.org\/{rel}","templated":true}]}}