{"id":184887,"date":"2024-05-09T21:01:36","date_gmt":"2024-05-09T21:01:36","guid":{"rendered":"https:\/\/aldeco.pt\/staging\/product\/master-trellis\/"},"modified":"2024-08-06T11:22:50","modified_gmt":"2024-08-06T11:22:50","slug":"master-trellis","status":"publish","type":"product","link":"https:\/\/staging.aldeco.pt\/pt-pt\/product\/master-trellis\/","title":{"rendered":"MASTER TRELLIS"},"content":{"rendered":"<p>Surpreendente tecido jacquard \u201ctom sobre tom\u201d com elegantes e cl\u00e1ssicos motivos geom\u00e9tricos. Aplic\u00e1vel em cortinas e decora\u00e7\u00e3o.<\/p>\n<p>&nbsp;<\/p>\n<p>&nbsp;<\/p>\n","protected":false},"excerpt":{"rendered":"<p>Surpreendente tecido jacquard \u201ctom sobre tom\u201d com elegantes e cl\u00e1ssicos motivos geom\u00e9tricos. Aplic\u00e1vel em cortinas e decora\u00e7\u00e3o.<\/p>\n<h2>Master Trellis \u00e9 um surpreendente tecido jacquard \u201ctom sobre tom\u201d com elegantes e cl\u00e1ssicos motivos geom\u00e9tricos. Aplic\u00e1vel em cortinas e decora\u00e7\u00e3o.<\/h2>\n<p><img fetchpriority=\"high\" decoding=\"async\" class=\"alignnone wp-image-187659 size-medium\" src=\"https:\/\/aldeco.pt\/staging\/wp-content\/uploads\/2024\/03\/T018700001-300x280.jpg\" alt=\"Master Trellis - Aldeco\" width=\"300\" height=\"280\"><\/p>\n<p><a href=\"https:\/\/www.instagram.com\/aldeco_interiorfabrics\/\">https:\/\/www.instagram.com\/aldeco_interiorfabrics\/<\/a><\/p>\n<p><a href=\"https:\/\/aldeco.pt\/staging\/product\/master-trellis\/?attribute_pa_aldeco-color=01-snow-white\">https:\/\/aldeco.pt\/staging\/product\/master-trellis\/?attribute_pa_aldeco-color=01-snow-white<\/a><\/p>\n","protected":false},"featured_media":159511,"template":"","meta":[],"product_brand":[],"product_cat":[6145],"product_tag":[],"class_list":{"0":"post-184887","1":"product","2":"type-product","3":"status-publish","4":"has-post-thumbnail","6":"product_cat-aldeco-2-pt-pt-2","7":"pa_cleanability-8282","8":"pa_composition-ext-42-li-34-pa-24-pl-pt-pt","9":"pa_interior-fabrics-1-pt-pt","10":"pa_line-tecidos","11":"pa_lithfastness-9680","12":"pa_outdoor-0-pt-pt","13":"pa_range-cetim","14":"pa_range-jacquard-pt-pt","15":"pa_rapport-horizontal-12-pt-pt","16":"pa_rapport-vertical-25-pt-pt","19":"first","20":"instock","21":"purchasable","22":"product-type-variable"},"acf":[],"_links":{"self":[{"href":"https:\/\/staging.aldeco.pt\/pt-pt\/wp-json\/wp\/v2\/product\/184887","targetHints":{"allow":["GET"]}}],"collection":[{"href":"https:\/\/staging.aldeco.pt\/pt-pt\/wp-json\/wp\/v2\/product"}],"about":[{"href":"https:\/\/staging.aldeco.pt\/pt-pt\/wp-json\/wp\/v2\/types\/product"}],"version-history":[{"count":1,"href":"https:\/\/staging.aldeco.pt\/pt-pt\/wp-json\/wp\/v2\/product\/184887\/revisions"}],"predecessor-version":[{"id":193588,"href":"https:\/\/staging.aldeco.pt\/pt-pt\/wp-json\/wp\/v2\/product\/184887\/revisions\/193588"}],"wp:featuredmedia":[{"embeddable":true,"href":"https:\/\/staging.aldeco.pt\/pt-pt\/wp-json\/wp\/v2\/media\/159511"}],"wp:attachment":[{"href":"https:\/\/staging.aldeco.pt\/pt-pt\/wp-json\/wp\/v2\/media?parent=184887"}],"wp:term":[{"taxonomy":"product_brand","embeddable":true,"href":"https:\/\/staging.aldeco.pt\/pt-pt\/wp-json\/wp\/v2\/product_brand?post=184887"},{"taxonomy":"product_cat","embeddable":true,"href":"https:\/\/staging.aldeco.pt\/pt-pt\/wp-json\/wp\/v2\/product_cat?post=184887"},{"taxonomy":"product_tag","embeddable":true,"href":"https:\/\/staging.aldeco.pt\/pt-pt\/wp-json\/wp\/v2\/product_tag?post=184887"}],"curies":[{"name":"wp","href":"https:\/\/api.w.org\/{rel}","templated":true}]}}