{"id":184845,"date":"2024-05-09T21:00:18","date_gmt":"2024-05-09T21:00:18","guid":{"rendered":"https:\/\/aldeco.pt\/staging\/product\/marine\/"},"modified":"2024-08-06T11:22:53","modified_gmt":"2024-08-06T11:22:53","slug":"marine","status":"publish","type":"product","link":"https:\/\/staging.aldeco.pt\/pt-pt\/product\/marine\/","title":{"rendered":"MARINE"},"content":{"rendered":"<p>Tecido jacquard acetinado com 280 cm de largura. A simbiose perfeita de uma ilustra\u00e7\u00e3o gr\u00e1fica ondulada que faz lembrar uma impress\u00e3o digital. Apresentado em 17 tons interessantes este tecido indicado para cortinas e estofos.<\/p>\n","protected":false},"excerpt":{"rendered":"<p>Tecido jacquard acetinado com 280 cm de largura. A simbiose perfeita de uma ilustra\u00e7\u00e3o gr\u00e1fica ondulada que faz lembrar uma impress\u00e3o digital. Apresentado em 17 tons interessantes este tecido indicado para cortinas e estofos.<\/p>\n<h2>Marine \u00e9 um tecido jacquard acetinado com 280 cm de largura. A simbiose perfeita de uma ilustra\u00e7\u00e3o gr\u00e1fica ondulada que faz lembrar uma impress\u00e3o digital. Apresentado em 17 tons interessantes este tecido indicado para cortinas e estofos.<\/h2>\n<p><img fetchpriority=\"high\" decoding=\"async\" class=\"alignnone wp-image-187637 size-medium\" src=\"https:\/\/aldeco.pt\/staging\/wp-content\/uploads\/2024\/03\/T019340001-300x240.jpg\" alt=\"Marine - Aldeco\" width=\"300\" height=\"240\"><\/p>\n<p><a href=\"https:\/\/www.instagram.com\/aldeco_interiorfabrics\/\">https:\/\/www.instagram.com\/aldeco_interiorfabrics\/<\/a><\/p>\n<p><a href=\"https:\/\/aldeco.pt\/staging\/product\/marine\/?attribute_pa_aldeco-color=01-cloud-dancer\">https:\/\/aldeco.pt\/staging\/product\/marine\/?attribute_pa_aldeco-color=01-cloud-dancer<\/a><\/p>\n<p>&nbsp;<\/p>\n","protected":false},"featured_media":156090,"template":"","meta":[],"product_brand":[],"product_cat":[6145],"product_tag":[],"class_list":{"0":"post-184845","1":"product","2":"type-product","3":"status-publish","4":"has-post-thumbnail","6":"product_cat-aldeco-2-pt-pt-2","7":"pa_cleanability-8282","8":"pa_composition-ext-83-co-17-pl-pt-pt","9":"pa_interior-fabrics-1-pt-pt","10":"pa_line-tecidos","11":"pa_lithfastness-4-5-pt-pt","12":"pa_outdoor-0-pt-pt","13":"pa_range-cetim","14":"pa_range-jacquard-pt-pt","15":"pa_rapport-horizontal-6-pt-pt","16":"pa_rapport-vertical-2-7-pt-pt","19":"first","20":"instock","21":"purchasable","22":"product-type-variable"},"acf":[],"_links":{"self":[{"href":"https:\/\/staging.aldeco.pt\/pt-pt\/wp-json\/wp\/v2\/product\/184845","targetHints":{"allow":["GET"]}}],"collection":[{"href":"https:\/\/staging.aldeco.pt\/pt-pt\/wp-json\/wp\/v2\/product"}],"about":[{"href":"https:\/\/staging.aldeco.pt\/pt-pt\/wp-json\/wp\/v2\/types\/product"}],"version-history":[{"count":1,"href":"https:\/\/staging.aldeco.pt\/pt-pt\/wp-json\/wp\/v2\/product\/184845\/revisions"}],"predecessor-version":[{"id":193564,"href":"https:\/\/staging.aldeco.pt\/pt-pt\/wp-json\/wp\/v2\/product\/184845\/revisions\/193564"}],"wp:featuredmedia":[{"embeddable":true,"href":"https:\/\/staging.aldeco.pt\/pt-pt\/wp-json\/wp\/v2\/media\/156090"}],"wp:attachment":[{"href":"https:\/\/staging.aldeco.pt\/pt-pt\/wp-json\/wp\/v2\/media?parent=184845"}],"wp:term":[{"taxonomy":"product_brand","embeddable":true,"href":"https:\/\/staging.aldeco.pt\/pt-pt\/wp-json\/wp\/v2\/product_brand?post=184845"},{"taxonomy":"product_cat","embeddable":true,"href":"https:\/\/staging.aldeco.pt\/pt-pt\/wp-json\/wp\/v2\/product_cat?post=184845"},{"taxonomy":"product_tag","embeddable":true,"href":"https:\/\/staging.aldeco.pt\/pt-pt\/wp-json\/wp\/v2\/product_tag?post=184845"}],"curies":[{"name":"wp","href":"https:\/\/api.w.org\/{rel}","templated":true}]}}