{"id":184832,"date":"2024-05-09T21:00:01","date_gmt":"2024-05-09T21:00:01","guid":{"rendered":"https:\/\/aldeco.pt\/staging\/product\/marias-fr\/"},"modified":"2024-10-09T14:11:36","modified_gmt":"2024-10-09T14:11:36","slug":"marias-fr","status":"publish","type":"product","link":"https:\/\/staging.aldeco.pt\/pt-pt\/product\/marias-fr\/","title":{"rendered":"MARIAS FR"},"content":{"rendered":"<p>MARIAS FR \u00e9 um tecido leve com um look alinhado em poli\u00e9ster ign\u00edfugo inerente. Devido \u00e0 sua largura dupla (320 cm de largura), \u00e9 perfeito para cortinas e projectos de contract apresentando uma resist\u00eancia \u00e0 luz solar muito boa.<\/p>\n","protected":false},"excerpt":{"rendered":"<p>MARIAS FR \u00e9 um tecido leve com um look alinhado em poli\u00e9ster ign\u00edfugo inerente. Devido \u00e0 sua largura dupla (320 cm de largura), \u00e9 perfeito para cortinas e projectos de contract apresentando uma resist\u00eancia \u00e0 luz solar muito boa.<\/p>\n<h2>MARIAS FR \u00e9 um tecido leve com um look alinhado em poli\u00e9ster ign\u00edfugo inerente. Devido \u00e0 sua largura dupla (320 cm de largura), \u00e9 perfeito para cortinas e projectos de contract apresentando uma resist\u00eancia \u00e0 luz solar muito boa.<\/h2>\n<p><img fetchpriority=\"high\" decoding=\"async\" class=\"alignnone wp-image-187632 size-medium\" src=\"https:\/\/aldeco.pt\/staging\/wp-content\/uploads\/2024\/01\/T192680001-4-300x200.jpg\" alt=\"Marias FR - Aldeco\" width=\"300\" height=\"200\" \/><\/p>\n<p><a href=\"https:\/\/www.instagram.com\/aldeco_interiorfabrics\/\">https:\/\/www.instagram.com\/aldeco_interiorfabrics\/<\/a><\/p>\n<p><a href=\"https:\/\/aldeco.pt\/staging\/product\/marias-fr\/?attribute_pa_aldeco-color=01-natural-white\">https:\/\/aldeco.pt\/staging\/product\/marias-fr\/?attribute_pa_aldeco-color=01-natural-white<\/a><\/p>\n<p>&nbsp;<\/p>\n","protected":false},"featured_media":159489,"template":"","meta":[],"product_brand":[],"product_cat":[6153],"product_tag":[],"class_list":{"0":"post-184832","1":"product","2":"type-product","3":"status-publish","4":"has-post-thumbnail","6":"product_cat-aldeco-smarter-pt-pt","7":"pa_cleanability-8282","8":"pa_composition-ext-100-rpli-pt-pt","9":"pa_contract-fabrics-1-pt-pt","10":"pa_interior-fabrics-1-pt-pt","11":"pa_line-tecidos","12":"pa_lithfastness-5-pt-pt","13":"pa_outdoor-0-pt-pt","14":"pa_range-dobby-pt-pt","15":"pa_range-transparente","16":"pa_rapport-vertical-11009","17":"pa_special-treatments-fabrics-1-pt-pt","20":"first","21":"instock","22":"purchasable","23":"product-type-variable"},"acf":[],"_links":{"self":[{"href":"https:\/\/staging.aldeco.pt\/pt-pt\/wp-json\/wp\/v2\/product\/184832","targetHints":{"allow":["GET"]}}],"collection":[{"href":"https:\/\/staging.aldeco.pt\/pt-pt\/wp-json\/wp\/v2\/product"}],"about":[{"href":"https:\/\/staging.aldeco.pt\/pt-pt\/wp-json\/wp\/v2\/types\/product"}],"version-history":[{"count":2,"href":"https:\/\/staging.aldeco.pt\/pt-pt\/wp-json\/wp\/v2\/product\/184832\/revisions"}],"predecessor-version":[{"id":204620,"href":"https:\/\/staging.aldeco.pt\/pt-pt\/wp-json\/wp\/v2\/product\/184832\/revisions\/204620"}],"wp:featuredmedia":[{"embeddable":true,"href":"https:\/\/staging.aldeco.pt\/pt-pt\/wp-json\/wp\/v2\/media\/159489"}],"wp:attachment":[{"href":"https:\/\/staging.aldeco.pt\/pt-pt\/wp-json\/wp\/v2\/media?parent=184832"}],"wp:term":[{"taxonomy":"product_brand","embeddable":true,"href":"https:\/\/staging.aldeco.pt\/pt-pt\/wp-json\/wp\/v2\/product_brand?post=184832"},{"taxonomy":"product_cat","embeddable":true,"href":"https:\/\/staging.aldeco.pt\/pt-pt\/wp-json\/wp\/v2\/product_cat?post=184832"},{"taxonomy":"product_tag","embeddable":true,"href":"https:\/\/staging.aldeco.pt\/pt-pt\/wp-json\/wp\/v2\/product_tag?post=184832"}],"curies":[{"name":"wp","href":"https:\/\/api.w.org\/{rel}","templated":true}]}}