{"id":184811,"date":"2024-05-09T20:58:21","date_gmt":"2024-05-09T20:58:21","guid":{"rendered":"https:\/\/aldeco.pt\/staging\/product\/maison-in-outdoor\/"},"modified":"2024-08-06T11:22:56","modified_gmt":"2024-08-06T11:22:56","slug":"maison-in-outdoor","status":"publish","type":"product","link":"https:\/\/staging.aldeco.pt\/pt-pt\/product\/maison-in-outdoor\/","title":{"rendered":"MAISON IN\/OUTDOOR"},"content":{"rendered":"<p>Tecido tinto em fio de estrutura panam\u00e1 em cores naturais que pode facilmente conjugar com as restantes colec\u00e7\u00f5es In\/Outdoor da Aldeco. Tecido de f\u00e1cil manuten\u00e7\u00e3o, lav\u00e1vel \u00e0 m\u00e1quina sem centrifuga\u00e7\u00e3o e n\u00e3o necessita de passar a ferro mantendo sempre a sua apar\u00eancia impec\u00e1vel.<\/p>\n","protected":false},"excerpt":{"rendered":"<p>MAISON IN\/OUTDOOR, tecido tinto em fio de estrutura panam\u00e1 em cores naturais que pode facilmente conjugar com as restantes colec\u00e7\u00f5es In\/Outdoor da Aldeco. Tecido de f\u00e1cil manuten\u00e7\u00e3o, lav\u00e1vel \u00e0 m\u00e1quina sem centrifuga\u00e7\u00e3o e n\u00e3o necessita de passar a ferro mantendo sempre a sua apar\u00eancia impec\u00e1vel.<\/p>\n<h2>MAISON IN\/OUTDOOR, tecido tinto em fio de estrutura panam\u00e1 em cores naturais que pode facilmente conjugar com as restantes colec\u00e7\u00f5es In\/Outdoor da Aldeco. Tecido de f\u00e1cil manuten\u00e7\u00e3o, lav\u00e1vel \u00e0 m\u00e1quina sem centrifuga\u00e7\u00e3o e n\u00e3o necessita de passar a ferro mantendo sempre a sua apar\u00eancia impec\u00e1vel.<\/h2>\n<p><img fetchpriority=\"high\" decoding=\"async\" class=\"alignnone wp-image-187610 size-medium\" src=\"https:\/\/aldeco.pt\/staging\/wp-content\/uploads\/2024\/01\/T192160001-3-300x200.jpg\" alt=\"Maison In\/Outdoor - Aldeco\" width=\"300\" height=\"200\"><\/p>\n<p><a href=\"https:\/\/www.instagram.com\/aldeco_interiorfabrics\/\">https:\/\/www.instagram.com\/aldeco_interiorfabrics\/<\/a><\/p>\n<p><a href=\"https:\/\/aldeco.pt\/staging\/product\/maison-in-outdoor\/?attribute_pa_aldeco-color=01-natural-white\">https:\/\/aldeco.pt\/staging\/product\/maison-in-outdoor\/?attribute_pa_aldeco-color=01-natural-white<\/a><\/p>\n<p>&nbsp;<\/p>\n","protected":false},"featured_media":156050,"template":"","meta":[],"product_brand":[],"product_cat":[6145],"product_tag":[],"class_list":{"0":"post-184811","1":"product","2":"type-product","3":"status-publish","4":"has-post-thumbnail","6":"product_cat-aldeco-2-pt-pt-2","7":"pa_cleanability-8282","8":"pa_composition-ext-100-pp-pt-pt","9":"pa_contract-fabrics-1-pt-pt","10":"pa_indoor-fabrics-1-pt-pt","11":"pa_interior-fabrics-1-pt-pt","12":"pa_line-tecidos","13":"pa_lithfastness-7-pt-pt","14":"pa_outdoor-outdoor","15":"pa_range-liso","16":"pa_rapport-vertical-11009","17":"pa_special-treatments-fabrics-1-pt-pt","20":"first","21":"instock","22":"purchasable","23":"product-type-variable"},"acf":[],"_links":{"self":[{"href":"https:\/\/staging.aldeco.pt\/pt-pt\/wp-json\/wp\/v2\/product\/184811","targetHints":{"allow":["GET"]}}],"collection":[{"href":"https:\/\/staging.aldeco.pt\/pt-pt\/wp-json\/wp\/v2\/product"}],"about":[{"href":"https:\/\/staging.aldeco.pt\/pt-pt\/wp-json\/wp\/v2\/types\/product"}],"version-history":[{"count":1,"href":"https:\/\/staging.aldeco.pt\/pt-pt\/wp-json\/wp\/v2\/product\/184811\/revisions"}],"predecessor-version":[{"id":193553,"href":"https:\/\/staging.aldeco.pt\/pt-pt\/wp-json\/wp\/v2\/product\/184811\/revisions\/193553"}],"wp:featuredmedia":[{"embeddable":true,"href":"https:\/\/staging.aldeco.pt\/pt-pt\/wp-json\/wp\/v2\/media\/156050"}],"wp:attachment":[{"href":"https:\/\/staging.aldeco.pt\/pt-pt\/wp-json\/wp\/v2\/media?parent=184811"}],"wp:term":[{"taxonomy":"product_brand","embeddable":true,"href":"https:\/\/staging.aldeco.pt\/pt-pt\/wp-json\/wp\/v2\/product_brand?post=184811"},{"taxonomy":"product_cat","embeddable":true,"href":"https:\/\/staging.aldeco.pt\/pt-pt\/wp-json\/wp\/v2\/product_cat?post=184811"},{"taxonomy":"product_tag","embeddable":true,"href":"https:\/\/staging.aldeco.pt\/pt-pt\/wp-json\/wp\/v2\/product_tag?post=184811"}],"curies":[{"name":"wp","href":"https:\/\/api.w.org\/{rel}","templated":true}]}}