{"id":184790,"date":"2024-05-09T20:58:52","date_gmt":"2024-05-09T20:58:52","guid":{"rendered":"https:\/\/aldeco.pt\/staging\/product\/makatea-wlb\/"},"modified":"2024-09-25T15:24:17","modified_gmt":"2024-09-25T15:24:17","slug":"makatea-wlb","status":"publish","type":"product","link":"https:\/\/staging.aldeco.pt\/pt-pt\/product\/makatea-wlb\/","title":{"rendered":"MAKATEA WLB"},"content":{"rendered":"<p>MAKATEA WLB \u00e9 um tecido sofisticado para cortinas com um visual minimalista. Apresentamos esta rede moderna com 300 cm de largura e fio de chumbo j\u00e1 inclu\u00eddo. Est\u00e1 dispon\u00edvel em 5 cores neutras.<\/p>\n","protected":false},"excerpt":{"rendered":"<p>MAKATEA WLB \u00e9 um tecido sofisticado para cortinas com um visual minimalista. Apresentamos esta rede moderna com 300 cm de largura e fio de chumbo j\u00e1 inclu\u00eddo. Est\u00e1 dispon\u00edvel em 5 cores neutras. <\/p>\n<h2>MAKATEA WLB \u00e9 um tecido sofisticado para cortinas com um visual minimalista. Apresentamos esta rede moderna com 300 cm de largura e fio de chumbo j\u00e1 inclu\u00eddo. Est\u00e1 dispon\u00edvel em 5 cores neutras.<\/h2>\n<p><img fetchpriority=\"high\" decoding=\"async\" class=\"alignnone wp-image-187615 size-medium\" src=\"https:\/\/aldeco.pt\/staging\/wp-content\/uploads\/2024\/01\/T192480001-4-300x200.jpg\" alt=\"Makatea Wlb - Aldeco\" width=\"300\" height=\"200\"><\/p>\n<p><a href=\"https:\/\/aldeco.pt\/staging\/product\/makatea-wlb\/?attribute_pa_aldeco-color=01-natural-white\">https:\/\/aldeco.pt\/staging\/product\/makatea-wlb\/?attribute_pa_aldeco-color=01-natural-white<\/a><a href=\"https:\/\/www.instagram.com\/aldeco_interiorfabrics\/\">https:\/\/www.instagram.com\/aldeco_interiorfabrics\/<\/a><\/p>\n","protected":false},"featured_media":159466,"template":"","meta":[],"product_brand":[],"product_cat":[6153],"product_tag":[],"class_list":{"0":"post-184790","1":"product","2":"type-product","3":"status-publish","4":"has-post-thumbnail","6":"product_cat-aldeco-smarter-pt-pt","7":"pa_cleanability-8282","8":"pa_composition-ext-100-pl-pt-pt","9":"pa_interior-fabrics-1-pt-pt","10":"pa_line-tecidos","11":"pa_lithfastness-5-pt-pt","12":"pa_outdoor-0-pt-pt","13":"pa_range-liso","14":"pa_range-rede","15":"pa_range-transparente","16":"pa_rapport-vertical-11009","19":"first","20":"instock","21":"purchasable","22":"product-type-variable"},"acf":[],"_links":{"self":[{"href":"https:\/\/staging.aldeco.pt\/pt-pt\/wp-json\/wp\/v2\/product\/184790","targetHints":{"allow":["GET"]}}],"collection":[{"href":"https:\/\/staging.aldeco.pt\/pt-pt\/wp-json\/wp\/v2\/product"}],"about":[{"href":"https:\/\/staging.aldeco.pt\/pt-pt\/wp-json\/wp\/v2\/types\/product"}],"version-history":[{"count":2,"href":"https:\/\/staging.aldeco.pt\/pt-pt\/wp-json\/wp\/v2\/product\/184790\/revisions"}],"predecessor-version":[{"id":200819,"href":"https:\/\/staging.aldeco.pt\/pt-pt\/wp-json\/wp\/v2\/product\/184790\/revisions\/200819"}],"wp:featuredmedia":[{"embeddable":true,"href":"https:\/\/staging.aldeco.pt\/pt-pt\/wp-json\/wp\/v2\/media\/159466"}],"wp:attachment":[{"href":"https:\/\/staging.aldeco.pt\/pt-pt\/wp-json\/wp\/v2\/media?parent=184790"}],"wp:term":[{"taxonomy":"product_brand","embeddable":true,"href":"https:\/\/staging.aldeco.pt\/pt-pt\/wp-json\/wp\/v2\/product_brand?post=184790"},{"taxonomy":"product_cat","embeddable":true,"href":"https:\/\/staging.aldeco.pt\/pt-pt\/wp-json\/wp\/v2\/product_cat?post=184790"},{"taxonomy":"product_tag","embeddable":true,"href":"https:\/\/staging.aldeco.pt\/pt-pt\/wp-json\/wp\/v2\/product_tag?post=184790"}],"curies":[{"name":"wp","href":"https:\/\/api.w.org\/{rel}","templated":true}]}}