{"id":184772,"date":"2024-05-09T20:58:07","date_gmt":"2024-05-09T20:58:07","guid":{"rendered":"https:\/\/aldeco.pt\/staging\/product\/mag-fr-wlb\/"},"modified":"2024-09-05T11:00:15","modified_gmt":"2024-09-05T11:00:15","slug":"mag-fr-wlb","status":"publish","type":"product","link":"https:\/\/staging.aldeco.pt\/pt-pt\/product\/mag-fr-wlb\/","title":{"rendered":"MAG FR WLB"},"content":{"rendered":"<p>MAG FR WLB \u00e9 um tecido de cortina muito leve e transparente. Este tecido com fio inerente ign\u00edfugo e 330 cm de largura \u00e9 ideal para os seus projectos mais exigentes, devido \u00e0s suas propriedades retardantes de chama. Este tecido est\u00e1 ainda dispon\u00edvel com fio de chumbo para uma ca\u00edda perfeita em 5 cores.<\/p>\n","protected":false},"excerpt":{"rendered":"<p>MAG FR WLB \u00e9 um tecido de cortina muito leve e transparente. Este tecido com fio inerente ign\u00edfugo e 330 cm de largura \u00e9 ideal para os seus projectos mais exigentes, devido \u00e0s suas propriedades retardantes de chama. Este tecido est\u00e1 ainda dispon\u00edvel com fio de chumbo para uma ca\u00edda perfeita em 5 cores.<\/p>\n<h2>MAG FR WLB \u00e9 um tecido de cortina muito leve e transparente. Este tecido com fio inerente ign\u00edfugo e 330 cm de largura \u00e9 ideal para os seus projectos mais exigentes, devido \u00e0s suas propriedades retardantes de chama. Este tecido est\u00e1 ainda dispon\u00edvel com fio de chumbo para uma ca\u00edda perfeita em 5 cores.<\/h2>\n<p><img fetchpriority=\"high\" decoding=\"async\" class=\"alignnone wp-image-187606 size-medium\" src=\"https:\/\/aldeco.pt\/staging\/wp-content\/uploads\/2024\/03\/T017750001-300x280.jpg\" alt=\"Mag FR - Aldeco\" width=\"300\" height=\"280\" \/><\/p>\n<p><a href=\"https:\/\/www.instagram.com\/aldeco_interiorfabrics\/\">https:\/\/www.instagram.com\/aldeco_interiorfabrics\/<\/a><a href=\"https:\/\/aldeco.pt\/staging\/product\/mag-fr-wlb\/?attribute_pa_aldeco-color=1-white\">https:\/\/aldeco.pt\/staging\/product\/mag-fr-wlb\/?attribute_pa_aldeco-color=1-white<\/a><\/p>\n<p>&nbsp;<\/p>\n","protected":false},"featured_media":136628,"template":"","meta":[],"product_brand":[],"product_cat":[6145],"product_tag":[],"class_list":{"0":"post-184772","1":"product","2":"type-product","3":"status-publish","4":"has-post-thumbnail","6":"product_cat-aldeco-2-pt-pt-2","7":"pa_cleanability-8282","8":"pa_composition-ext-100-pl-fr-pt-pt","9":"pa_composition-ext-48-pl-fr-52-trevira-cs-pt-pt","10":"pa_contract-fabrics-1-pt-pt","11":"pa_interior-fabrics-1-pt-pt","12":"pa_line-tecidos","13":"pa_lithfastness-4-5-pt-pt","14":"pa_outdoor-0-pt-pt","15":"pa_range-liso","16":"pa_range-transparente","17":"pa_rapport-vertical-11009","18":"pa_special-treatments-fabrics-1-pt-pt","21":"first","22":"instock","23":"purchasable","24":"product-type-variable"},"acf":[],"_links":{"self":[{"href":"https:\/\/staging.aldeco.pt\/pt-pt\/wp-json\/wp\/v2\/product\/184772","targetHints":{"allow":["GET"]}}],"collection":[{"href":"https:\/\/staging.aldeco.pt\/pt-pt\/wp-json\/wp\/v2\/product"}],"about":[{"href":"https:\/\/staging.aldeco.pt\/pt-pt\/wp-json\/wp\/v2\/types\/product"}],"version-history":[{"count":3,"href":"https:\/\/staging.aldeco.pt\/pt-pt\/wp-json\/wp\/v2\/product\/184772\/revisions"}],"predecessor-version":[{"id":200531,"href":"https:\/\/staging.aldeco.pt\/pt-pt\/wp-json\/wp\/v2\/product\/184772\/revisions\/200531"}],"wp:featuredmedia":[{"embeddable":true,"href":"https:\/\/staging.aldeco.pt\/pt-pt\/wp-json\/wp\/v2\/media\/136628"}],"wp:attachment":[{"href":"https:\/\/staging.aldeco.pt\/pt-pt\/wp-json\/wp\/v2\/media?parent=184772"}],"wp:term":[{"taxonomy":"product_brand","embeddable":true,"href":"https:\/\/staging.aldeco.pt\/pt-pt\/wp-json\/wp\/v2\/product_brand?post=184772"},{"taxonomy":"product_cat","embeddable":true,"href":"https:\/\/staging.aldeco.pt\/pt-pt\/wp-json\/wp\/v2\/product_cat?post=184772"},{"taxonomy":"product_tag","embeddable":true,"href":"https:\/\/staging.aldeco.pt\/pt-pt\/wp-json\/wp\/v2\/product_tag?post=184772"}],"curies":[{"name":"wp","href":"https:\/\/api.w.org\/{rel}","templated":true}]}}