{"id":184743,"date":"2024-05-09T20:56:16","date_gmt":"2024-05-09T20:56:16","guid":{"rendered":"https:\/\/aldeco.pt\/staging\/product\/lucie\/"},"modified":"2024-08-06T11:23:00","modified_gmt":"2024-08-06T11:23:00","slug":"lucie","status":"publish","type":"product","link":"https:\/\/staging.aldeco.pt\/pt-pt\/product\/lucie\/","title":{"rendered":"LUCIE"},"content":{"rendered":"<p>Lucie \u00e9 um tecido encorpado, com look natural e largura dupla. Lucie \u00e9 um deslumbrante tecido jacquard com desenhos chevron. Este tecido pode ser aplicado em cortinas, decora\u00e7\u00e3o e estofo ligeiro.<\/p>\n","protected":false},"excerpt":{"rendered":"<p>Lucie \u00e9 um tecido encorpado, com look natural e largura dupla. Este tecido \u00e9 um deslumbrante tecido jacquard com desenhos chevron. Este tecido pode ser aplicado em cortinas, decora\u00e7\u00e3o e estofo ligeiro.<\/p>\n<h2>Lucie \u00e9 um tecido encorpado, com look natural e largura dupla. Este tecido \u00e9 um deslumbrante tecido jacquard com desenhos chevron. Este tecido pode ser aplicado em cortinas, decora\u00e7\u00e3o e estofo ligeiro.<\/h2>\n<p><img fetchpriority=\"high\" decoding=\"async\" class=\"alignnone wp-image-182230 size-medium\" src=\"https:\/\/aldeco.pt\/staging\/wp-content\/uploads\/2024\/03\/T190240001-300x200.jpg\" alt=\"Lucie - Aldeco\" width=\"300\" height=\"200\"><\/p>\n<p><a href=\"https:\/\/www.instagram.com\/aldeco_interiorfabrics\/\">https:\/\/www.instagram.com\/aldeco_interiorfabrics\/<\/a><\/p>\n<p><a href=\"https:\/\/aldeco.pt\/staging\/product\/lucie\/?attribute_pa_aldeco-color=01-creamy\">https:\/\/aldeco.pt\/staging\/product\/lucie\/?attribute_pa_aldeco-color=01-creamy<\/a><\/p>\n<p>&nbsp;<\/p>\n","protected":false},"featured_media":159411,"template":"","meta":[],"product_brand":[],"product_cat":[6145],"product_tag":[],"class_list":{"0":"post-184743","1":"product","2":"type-product","3":"status-publish","4":"has-post-thumbnail","6":"product_cat-aldeco-2-pt-pt-2","7":"pa_cleanability-8282","8":"pa_composition-ext-29-47-pes-28-99-li-41-55-cv-pt-pt","9":"pa_interior-fabrics-1-pt-pt","10":"pa_line-tecidos","11":"pa_lithfastness-9680","12":"pa_outdoor-0-pt-pt","13":"pa_range-jacquard-pt-pt","14":"pa_rapport-horizontal-53-5-pt-pt","15":"pa_rapport-vertical-10-5-pt-pt","18":"first","19":"instock","20":"purchasable","21":"product-type-variable"},"acf":[],"_links":{"self":[{"href":"https:\/\/staging.aldeco.pt\/pt-pt\/wp-json\/wp\/v2\/product\/184743","targetHints":{"allow":["GET"]}}],"collection":[{"href":"https:\/\/staging.aldeco.pt\/pt-pt\/wp-json\/wp\/v2\/product"}],"about":[{"href":"https:\/\/staging.aldeco.pt\/pt-pt\/wp-json\/wp\/v2\/types\/product"}],"version-history":[{"count":1,"href":"https:\/\/staging.aldeco.pt\/pt-pt\/wp-json\/wp\/v2\/product\/184743\/revisions"}],"predecessor-version":[{"id":193491,"href":"https:\/\/staging.aldeco.pt\/pt-pt\/wp-json\/wp\/v2\/product\/184743\/revisions\/193491"}],"wp:featuredmedia":[{"embeddable":true,"href":"https:\/\/staging.aldeco.pt\/pt-pt\/wp-json\/wp\/v2\/media\/159411"}],"wp:attachment":[{"href":"https:\/\/staging.aldeco.pt\/pt-pt\/wp-json\/wp\/v2\/media?parent=184743"}],"wp:term":[{"taxonomy":"product_brand","embeddable":true,"href":"https:\/\/staging.aldeco.pt\/pt-pt\/wp-json\/wp\/v2\/product_brand?post=184743"},{"taxonomy":"product_cat","embeddable":true,"href":"https:\/\/staging.aldeco.pt\/pt-pt\/wp-json\/wp\/v2\/product_cat?post=184743"},{"taxonomy":"product_tag","embeddable":true,"href":"https:\/\/staging.aldeco.pt\/pt-pt\/wp-json\/wp\/v2\/product_tag?post=184743"}],"curies":[{"name":"wp","href":"https:\/\/api.w.org\/{rel}","templated":true}]}}