{"id":184734,"date":"2024-05-09T20:57:32","date_gmt":"2024-05-09T20:57:32","guid":{"rendered":"https:\/\/aldeco.pt\/staging\/product\/lumni\/"},"modified":"2024-08-06T11:22:58","modified_gmt":"2024-08-06T11:22:58","slug":"lumni","status":"publish","type":"product","link":"https:\/\/staging.aldeco.pt\/pt-pt\/product\/lumni\/","title":{"rendered":"LUMNI"},"content":{"rendered":"<p>A geometria do desenho \u00e9 obtida atrav\u00e9s da combina\u00e7\u00e3o entre a sofistica\u00e7\u00e3o do ouro e da prata obtido atrav\u00e9s dos brilhos nacarados e a naturalidade da trama com o efeito linho.<br \/>\nEncontra-se dispon\u00edvel em 4 cores.<\/p>\n","protected":false},"excerpt":{"rendered":"<p>A geometria do desenho \u00e9 obtida atrav\u00e9s da combina\u00e7\u00e3o entre a sofistica\u00e7\u00e3o do ouro e da prata obtido atrav\u00e9s dos brilhos nacarados e a naturalidade da trama com o efeito linho.<br \/>\nEncontra-se dispon\u00edvel em 4 cores.<\/p>\n<h2>Lumni, a geometria do desenho \u00e9 obtida atrav\u00e9s da combina\u00e7\u00e3o entre a sofistica\u00e7\u00e3o do ouro e da prata obtido atrav\u00e9s dos brilhos nacarados e a naturalidade da trama com o efeito linho.<br \/>\nEncontra-se dispon\u00edvel em 4 cores.<\/h2>\n<p><img fetchpriority=\"high\" decoding=\"async\" class=\"alignnone wp-image-182288 size-medium\" src=\"https:\/\/aldeco.pt\/staging\/wp-content\/uploads\/2024\/01\/T191360001-4-300x212.jpg\" alt=\"Lumni - Aldeco\" width=\"300\" height=\"212\"><\/p>\n<p><a href=\"https:\/\/www.instagram.com\/aldeco_interiorfabrics\/\">https:\/\/www.instagram.com\/aldeco_interiorfabrics\/<\/a><\/p>\n<p><a href=\"https:\/\/aldeco.pt\/staging\/product\/lumni\/?attribute_pa_aldeco-color=01-silver-white\">https:\/\/aldeco.pt\/staging\/product\/lumni\/?attribute_pa_aldeco-color=01-silver-white<\/a><\/p>\n","protected":false},"featured_media":159438,"template":"","meta":[],"product_brand":[],"product_cat":[6145],"product_tag":[],"class_list":{"0":"post-184734","1":"product","2":"type-product","3":"status-publish","4":"has-post-thumbnail","6":"product_cat-aldeco-2-pt-pt-2","7":"pa_cleanability-8282","8":"pa_composition-ext-100-pl-pt-pt","9":"pa_interior-fabrics-1-pt-pt","10":"pa_line-tecidos","11":"pa_lithfastness-5-pt-pt","12":"pa_outdoor-0-pt-pt","13":"pa_range-jacquard-pt-pt","14":"pa_rapport-horizontal-2-5-pt-pt","15":"pa_rapport-vertical-3-1-pt-pt","18":"first","19":"instock","20":"purchasable","21":"product-type-variable"},"acf":[],"_links":{"self":[{"href":"https:\/\/staging.aldeco.pt\/pt-pt\/wp-json\/wp\/v2\/product\/184734","targetHints":{"allow":["GET"]}}],"collection":[{"href":"https:\/\/staging.aldeco.pt\/pt-pt\/wp-json\/wp\/v2\/product"}],"about":[{"href":"https:\/\/staging.aldeco.pt\/pt-pt\/wp-json\/wp\/v2\/types\/product"}],"version-history":[{"count":1,"href":"https:\/\/staging.aldeco.pt\/pt-pt\/wp-json\/wp\/v2\/product\/184734\/revisions"}],"predecessor-version":[{"id":193500,"href":"https:\/\/staging.aldeco.pt\/pt-pt\/wp-json\/wp\/v2\/product\/184734\/revisions\/193500"}],"wp:featuredmedia":[{"embeddable":true,"href":"https:\/\/staging.aldeco.pt\/pt-pt\/wp-json\/wp\/v2\/media\/159438"}],"wp:attachment":[{"href":"https:\/\/staging.aldeco.pt\/pt-pt\/wp-json\/wp\/v2\/media?parent=184734"}],"wp:term":[{"taxonomy":"product_brand","embeddable":true,"href":"https:\/\/staging.aldeco.pt\/pt-pt\/wp-json\/wp\/v2\/product_brand?post=184734"},{"taxonomy":"product_cat","embeddable":true,"href":"https:\/\/staging.aldeco.pt\/pt-pt\/wp-json\/wp\/v2\/product_cat?post=184734"},{"taxonomy":"product_tag","embeddable":true,"href":"https:\/\/staging.aldeco.pt\/pt-pt\/wp-json\/wp\/v2\/product_tag?post=184734"}],"curies":[{"name":"wp","href":"https:\/\/api.w.org\/{rel}","templated":true}]}}